{"id":588,"date":"2022-06-11T22:31:46","date_gmt":"2022-06-11T20:31:46","guid":{"rendered":"https:\/\/www.bio-oberems.de\/?page_id=588"},"modified":"2022-12-07T22:08:26","modified_gmt":"2022-12-07T21:08:26","slug":"publikationen","status":"publish","type":"page","link":"https:\/\/www.bio-oberems.de\/index.php\/publikationen\/","title":{"rendered":"Publikationen"},"content":{"rendered":"\t\t<div data-elementor-type=\"wp-page\" data-elementor-id=\"588\" class=\"elementor elementor-588\">\n\t\t\t\t\t\t\t\t\t<section class=\"elementor-section elementor-top-section elementor-element elementor-element-1c0c168 elementor-section-boxed elementor-section-height-default elementor-section-height-default\" data-id=\"1c0c168\" data-element_type=\"section\">\n\t\t\t\t\t\t<div class=\"elementor-container elementor-column-gap-default\">\n\t\t\t\t\t<div class=\"elementor-column elementor-col-100 elementor-top-column elementor-element elementor-element-bef436b\" data-id=\"bef436b\" data-element_type=\"column\">\n\t\t\t<div class=\"elementor-widget-wrap elementor-element-populated\">\n\t\t\t\t\t\t\t\t<div class=\"elementor-element elementor-element-dcc726d elementor-widget elementor-widget-heading\" data-id=\"dcc726d\" data-element_type=\"widget\" data-widget_type=\"heading.default\">\n\t\t\t\t<div class=\"elementor-widget-container\">\n\t\t\t<style>\/*! elementor - v3.11.5 - 14-03-2023 *\/\n.elementor-heading-title{padding:0;margin:0;line-height:1}.elementor-widget-heading .elementor-heading-title[class*=elementor-size-]>a{color:inherit;font-size:inherit;line-height:inherit}.elementor-widget-heading .elementor-heading-title.elementor-size-small{font-size:15px}.elementor-widget-heading .elementor-heading-title.elementor-size-medium{font-size:19px}.elementor-widget-heading .elementor-heading-title.elementor-size-large{font-size:29px}.elementor-widget-heading .elementor-heading-title.elementor-size-xl{font-size:39px}.elementor-widget-heading .elementor-heading-title.elementor-size-xxl{font-size:59px}<\/style><h1 class=\"elementor-heading-title elementor-size-default\">Lesenswerte Publikationen<\/h1>\t\t<\/div>\n\t\t\t\t<\/div>\n\t\t\t\t\t<\/div>\n\t\t<\/div>\n\t\t\t\t\t\t\t<\/div>\n\t\t<\/section>\n\t\t\t\t<section class=\"elementor-section elementor-top-section elementor-element elementor-element-11111d6 elementor-section-boxed elementor-section-height-default elementor-section-height-default\" data-id=\"11111d6\" data-element_type=\"section\">\n\t\t\t\t\t\t<div class=\"elementor-container elementor-column-gap-default\">\n\t\t\t\t\t<div class=\"elementor-column elementor-col-100 elementor-top-column elementor-element elementor-element-2a15b2b\" data-id=\"2a15b2b\" data-element_type=\"column\">\n\t\t\t<div class=\"elementor-widget-wrap elementor-element-populated\">\n\t\t\t\t\t\t\t\t<div class=\"elementor-element elementor-element-ae0825c elementor-widget elementor-widget-heading\" data-id=\"ae0825c\" data-element_type=\"widget\" data-widget_type=\"heading.default\">\n\t\t\t\t<div class=\"elementor-widget-container\">\n\t\t\t<h3 class=\"elementor-heading-title elementor-size-default\">Informationen zum Thema regionaler Fl\u00e4chennutzungsplan (RegFNP)<\/h3>\t\t<\/div>\n\t\t\t\t<\/div>\n\t\t\t\t<div class=\"elementor-element elementor-element-85d6951 elementor-widget elementor-widget-text-editor\" data-id=\"85d6951\" data-element_type=\"widget\" data-widget_type=\"text-editor.default\">\n\t\t\t\t<div class=\"elementor-widget-container\">\n\t\t\t<style>\/*! elementor - v3.11.5 - 14-03-2023 *\/\n.elementor-widget-text-editor.elementor-drop-cap-view-stacked .elementor-drop-cap{background-color:#818a91;color:#fff}.elementor-widget-text-editor.elementor-drop-cap-view-framed .elementor-drop-cap{color:#818a91;border:3px solid;background-color:transparent}.elementor-widget-text-editor:not(.elementor-drop-cap-view-default) .elementor-drop-cap{margin-top:8px}.elementor-widget-text-editor:not(.elementor-drop-cap-view-default) .elementor-drop-cap-letter{width:1em;height:1em}.elementor-widget-text-editor .elementor-drop-cap{float:left;text-align:center;line-height:1;font-size:50px}.elementor-widget-text-editor .elementor-drop-cap-letter{display:inline-block}<\/style>\t\t\t\t<ul><li>08.04.2022 &#8211; Region FrankfurtRheinMain: <a href=\"https:\/\/www.region-frankfurt.de\/Kurzmen%C3%BC\/Startseite\/Region-bietet-noch-viele-unbebaute-Potenzialfl%C3%A4chen-f%C3%BCr-Wohnbau-und-Gewerbe.php?object=tx,3255.5&amp;ModID=7&amp;FID=3255.874.1\" target=\"_blank\" rel=\"noopener\">Fl\u00e4chenmonitoring<\/a>\u00a0 (<a href=\"https:\/\/www.region-frankfurt.de\/output\/download.php?fid=3255.1914.1.PDF\" target=\"_blank\" rel=\"noopener\">Brosch\u00fcre als PDF<\/a>)<\/li><\/ul>\t\t\t\t\t\t<\/div>\n\t\t\t\t<\/div>\n\t\t\t\t<div class=\"elementor-element elementor-element-7370925 elementor-widget elementor-widget-heading\" data-id=\"7370925\" data-element_type=\"widget\" data-widget_type=\"heading.default\">\n\t\t\t\t<div class=\"elementor-widget-container\">\n\t\t\t<h3 class=\"elementor-heading-title elementor-size-default\">Informationen zum benachbarten Thema Wasserknappheit&nbsp;\u2013 oder warum Oberems sein Wasser erhalten will<\/h3>\t\t<\/div>\n\t\t\t\t<\/div>\n\t\t\t\t<div class=\"elementor-element elementor-element-581bebd elementor-widget elementor-widget-text-editor\" data-id=\"581bebd\" data-element_type=\"widget\" data-widget_type=\"text-editor.default\">\n\t\t\t\t<div class=\"elementor-widget-container\">\n\t\t\t\t\t\t\t<ul><li>04.06.2022 &#8211; Frankfurter Allgemeine Zeitung &#8211; Wasserknappheit im Taunus: <a href=\"https:\/\/www.faz.net\/aktuell\/rhein-main\/region-und-hessen\/wasserknappheit-in-kronberg-und-koenigstein-18080370.html\" target=\"_blank\" rel=\"noopener\">Der hei\u00dfe Mai hat die Wasserspeicher geleert<\/a><\/li><li>18.05.2022 &#8211; Taunus Nachrichten &#8211; Kronberger Bote &#8211; Kronberg Wasserampel auf \u201eGelb\u201c: <a href=\"https:\/\/www.taunus-nachrichten.de\/kronberg\/nachrichten\/kronberg\/wasserampel-gelb-verbrauch-liegt-ueber-4000er-marke-id121427.html\" target=\"_blank\" rel=\"noopener\">Verbrauch liegt \u00fcber der 4000er Marke<\/a><\/li><li>18.05.2022 &#8211; hessenschau &#8211; Wasserknappheit: <a href=\"https:\/\/www.hessenschau.de\/panorama\/wasserknappheit-stadt-koenigstein-liest-buergern-die-leviten,koenigstein-trinkwasserknappheit-100.html\" target=\"_blank\" rel=\"noopener\">Stadt K\u00f6nigstein liest B\u00fcrgern die Leviten<\/a><\/li><li>24.04.2022 &#8211; Frankfurter Neue Presse: <a href=\"https:\/\/www.fnp.de\/lokales\/hochtaunus\/wasserampel-steht-auf-gelb-91498297.html\" target=\"_blank\" rel=\"noopener\">Wasserampel steht auf \u201eGelb\u201c<\/a> (hier: in Schmitten)<\/li><\/ul>\t\t\t\t\t\t<\/div>\n\t\t\t\t<\/div>\n\t\t\t\t<div class=\"elementor-element elementor-element-ad631f4 elementor-widget elementor-widget-heading\" data-id=\"ad631f4\" data-element_type=\"widget\" data-widget_type=\"heading.default\">\n\t\t\t\t<div class=\"elementor-widget-container\">\n\t\t\t<h3 class=\"elementor-heading-title elementor-size-default\">Informationen zum benachbarten Thema Klimawechsel, Grundwasser und Starkregen&nbsp;\u2013 oder warum Oberems Ma\u00dfnahmen zum Wassererhalt braucht (statt Fl\u00e4chenversiegelung)<\/h3>\t\t<\/div>\n\t\t\t\t<\/div>\n\t\t\t\t<div class=\"elementor-element elementor-element-1973990 elementor-widget elementor-widget-text-editor\" data-id=\"1973990\" data-element_type=\"widget\" data-widget_type=\"text-editor.default\">\n\t\t\t\t<div class=\"elementor-widget-container\">\n\t\t\t\t\t\t\t<ul><li>Land Hessen &#8211; <a href=\"https:\/\/www.hlnug.de\/fileadmin\/dokumente\/wasser\/jahresberichte\/hlnug-gewaesserkundlicher-jahresbericht-2020.pdf\" target=\"_blank\" rel=\"noopener\">Gew\u00e4sserkundlicher Jahresbericht<\/a> 2020 (Witterung, Oberfl\u00e4chengew\u00e4sser, Grundwasser)<\/li><li>Land Hessen &#8211; <a href=\"https:\/\/www.hlnug.de\/themen\/klimawandel-und-anpassung\/projekte\/klimprax-projekte\/starkregen-hinweiskarte\" target=\"_blank\" rel=\"noopener\">Starkregen-Hinweiskarte<\/a> (ohne Datum) &#8211; und hier ein <a href=\"https:\/\/www.hlnug.de\/fileadmin\/dokumente\/klima\/klimprax\/starkregen\/Starkregen-Hinweiskarte_Hessen.pdf\" target=\"_blank\" rel=\"noopener\">hochaufl\u00f6sendes PDF Dokument<\/a>, das Glash\u00fctten als erh\u00f6ht gef\u00e4hrdet ausweist.<\/li><\/ul>\t\t\t\t\t\t<\/div>\n\t\t\t\t<\/div>\n\t\t\t\t<div class=\"elementor-element elementor-element-cd86813 elementor-widget elementor-widget-heading\" data-id=\"cd86813\" data-element_type=\"widget\" data-widget_type=\"heading.default\">\n\t\t\t\t<div class=\"elementor-widget-container\">\n\t\t\t<h3 class=\"elementor-heading-title elementor-size-default\">Informationen zum Gewerbegebieten in anderen Orten&nbsp;\u2013 oder \u201eOberems ist nicht allein!\u201c<\/h3>\t\t<\/div>\n\t\t\t\t<\/div>\n\t\t\t\t<div class=\"elementor-element elementor-element-0d67032 elementor-widget elementor-widget-text-editor\" data-id=\"0d67032\" data-element_type=\"widget\" data-widget_type=\"text-editor.default\">\n\t\t\t\t<div class=\"elementor-widget-container\">\n\t\t\t\t\t\t\t<ul><li>27.11.2022 &#8211; <a href=\"https:\/\/wetteraukreis.bund.net\/logistikzentren-in-der-wetterau\/logistikgebiet-limes-limeshainhammersbachbuedingen\/\" target=\"_blank\" rel=\"noopener\">BUND Hessen vor Gericht erfolgreich gegen die Erweiterung des Logistikgebietes &#8222;Limes&#8220; in Hammersbach<\/a> (dar\u00fcber berichtet auch die <a href=\"https:\/\/www.faz.net\/aktuell\/rhein-main\/region-und-hessen\/bauarbeiten-fuer-logistikhalle-im-gewerbegebiet-limes-ruhen-18497392.html\" target=\"_blank\" rel=\"noopener\">FAZ<\/a>)<\/li><li>11.05.2022 &#8211; NGZ Online: <a href=\"https:\/\/rp-online.de\/nrw\/staedte\/juechen\/tausende-buerger-wehren-sich-gegen-das-geplante-gewerbegebiet-sasserath_aid-69139661\" target=\"_blank\" rel=\"noopener\">Gewerbegebiet Sasserath &#8211; Tausende B\u00fcrger gegen das Gewerbegebiet<\/a><\/li><li>23.03.2022 &#8211; Frankfurter Neue Presse: <a href=\"https:\/\/www.fnp.de\/lokales\/hochtaunus\/buergerinitiative-gegen-merzhaeuser-baugebiet-gegruendet-91428775.html\" target=\"_blank\" rel=\"noopener\">B\u00fcrgerinitiative gegen Merzh\u00e4user Baugebiet gegr\u00fcndet<\/a><\/li><\/ul>\t\t\t\t\t\t<\/div>\n\t\t\t\t<\/div>\n\t\t\t\t\t<\/div>\n\t\t<\/div>\n\t\t\t\t\t\t\t<\/div>\n\t\t<\/section>\n\t\t\t\t\t\t\t<\/div>\n\t\t","protected":false},"excerpt":{"rendered":"<p>Lesenswerte Publikationen Informationen zum Thema regionaler Fl\u00e4chennutzungsplan (RegFNP) 08.04.2022 &#8211; Region FrankfurtRheinMain: Fl\u00e4chenmonitoring\u00a0 (Brosch\u00fcre als PDF) Informationen zum benachbarten Thema Wasserknappheit&nbsp;\u2013 oder warum Oberems sein Wasser erhalten will 04.06.2022 &#8211; Frankfurter Allgemeine Zeitung &#8211; Wasserknappheit im Taunus: Der hei\u00dfe Mai hat die Wasserspeicher geleert 18.05.2022 &#8211; Taunus Nachrichten &#8211; Kronberger Bote &#8211; Kronberg Wasserampel auf &hellip;<\/p>\n<p class=\"read-more\"> <a class=\"\" href=\"https:\/\/www.bio-oberems.de\/index.php\/publikationen\/\"> <span class=\"screen-reader-text\">Publikationen<\/span> Weiterlesen &raquo;<\/a><\/p>\n","protected":false},"author":8,"featured_media":0,"parent":0,"menu_order":0,"comment_status":"closed","ping_status":"closed","template":"","meta":{"site-sidebar-layout":"no-sidebar","site-content-layout":"page-builder","ast-global-header-display":"","ast-main-header-display":"","ast-hfb-above-header-display":"","ast-hfb-below-header-display":"","ast-hfb-mobile-header-display":"","site-post-title":"disabled","ast-breadcrumbs-content":"","ast-featured-img":"disabled","footer-sml-layout":"","theme-transparent-header-meta":"","adv-header-id-meta":"","stick-header-meta":"","header-above-stick-meta":"","header-main-stick-meta":"","header-below-stick-meta":"","footnotes":""},"class_list":["post-588","page","type-page","status-publish","hentry"],"_links":{"self":[{"href":"https:\/\/www.bio-oberems.de\/index.php\/wp-json\/wp\/v2\/pages\/588","targetHints":{"allow":["GET"]}}],"collection":[{"href":"https:\/\/www.bio-oberems.de\/index.php\/wp-json\/wp\/v2\/pages"}],"about":[{"href":"https:\/\/www.bio-oberems.de\/index.php\/wp-json\/wp\/v2\/types\/page"}],"author":[{"embeddable":true,"href":"https:\/\/www.bio-oberems.de\/index.php\/wp-json\/wp\/v2\/users\/8"}],"replies":[{"embeddable":true,"href":"https:\/\/www.bio-oberems.de\/index.php\/wp-json\/wp\/v2\/comments?post=588"}],"version-history":[{"count":139,"href":"https:\/\/www.bio-oberems.de\/index.php\/wp-json\/wp\/v2\/pages\/588\/revisions"}],"predecessor-version":[{"id":3347,"href":"https:\/\/www.bio-oberems.de\/index.php\/wp-json\/wp\/v2\/pages\/588\/revisions\/3347"}],"wp:attachment":[{"href":"https:\/\/www.bio-oberems.de\/index.php\/wp-json\/wp\/v2\/media?parent=588"}],"curies":[{"name":"wp","href":"https:\/\/api.w.org\/{rel}","templated":true}]}}