{"id":503,"date":"2022-06-11T19:44:01","date_gmt":"2022-06-11T17:44:01","guid":{"rendered":"https:\/\/www.bio-oberems.de\/?page_id=503"},"modified":"2025-10-25T11:22:36","modified_gmt":"2025-10-25T09:22:36","slug":"datenschutz","status":"publish","type":"page","link":"https:\/\/www.bio-oberems.de\/index.php\/datenschutz\/","title":{"rendered":"Datenschutz"},"content":{"rendered":"\t\t<div data-elementor-type=\"wp-page\" data-elementor-id=\"503\" class=\"elementor elementor-503\">\n\t\t\t\t\t\t\t\t\t<section class=\"elementor-section elementor-top-section elementor-element elementor-element-4e0c5de elementor-section-boxed elementor-section-height-default elementor-section-height-default\" data-id=\"4e0c5de\" data-element_type=\"section\">\n\t\t\t\t\t\t<div class=\"elementor-container elementor-column-gap-default\">\n\t\t\t\t\t<div class=\"elementor-column elementor-col-100 elementor-top-column elementor-element elementor-element-1555035\" data-id=\"1555035\" data-element_type=\"column\">\n\t\t\t<div class=\"elementor-widget-wrap elementor-element-populated\">\n\t\t\t\t\t\t\t\t<div class=\"elementor-element elementor-element-f0a9d0d elementor-widget elementor-widget-heading\" data-id=\"f0a9d0d\" data-element_type=\"widget\" data-widget_type=\"heading.default\">\n\t\t\t\t<div class=\"elementor-widget-container\">\n\t\t\t<style>\/*! elementor - v3.11.5 - 14-03-2023 *\/\n.elementor-heading-title{padding:0;margin:0;line-height:1}.elementor-widget-heading .elementor-heading-title[class*=elementor-size-]>a{color:inherit;font-size:inherit;line-height:inherit}.elementor-widget-heading .elementor-heading-title.elementor-size-small{font-size:15px}.elementor-widget-heading .elementor-heading-title.elementor-size-medium{font-size:19px}.elementor-widget-heading .elementor-heading-title.elementor-size-large{font-size:29px}.elementor-widget-heading .elementor-heading-title.elementor-size-xl{font-size:39px}.elementor-widget-heading .elementor-heading-title.elementor-size-xxl{font-size:59px}<\/style><h1 class=\"elementor-heading-title elementor-size-default\">Datenschutzrechtliche Hinweise<\/h1>\t\t<\/div>\n\t\t\t\t<\/div>\n\t\t\t\t\t<\/div>\n\t\t<\/div>\n\t\t\t\t\t\t\t<\/div>\n\t\t<\/section>\n\t\t\t\t<section class=\"elementor-section elementor-top-section elementor-element elementor-element-7a451c6 elementor-section-boxed elementor-section-height-default elementor-section-height-default\" data-id=\"7a451c6\" data-element_type=\"section\">\n\t\t\t\t\t\t<div class=\"elementor-container elementor-column-gap-default\">\n\t\t\t\t\t<div class=\"elementor-column elementor-col-100 elementor-top-column elementor-element elementor-element-efb9fbe\" data-id=\"efb9fbe\" data-element_type=\"column\">\n\t\t\t<div class=\"elementor-widget-wrap elementor-element-populated\">\n\t\t\t\t\t\t\t\t<div class=\"elementor-element elementor-element-2304151 elementor-widget elementor-widget-text-editor\" data-id=\"2304151\" data-element_type=\"widget\" data-widget_type=\"text-editor.default\">\n\t\t\t\t<div class=\"elementor-widget-container\">\n\t\t\t<style>\/*! elementor - v3.11.5 - 14-03-2023 *\/\n.elementor-widget-text-editor.elementor-drop-cap-view-stacked .elementor-drop-cap{background-color:#818a91;color:#fff}.elementor-widget-text-editor.elementor-drop-cap-view-framed .elementor-drop-cap{color:#818a91;border:3px solid;background-color:transparent}.elementor-widget-text-editor:not(.elementor-drop-cap-view-default) .elementor-drop-cap{margin-top:8px}.elementor-widget-text-editor:not(.elementor-drop-cap-view-default) .elementor-drop-cap-letter{width:1em;height:1em}.elementor-widget-text-editor .elementor-drop-cap{float:left;text-align:center;line-height:1;font-size:50px}.elementor-widget-text-editor .elementor-drop-cap-letter{display:inline-block}<\/style>\t\t\t\t<p>1. <strong>Verantwortliche<\/strong> im Sinne von <strong>Art. 4 Nr. 7 DSGVO<\/strong> f\u00fcr die Verarbeitung Ihrer personenbezogenen Daten ist Herr Dirk Trippe, Am Eichpfad 3, 61479 Glash\u00fctten, <a href=\"mailto:kontakt@bio-oberems.de\">kontakt@bio-oberems.de<\/a><\/p><p>2. Bei der Nutzung der Website erheben wir lediglich die personenbezogenen Daten von Ihnen, die von Ihrem Browser an uns \u00fcbermittelt werden und technisch erforderlich sind, um Ihnen unsere Website richtig anzuzeigen und die Stabilit\u00e4t, Geschwindigkeit und Sicherheit der Webseite zu gew\u00e4hrleisten. Diese personenbezogenen Daten erheben wir auf der Rechtsgrundlage des <strong>Art. 6 Abs. 1 (f) DSGVO<\/strong> (insbesondere Ihre IP-Adresse sowie Informationen zu dem Webseitenzugriff und dem verwendeten Browser und Betriebssystem). Nach Beendigung des Besuches unserer Webseite werden diese Daten nach sieben Tagen gel\u00f6scht.<\/p><p>3. Ihre Rechte<br \/>Als von der Verarbeitung personenbezogener Daten Betroffener haben Sie folgende Rechte:<br \/>Gem. Art. 15 DSGVO haben Sie das Recht, jederzeit <span style=\"text-decoration: underline;\">Auskunft<\/span> \u00fcber die bei uns \u00fcber Sie gespeicherten personenbezogenen Daten und weitere Informationen zu verlangen sowie gem. Art. 16 DSGVO bei Unrichtigkeit bzw. Unvollst\u00e4ndigkeit dieser Daten deren <span style=\"text-decoration: underline;\">Berichtigung oder Vervollst\u00e4ndigung<\/span> zu fordern.<br \/>Bei unzul\u00e4ssiger Datenspeicherung k\u00f6nnen Sie zudem gem. Art. 17, 18 DSGVO die <span style=\"text-decoration: underline;\">L\u00f6schung bzw. Einschr\u00e4nkung der Verarbeitung<\/span> Ihrer personenbezogenen Daten fordern.<br \/>Ferner haben Sie gem. Art. 20 DSGVO das Recht auf Herausgabe der von Ihnen bereitgestellten Daten in einem strukturierten, g\u00e4ngigen und maschinenlesbaren Format (<span style=\"text-decoration: underline;\">Recht auf Daten\u00fcbertragbarkeit<\/span>), sofern die Verarbeitung auf einer Einwilligung oder auf einem Vertrag beruht und mithilfe automatisierter Verfahren erfolgt.<br \/>Schlie\u00dflich steht Ihnen gem. Art. 77 DSGVO das Recht zu, sich bei Verst\u00f6\u00dfen gegen die DSGVO bei der zust\u00e4ndigen Datenschutz-Aufsichtsbeh\u00f6rde \u00fcber die Verarbeitung Ihrer personenbezogenen Daten durch uns zu <span style=\"text-decoration: underline;\">beschweren<\/span>.<br \/>Diese Beschwerde kann u.a. bei dem Hessischen Datenschutzbeauftragten, Gustav-Stresemann-Ring 1 in 65189 Wiesbaden als der am Ort des mutma\u00dflichen Versto\u00dfes zust\u00e4ndigen Aufsichtsbeh\u00f6rde eingelegt werden.<\/p>\t\t\t\t\t\t<\/div>\n\t\t\t\t<\/div>\n\t\t\t\t\t<\/div>\n\t\t<\/div>\n\t\t\t\t\t\t\t<\/div>\n\t\t<\/section>\n\t\t\t\t\t\t\t<\/div>\n\t\t","protected":false},"excerpt":{"rendered":"<p>Datenschutzrechtliche Hinweise 1. Verantwortliche im Sinne von Art. 4 Nr. 7 DSGVO f\u00fcr die Verarbeitung Ihrer personenbezogenen Daten ist Herr Dirk Trippe, Am Eichpfad 3, 61479 Glash\u00fctten, kontakt@bio-oberems.de 2. Bei der Nutzung der Website erheben wir lediglich die personenbezogenen Daten von Ihnen, die von Ihrem Browser an uns \u00fcbermittelt werden und technisch erforderlich sind, um &hellip;<\/p>\n<p class=\"read-more\"> <a class=\"\" href=\"https:\/\/www.bio-oberems.de\/index.php\/datenschutz\/\"> <span class=\"screen-reader-text\">Datenschutz<\/span> Weiterlesen &raquo;<\/a><\/p>\n","protected":false},"author":8,"featured_media":0,"parent":0,"menu_order":0,"comment_status":"closed","ping_status":"closed","template":"","meta":{"site-sidebar-layout":"no-sidebar","site-content-layout":"page-builder","ast-global-header-display":"","ast-main-header-display":"","ast-hfb-above-header-display":"","ast-hfb-below-header-display":"","ast-hfb-mobile-header-display":"","site-post-title":"disabled","ast-breadcrumbs-content":"","ast-featured-img":"disabled","footer-sml-layout":"","theme-transparent-header-meta":"","adv-header-id-meta":"","stick-header-meta":"","header-above-stick-meta":"","header-main-stick-meta":"","header-below-stick-meta":"","footnotes":""},"class_list":["post-503","page","type-page","status-publish","hentry"],"_links":{"self":[{"href":"https:\/\/www.bio-oberems.de\/index.php\/wp-json\/wp\/v2\/pages\/503","targetHints":{"allow":["GET"]}}],"collection":[{"href":"https:\/\/www.bio-oberems.de\/index.php\/wp-json\/wp\/v2\/pages"}],"about":[{"href":"https:\/\/www.bio-oberems.de\/index.php\/wp-json\/wp\/v2\/types\/page"}],"author":[{"embeddable":true,"href":"https:\/\/www.bio-oberems.de\/index.php\/wp-json\/wp\/v2\/users\/8"}],"replies":[{"embeddable":true,"href":"https:\/\/www.bio-oberems.de\/index.php\/wp-json\/wp\/v2\/comments?post=503"}],"version-history":[{"count":48,"href":"https:\/\/www.bio-oberems.de\/index.php\/wp-json\/wp\/v2\/pages\/503\/revisions"}],"predecessor-version":[{"id":4126,"href":"https:\/\/www.bio-oberems.de\/index.php\/wp-json\/wp\/v2\/pages\/503\/revisions\/4126"}],"wp:attachment":[{"href":"https:\/\/www.bio-oberems.de\/index.php\/wp-json\/wp\/v2\/media?parent=503"}],"curies":[{"name":"wp","href":"https:\/\/api.w.org\/{rel}","templated":true}]}}