{"id":457,"date":"2022-06-11T18:55:58","date_gmt":"2022-06-11T16:55:58","guid":{"rendered":"https:\/\/www.bio-oberems.de\/?page_id=457"},"modified":"2025-12-09T22:28:10","modified_gmt":"2025-12-09T21:28:10","slug":"mitglied-werden-bei-b-i-o","status":"publish","type":"page","link":"https:\/\/www.bio-oberems.de\/index.php\/mitglied-werden-bei-b-i-o\/","title":{"rendered":"Mitglied werden bei B.I.O."},"content":{"rendered":"\t\t<div data-elementor-type=\"wp-page\" data-elementor-id=\"457\" class=\"elementor elementor-457\">\n\t\t\t\t\t\t\t\t\t<section class=\"elementor-section elementor-top-section elementor-element elementor-element-eaaa972 elementor-section-boxed elementor-section-height-default elementor-section-height-default\" data-id=\"eaaa972\" data-element_type=\"section\">\n\t\t\t\t\t\t<div class=\"elementor-container elementor-column-gap-default\">\n\t\t\t\t\t<div class=\"elementor-column elementor-col-100 elementor-top-column elementor-element elementor-element-149a580\" data-id=\"149a580\" data-element_type=\"column\">\n\t\t\t<div class=\"elementor-widget-wrap elementor-element-populated\">\n\t\t\t\t\t\t\t\t<div class=\"elementor-element elementor-element-dbe6d5c elementor-widget elementor-widget-heading\" data-id=\"dbe6d5c\" data-element_type=\"widget\" data-widget_type=\"heading.default\">\n\t\t\t\t<div class=\"elementor-widget-container\">\n\t\t\t<style>\/*! elementor - v3.11.5 - 14-03-2023 *\/\n.elementor-heading-title{padding:0;margin:0;line-height:1}.elementor-widget-heading .elementor-heading-title[class*=elementor-size-]>a{color:inherit;font-size:inherit;line-height:inherit}.elementor-widget-heading .elementor-heading-title.elementor-size-small{font-size:15px}.elementor-widget-heading .elementor-heading-title.elementor-size-medium{font-size:19px}.elementor-widget-heading .elementor-heading-title.elementor-size-large{font-size:29px}.elementor-widget-heading .elementor-heading-title.elementor-size-xl{font-size:39px}.elementor-widget-heading .elementor-heading-title.elementor-size-xxl{font-size:59px}<\/style><h1 class=\"elementor-heading-title elementor-size-default\">Danke, dass Sie Mitglied bei B.I.O. werden m\u00f6chten. <br>\nWir brauchen Ihre Unterst\u00fctzung<\/h1>\t\t<\/div>\n\t\t\t\t<\/div>\n\t\t\t\t\t<\/div>\n\t\t<\/div>\n\t\t\t\t\t\t\t<\/div>\n\t\t<\/section>\n\t\t\t\t<section class=\"elementor-section elementor-top-section elementor-element elementor-element-21ceb6d elementor-section-boxed elementor-section-height-default elementor-section-height-default\" data-id=\"21ceb6d\" data-element_type=\"section\">\n\t\t\t\t\t\t<div class=\"elementor-container elementor-column-gap-default\">\n\t\t\t\t\t<div class=\"elementor-column elementor-col-100 elementor-top-column elementor-element elementor-element-9381eac\" data-id=\"9381eac\" data-element_type=\"column\">\n\t\t\t<div class=\"elementor-widget-wrap elementor-element-populated\">\n\t\t\t\t\t\t\t\t<div class=\"elementor-element elementor-element-61d54ab elementor-widget elementor-widget-text-editor\" data-id=\"61d54ab\" data-element_type=\"widget\" data-widget_type=\"text-editor.default\">\n\t\t\t\t<div class=\"elementor-widget-container\">\n\t\t\t<style>\/*! elementor - v3.11.5 - 14-03-2023 *\/\n.elementor-widget-text-editor.elementor-drop-cap-view-stacked .elementor-drop-cap{background-color:#818a91;color:#fff}.elementor-widget-text-editor.elementor-drop-cap-view-framed .elementor-drop-cap{color:#818a91;border:3px solid;background-color:transparent}.elementor-widget-text-editor:not(.elementor-drop-cap-view-default) .elementor-drop-cap{margin-top:8px}.elementor-widget-text-editor:not(.elementor-drop-cap-view-default) .elementor-drop-cap-letter{width:1em;height:1em}.elementor-widget-text-editor .elementor-drop-cap{float:left;text-align:center;line-height:1;font-size:50px}.elementor-widget-text-editor .elementor-drop-cap-letter{display:inline-block}<\/style>\t\t\t\t<p>Gemeinsam sind wir stark.<\/p><p>Hier k\u00f6nnen Sie <a href=\"https:\/\/www.bio-oberems.de\/wp-content\/uploads\/2024\/03\/Satzung-BIO-Fassung-06.03.24.pdf\">unsere Satzung<\/a> und unseren <a href=\"https:\/\/www.bio-oberems.de\/wp-content\/uploads\/2025\/12\/Mitgliedsantrag.pdf\">Mitgliedsantrag<\/a>\u00a0herunterladen.<\/p><ul><li>Schreiben Sie uns eine E-Mail, dass Ihr Mitgliedsantrag zum Abholen bereit ist. Wir kommen gern vorbei.<\/li><li>Senden Sie ihn per Post an: B.I.O. B\u00fcrgerinitiative Oberems, Am Eichpfad 3 in 61479 Oberems<\/li><li>Geben Sie ihn pers\u00f6nlich ab.<\/li><li>Fotografieren \/ Scannen Sie das Dokument und senden Sie die Datei an <a href=\"mailto:kontakt@bio-oberems.de\" target=\"_blank\" rel=\"noopener\">kontakt@bio-oberems.de<\/a><\/li><\/ul><p>Wir freuen uns auf Euch<\/p>\t\t\t\t\t\t<\/div>\n\t\t\t\t<\/div>\n\t\t\t\t\t<\/div>\n\t\t<\/div>\n\t\t\t\t\t\t\t<\/div>\n\t\t<\/section>\n\t\t\t\t\t\t\t<\/div>\n\t\t","protected":false},"excerpt":{"rendered":"<p>Danke, dass Sie Mitglied bei B.I.O. werden m\u00f6chten. Wir brauchen Ihre Unterst\u00fctzung Gemeinsam sind wir stark. Hier k\u00f6nnen Sie unsere Satzung und unseren Mitgliedsantrag\u00a0herunterladen. Schreiben Sie uns eine E-Mail, dass Ihr Mitgliedsantrag zum Abholen bereit ist. Wir kommen gern vorbei. Senden Sie ihn per Post an: B.I.O. B\u00fcrgerinitiative Oberems, Am Eichpfad 3 in 61479 Oberems &hellip;<\/p>\n<p class=\"read-more\"> <a class=\"\" href=\"https:\/\/www.bio-oberems.de\/index.php\/mitglied-werden-bei-b-i-o\/\"> <span class=\"screen-reader-text\">Mitglied werden bei B.I.O.<\/span> Weiterlesen &raquo;<\/a><\/p>\n","protected":false},"author":8,"featured_media":0,"parent":0,"menu_order":0,"comment_status":"closed","ping_status":"closed","template":"","meta":{"site-sidebar-layout":"no-sidebar","site-content-layout":"page-builder","ast-global-header-display":"","ast-main-header-display":"","ast-hfb-above-header-display":"","ast-hfb-below-header-display":"","ast-hfb-mobile-header-display":"","site-post-title":"disabled","ast-breadcrumbs-content":"","ast-featured-img":"disabled","footer-sml-layout":"","theme-transparent-header-meta":"","adv-header-id-meta":"","stick-header-meta":"","header-above-stick-meta":"","header-main-stick-meta":"","header-below-stick-meta":"","footnotes":""},"class_list":["post-457","page","type-page","status-publish","hentry"],"_links":{"self":[{"href":"https:\/\/www.bio-oberems.de\/index.php\/wp-json\/wp\/v2\/pages\/457","targetHints":{"allow":["GET"]}}],"collection":[{"href":"https:\/\/www.bio-oberems.de\/index.php\/wp-json\/wp\/v2\/pages"}],"about":[{"href":"https:\/\/www.bio-oberems.de\/index.php\/wp-json\/wp\/v2\/types\/page"}],"author":[{"embeddable":true,"href":"https:\/\/www.bio-oberems.de\/index.php\/wp-json\/wp\/v2\/users\/8"}],"replies":[{"embeddable":true,"href":"https:\/\/www.bio-oberems.de\/index.php\/wp-json\/wp\/v2\/comments?post=457"}],"version-history":[{"count":103,"href":"https:\/\/www.bio-oberems.de\/index.php\/wp-json\/wp\/v2\/pages\/457\/revisions"}],"predecessor-version":[{"id":4175,"href":"https:\/\/www.bio-oberems.de\/index.php\/wp-json\/wp\/v2\/pages\/457\/revisions\/4175"}],"wp:attachment":[{"href":"https:\/\/www.bio-oberems.de\/index.php\/wp-json\/wp\/v2\/media?parent=457"}],"curies":[{"name":"wp","href":"https:\/\/api.w.org\/{rel}","templated":true}]}}