{"id":449,"date":"2022-06-11T18:46:46","date_gmt":"2022-06-11T16:46:46","guid":{"rendered":"https:\/\/www.bio-oberems.de\/?page_id=449"},"modified":"2022-08-23T22:22:42","modified_gmt":"2022-08-23T20:22:42","slug":"spendenkonto","status":"publish","type":"page","link":"https:\/\/www.bio-oberems.de\/index.php\/spendenkonto\/","title":{"rendered":"Spendenkonto"},"content":{"rendered":"\t\t<div data-elementor-type=\"wp-page\" data-elementor-id=\"449\" class=\"elementor elementor-449\">\n\t\t\t\t\t\t\t\t\t<section class=\"elementor-section elementor-top-section elementor-element elementor-element-f97d9b4 elementor-section-boxed elementor-section-height-default elementor-section-height-default\" data-id=\"f97d9b4\" data-element_type=\"section\">\n\t\t\t\t\t\t<div class=\"elementor-container elementor-column-gap-default\">\n\t\t\t\t\t<div class=\"elementor-column elementor-col-100 elementor-top-column elementor-element elementor-element-c69ac24\" data-id=\"c69ac24\" data-element_type=\"column\">\n\t\t\t<div class=\"elementor-widget-wrap elementor-element-populated\">\n\t\t\t\t\t\t\t\t<div class=\"elementor-element elementor-element-a078154 elementor-widget elementor-widget-heading\" data-id=\"a078154\" data-element_type=\"widget\" data-widget_type=\"heading.default\">\n\t\t\t\t<div class=\"elementor-widget-container\">\n\t\t\t<style>\/*! elementor - v3.11.5 - 14-03-2023 *\/\n.elementor-heading-title{padding:0;margin:0;line-height:1}.elementor-widget-heading .elementor-heading-title[class*=elementor-size-]>a{color:inherit;font-size:inherit;line-height:inherit}.elementor-widget-heading .elementor-heading-title.elementor-size-small{font-size:15px}.elementor-widget-heading .elementor-heading-title.elementor-size-medium{font-size:19px}.elementor-widget-heading .elementor-heading-title.elementor-size-large{font-size:29px}.elementor-widget-heading .elementor-heading-title.elementor-size-xl{font-size:39px}.elementor-widget-heading .elementor-heading-title.elementor-size-xxl{font-size:59px}<\/style><h1 class=\"elementor-heading-title elementor-size-default\">Wir finanzieren uns ausschlie\u00dflich durch Spenden.<\/h1>\t\t<\/div>\n\t\t\t\t<\/div>\n\t\t\t\t<div class=\"elementor-element elementor-element-e066eda elementor-widget elementor-widget-text-editor\" data-id=\"e066eda\" data-element_type=\"widget\" data-widget_type=\"text-editor.default\">\n\t\t\t\t<div class=\"elementor-widget-container\">\n\t\t\t<style>\/*! elementor - v3.11.5 - 14-03-2023 *\/\n.elementor-widget-text-editor.elementor-drop-cap-view-stacked .elementor-drop-cap{background-color:#818a91;color:#fff}.elementor-widget-text-editor.elementor-drop-cap-view-framed .elementor-drop-cap{color:#818a91;border:3px solid;background-color:transparent}.elementor-widget-text-editor:not(.elementor-drop-cap-view-default) .elementor-drop-cap{margin-top:8px}.elementor-widget-text-editor:not(.elementor-drop-cap-view-default) .elementor-drop-cap-letter{width:1em;height:1em}.elementor-widget-text-editor .elementor-drop-cap{float:left;text-align:center;line-height:1;font-size:50px}.elementor-widget-text-editor .elementor-drop-cap-letter{display:inline-block}<\/style>\t\t\t\t<p>Um Erfolg zu haben und geh\u00f6rt zu werden, ist es ein wichtiges Ziel, eine m\u00f6glichst gro\u00dfe Community aufzubauen. Daher haben wir uns bei der Gr\u00fcndung des Vereins B.I.O. B\u00fcrgerinitiative Oberems e.V. entschlossen, keine Mitgliedsbeitr\u00e4ge zu erheben. Wir m\u00f6chten uns so einem m\u00f6glichst breiten Publikum \u00f6ffnen, um jedem die M\u00f6glichkeit zu geben, unsere Ziele und Werte mit seiner Stimme zu unterst\u00fctzen.<\/p><p>Unsere Aktivit\u00e4ten, wie Flyer, Banner, Webseite und vieles mehr, sind mit Kosten verbunden. Um unser Engagement aufrechtzuerhalten, sind wir auf Ihre Spenden angewiesen.<\/p>\t\t\t\t\t\t<\/div>\n\t\t\t\t<\/div>\n\t\t\t\t<div class=\"elementor-element elementor-element-3a1e576 elementor-widget elementor-widget-heading\" data-id=\"3a1e576\" data-element_type=\"widget\" data-widget_type=\"heading.default\">\n\t\t\t\t<div class=\"elementor-widget-container\">\n\t\t\t<h3 class=\"elementor-heading-title elementor-size-default\">Bitte unterst\u00fctzen Sie uns. <br>\nVielen Dank!<\/h3>\t\t<\/div>\n\t\t\t\t<\/div>\n\t\t\t\t<div class=\"elementor-element elementor-element-5116a3b elementor-widget elementor-widget-text-editor\" data-id=\"5116a3b\" data-element_type=\"widget\" data-widget_type=\"text-editor.default\">\n\t\t\t\t<div class=\"elementor-widget-container\">\n\t\t\t\t\t\t\t<p><strong>Unser Spendenkonto:<\/strong><\/p><p><strong>B\u00fcrgerinitiative Oberems e.V.<\/strong><br \/><strong>IBAN: DE27 5019 0000 6800 2195 64 <\/strong><br \/><strong>BIC: FFVBDEFF<\/strong><br \/><strong>Frankfurter Volksbank eG<\/strong><\/p><p>F\u00fcr eine Spendenbescheinigung kontaktieren Sie uns bitte unter <a href=\"mailto:kontakt@bio-oberems.de\" target=\"_blank\" rel=\"noopener\">kontakt@bio-oberems.de<\/a><\/p>\t\t\t\t\t\t<\/div>\n\t\t\t\t<\/div>\n\t\t\t\t\t<\/div>\n\t\t<\/div>\n\t\t\t\t\t\t\t<\/div>\n\t\t<\/section>\n\t\t\t\t\t\t\t<\/div>\n\t\t","protected":false},"excerpt":{"rendered":"<p>Wir finanzieren uns ausschlie\u00dflich durch Spenden. Um Erfolg zu haben und geh\u00f6rt zu werden, ist es ein wichtiges Ziel, eine m\u00f6glichst gro\u00dfe Community aufzubauen. Daher haben wir uns bei der Gr\u00fcndung des Vereins B.I.O. B\u00fcrgerinitiative Oberems e.V. entschlossen, keine Mitgliedsbeitr\u00e4ge zu erheben. Wir m\u00f6chten uns so einem m\u00f6glichst breiten Publikum \u00f6ffnen, um jedem die M\u00f6glichkeit &hellip;<\/p>\n<p class=\"read-more\"> <a class=\"\" href=\"https:\/\/www.bio-oberems.de\/index.php\/spendenkonto\/\"> <span class=\"screen-reader-text\">Spendenkonto<\/span> Weiterlesen &raquo;<\/a><\/p>\n","protected":false},"author":8,"featured_media":0,"parent":0,"menu_order":0,"comment_status":"closed","ping_status":"closed","template":"","meta":{"site-sidebar-layout":"no-sidebar","site-content-layout":"page-builder","ast-global-header-display":"","ast-main-header-display":"","ast-hfb-above-header-display":"","ast-hfb-below-header-display":"","ast-hfb-mobile-header-display":"","site-post-title":"disabled","ast-breadcrumbs-content":"","ast-featured-img":"disabled","footer-sml-layout":"","theme-transparent-header-meta":"","adv-header-id-meta":"","stick-header-meta":"","header-above-stick-meta":"","header-main-stick-meta":"","header-below-stick-meta":"","footnotes":""},"class_list":["post-449","page","type-page","status-publish","hentry"],"_links":{"self":[{"href":"https:\/\/www.bio-oberems.de\/index.php\/wp-json\/wp\/v2\/pages\/449","targetHints":{"allow":["GET"]}}],"collection":[{"href":"https:\/\/www.bio-oberems.de\/index.php\/wp-json\/wp\/v2\/pages"}],"about":[{"href":"https:\/\/www.bio-oberems.de\/index.php\/wp-json\/wp\/v2\/types\/page"}],"author":[{"embeddable":true,"href":"https:\/\/www.bio-oberems.de\/index.php\/wp-json\/wp\/v2\/users\/8"}],"replies":[{"embeddable":true,"href":"https:\/\/www.bio-oberems.de\/index.php\/wp-json\/wp\/v2\/comments?post=449"}],"version-history":[{"count":85,"href":"https:\/\/www.bio-oberems.de\/index.php\/wp-json\/wp\/v2\/pages\/449\/revisions"}],"predecessor-version":[{"id":2832,"href":"https:\/\/www.bio-oberems.de\/index.php\/wp-json\/wp\/v2\/pages\/449\/revisions\/2832"}],"wp:attachment":[{"href":"https:\/\/www.bio-oberems.de\/index.php\/wp-json\/wp\/v2\/media?parent=449"}],"curies":[{"name":"wp","href":"https:\/\/api.w.org\/{rel}","templated":true}]}}