{"id":445,"date":"2022-06-11T22:38:33","date_gmt":"2022-06-11T20:38:33","guid":{"rendered":"https:\/\/www.bio-oberems.de\/?page_id=445"},"modified":"2025-11-13T14:35:07","modified_gmt":"2025-11-13T13:35:07","slug":"aktivitaten","status":"publish","type":"page","link":"https:\/\/www.bio-oberems.de\/index.php\/aktivitaten\/","title":{"rendered":"Aktivit\u00e4ten von B.I.O."},"content":{"rendered":"\t\t<div data-elementor-type=\"wp-page\" data-elementor-id=\"445\" class=\"elementor elementor-445\">\n\t\t\t\t\t\t\t\t\t<section class=\"elementor-section elementor-top-section elementor-element elementor-element-633a8f9 elementor-section-boxed elementor-section-height-default elementor-section-height-default\" data-id=\"633a8f9\" data-element_type=\"section\">\n\t\t\t\t\t\t<div class=\"elementor-container elementor-column-gap-default\">\n\t\t\t\t\t<div class=\"elementor-column elementor-col-100 elementor-top-column elementor-element elementor-element-2599ae7\" data-id=\"2599ae7\" data-element_type=\"column\">\n\t\t\t<div class=\"elementor-widget-wrap elementor-element-populated\">\n\t\t\t\t\t\t\t\t<div class=\"elementor-element elementor-element-7d7b418 elementor-widget elementor-widget-heading\" data-id=\"7d7b418\" data-element_type=\"widget\" data-widget_type=\"heading.default\">\n\t\t\t\t<div class=\"elementor-widget-container\">\n\t\t\t<style>\/*! elementor - v3.11.5 - 14-03-2023 *\/\n.elementor-heading-title{padding:0;margin:0;line-height:1}.elementor-widget-heading .elementor-heading-title[class*=elementor-size-]>a{color:inherit;font-size:inherit;line-height:inherit}.elementor-widget-heading .elementor-heading-title.elementor-size-small{font-size:15px}.elementor-widget-heading .elementor-heading-title.elementor-size-medium{font-size:19px}.elementor-widget-heading .elementor-heading-title.elementor-size-large{font-size:29px}.elementor-widget-heading .elementor-heading-title.elementor-size-xl{font-size:39px}.elementor-widget-heading .elementor-heading-title.elementor-size-xxl{font-size:59px}<\/style><h1 class=\"elementor-heading-title elementor-size-default\">Unsere Aktivit\u00e4ten<\/h1>\t\t<\/div>\n\t\t\t\t<\/div>\n\t\t\t\t\t<\/div>\n\t\t<\/div>\n\t\t\t\t\t\t\t<\/div>\n\t\t<\/section>\n\t\t\t\t<section class=\"elementor-section elementor-top-section elementor-element elementor-element-ba8bb05 elementor-section-boxed elementor-section-height-default elementor-section-height-default\" data-id=\"ba8bb05\" data-element_type=\"section\">\n\t\t\t\t\t\t<div class=\"elementor-container elementor-column-gap-default\">\n\t\t\t\t\t<div class=\"elementor-column elementor-col-100 elementor-top-column elementor-element elementor-element-a7856fb\" data-id=\"a7856fb\" data-element_type=\"column\">\n\t\t\t<div class=\"elementor-widget-wrap elementor-element-populated\">\n\t\t\t\t\t\t\t\t<div class=\"elementor-element elementor-element-a9cda46 elementor-widget elementor-widget-text-editor\" data-id=\"a9cda46\" data-element_type=\"widget\" data-widget_type=\"text-editor.default\">\n\t\t\t\t<div class=\"elementor-widget-container\">\n\t\t\t<style>\/*! elementor - v3.11.5 - 14-03-2023 *\/\n.elementor-widget-text-editor.elementor-drop-cap-view-stacked .elementor-drop-cap{background-color:#818a91;color:#fff}.elementor-widget-text-editor.elementor-drop-cap-view-framed .elementor-drop-cap{color:#818a91;border:3px solid;background-color:transparent}.elementor-widget-text-editor:not(.elementor-drop-cap-view-default) .elementor-drop-cap{margin-top:8px}.elementor-widget-text-editor:not(.elementor-drop-cap-view-default) .elementor-drop-cap-letter{width:1em;height:1em}.elementor-widget-text-editor .elementor-drop-cap{float:left;text-align:center;line-height:1;font-size:50px}.elementor-widget-text-editor .elementor-drop-cap-letter{display:inline-block}<\/style>\t\t\t\t\t\t\t\t\t\t<\/div>\n\t\t\t\t<\/div>\n\t\t\t\t<div class=\"elementor-element elementor-element-04dcde6 elementor-widget elementor-widget-text-editor\" data-id=\"04dcde6\" data-element_type=\"widget\" data-widget_type=\"text-editor.default\">\n\t\t\t\t<div class=\"elementor-widget-container\">\n\t\t\t\t\t\t\t<ul><li>13.11.2025 <b>Zeitungsartikel K\u00f6nigsteiner Woche<\/b> <a href=\"https:\/\/www.bio-oberems.de\/wp-content\/uploads\/2025\/11\/Zeitungsartikel_Koewo_13.11.2025.pdf\">&#8222;Quo vadis, Oberems?&#8220;<\/a><\/li><li>08.11.2025 B.I.O. <a href=\"https:\/\/www.bio-oberems.de\/wp-content\/uploads\/2025\/11\/Aktion_Oberems-als-neuer-Siedlungsschwerpunkt_8.11.2025.pdf\"><b>Infoveranstaltung<\/b><\/a>\u00a0&#8222;Oberems als neuer Siedlungsschwerpunkt&#8220;<\/li><li>23.10.2025 Mitgliederversammlung<\/li><li style=\"font-size: 18px;\">23.08.2025 Teilnahme am\u00a0<span style=\"font-weight: bold;\">IKEK-Verfahren<\/span>\u00a0(Zukunftswerkstatt)<\/li><li style=\"font-size: 18px;\">26.04.2025\u00a0<span style=\"font-weight: bold;\">BIO macht mit: <\/span><b>\u201eA<\/b><span style=\"font-weight: bold;\">ktion Saubere Landschaft-<\/span><span style=\"font-weight: bold;\">Waldreinigungsaktion&#8220;<\/span><\/li><li style=\"font-size: 18px;\">20.03.2025 Teilnahme am IKEK (<span style=\"font-weight: bold;\">integriertes kommunales Entwicklungskonzept)<\/span>-Verfahren (Auftaktveranstaltung)<\/li><li style=\"font-size: 18px;\">08.03.2025 Artikel Taunuszeitung:<a style=\"color: #fcdd09; transition-property: all; outline: 0px;\" href=\"https:\/\/www.bio-oberems.de\/wp-content\/uploads\/2025\/03\/Artikel_Taunuszeitung_08.03.2025.jpg\"><span style=\"font-weight: bold;\">\u00a0Die Oberemser \u201eendlich zu Wort kommen lassen\u201c<\/span><\/a><\/li><li style=\"font-size: 18px;\">06.03.2025 Artikel K\u00f6nigsteiner Woche:<span style=\"font-weight: bold;\">\u00a0<a style=\"color: #0f47af; transition-property: all;\" href=\"https:\/\/www.bio-oberems.de\/wp-content\/uploads\/2025\/03\/Koenigsteiner-Woche_Alte-Schule_03.2025-300x287.png\">\u201eB.I.O. fragt die Oberemser: Was soll mit der Alten Schule geschehen?\u201c<\/a><\/span><\/li><li style=\"font-size: 18px;\">26.02.2025\u00a0<span style=\"font-weight: bold;\">B\u00fcrgerversammlung<\/span>\u00a0Thema:\u00a0 \u201eAlte Schule Oberems\u201c<\/li><li>12.12.2024 Artikel K\u00f6nigsteiner Woche:\u00a0<a href=\"https:\/\/www.bio-oberems.de\/wp-content\/uploads\/2024\/12\/Weihnachtsmarkt_BIO_NABU.png\"><strong>BIO-Spende f\u00fcr NABU<\/strong><\/a><\/li><li>08.12.2024\u00a0<strong>BIO-Stand auf dem Weihnachtsmarkt<\/strong>\u00a0in Oberems<\/li><li>30.10.2024\u00a0<strong>B.I.O-Stammtisch<\/strong><\/li><li>27.04.2024 BIO macht mit: \u201eAktion Saubere Landschaft-<strong>Waldreinigungsaktion<\/strong>\u201e<\/li><li>18.04.2024 Artikel K\u00f6nigsteiner Woche \u201e<a href=\"https:\/\/www.bio-oberems.de\/wp-content\/uploads\/2024\/04\/Koenigsteiner-Woche-18.04.24.png\">Umweltorganisationen besorgt \u00fcber hohe Wasserverluste-Gemeinde Glash\u00fctten gefordert\u201c<\/a><\/li><li>08.03.2024 Veranstaltung\u00a0<a href=\"https:\/\/www.bio-oberems.de\/wp-content\/uploads\/2024\/02\/Veranstaltung_08.03.2024_1-1.png\">Gemeinsam stark \u2013 Rote Karte gegen Fl\u00e4chenfra\u00df<\/a><\/li><li>15.02.2024\u00a0<strong>BIO Stammtisch<\/strong>\u00a0mit Vortrag zur\u00a0<strong>Gewerbegebietsmatrix<\/strong><\/li><li>15.02.2024\u00a0<strong>Jahresmitgliederversammlung<\/strong><\/li><li>25.01.2024 Artikel K\u00f6nigsteiner Woche\u00a0<a href=\"https:\/\/www.bio-oberems.de\/wp-content\/uploads\/2024\/04\/Stellungnahme-BIO-klaert-auf-was-nicht-gesagt-wird_4.2.24.png\">\u201eBIO \u00e4u\u00dfert sich zum Gewerbegebiet\u201c<\/a><\/li><li>23.01.2024 Stellungnahme\u00a0<a href=\"https:\/\/www.bio-oberems.de\/wp-content\/uploads\/2024\/04\/Stellungnahme-BIO-klaert-auf-was-nicht-gesagt-wird_4.2.24.png\">\u201eBIO kl\u00e4rt auf was nicht gesagt wird\u201c<\/a>\u00a0<\/li><li>06.01.2024 Artikel Taunuszeitung\u00a0<a href=\"https:\/\/www.bio-oberems.de\/wp-content\/uploads\/2024\/01\/Screenshot-2024-01-18-165800Kritik-an-moeglicher-Bodenversiegelung.jpg\">\u201eKritik an m\u00f6glicher Bodenversiegelung\u201c<\/a><\/li><li>04.01.2024 Artikel K\u00f6nigsteiner Woche\u00a0<a href=\"https:\/\/www.bio-oberems.de\/wp-content\/uploads\/2024\/01\/koenigsteiner_woche_211223_BIO_Artikel-Seite-16.pdf\">\u201eB\u00fcrgerinitiative kritisiert Planungen\u201c<\/a><\/li><li>10.12.2023: <strong>Weihnachtsmarkt in Oberems &#8211; B.I.O. ist wieder mit Crepes dabei<\/strong><\/li><li>19.10.2023: K\u00f6nigsteiner Woche <a href=\"https:\/\/www.bio-oberems.de\/wp-content\/uploads\/2023\/11\/Artikel_Ko\u0308Wo_-19.10.23.pdf\">&#8222;B\u00fcrgerinitiative Oberems: Ist das Gewerbegebiet vom Tisch?&#8220;<\/a>\u00a0<\/li><li>28.09.2023: K\u00f6nigsteiner Woche\u00a0<a href=\"https:\/\/www.bio-oberems.de\/wp-content\/uploads\/2023\/10\/Artikel_Ko\u0308Wo_28.09.23-3.pdf\">&#8222;B.I.O.: Glash\u00fcttener B\u00fcrgerinnen und B\u00fcrger \u00e4u\u00dfern sich&#8220;<\/a><\/li><li>20.09.2023: <strong>3<\/strong>.\u00a0<strong>B.I.O. Stammtisch: Ver\u00f6ffentlichung der B.I.O.-Umfrage Glash\u00fcttener B\u00fcrgerinnen und B\u00fcrger<\/strong><\/li><li>24.05.2023: <strong>Unser Wasser &#8211; Perspektiven f\u00fcr Glash\u00fctten<\/strong> &#8211; Vortrag im B\u00fcrgersaal, Schlo\u00dfborner Weg 2A, 61479 Glash\u00fctten<\/li><li>06.05.2023 <strong>BIO macht bei der Waldreinigungsaktion<\/strong><\/li><li>09.02.2023: K\u00f6nigsteiner Woche: <a href=\"https:\/\/www.bio-oberems.de\/index.php\/stammtisch-1-2-23\/\">B.I.O. Stammtisch 2.0<\/a><\/li><li>28.01.2023: Taunus Zeitung: <a href=\"https:\/\/www.bio-oberems.de\/index.php\/taunus-zeitung-28-1-23\/\">\u201eLandschaftsbild nicht irreversibel zerst\u00f6ren\u201c<\/a><\/li><li>16.01.2023: Taunus Zeitung: <a href=\"https:\/\/www.bio-oberems.de\/index.php\/taunus-zeitung-16-1-23\/\">Tief entt\u00e4uschte B\u00fcrgerinitiative<\/a><\/li><li>12.01.2023: <a href=\"https:\/\/www.bio-oberems.de\/index.php\/aubi-11-1-23\/\">B.I.O. informiert: der Bericht \u00fcber die AUBI-Sitzung vom 11.01.2023<\/a><\/li><li>04.12.2022: Unsere erste Teilnahme an dem <a href=\"https:\/\/www.bio-oberems.de\/index.php\/weihnachtsmarkt-4-12-22\/\">Oberemser Weihnachtsmarkt<\/a><\/li><li>26.11.2022: <a href=\"https:\/\/www.bio-oberems.de\/index.php\/taunus-zeitung-26-11-22\/\">Jedem Ortsteil sein Sprachrohr<\/a> &#8211; ein Bericht der Taunus-Zeitung \u00fcber unser Event<\/li><li>24.11.2022: <a href=\"https:\/\/www.bio-oberems.de\/index.php\/event-ortsbeirat-22-11-22-der-bericht\/\">Bericht \u00fcber das Ortsbeirat-Event &#8222;Wem geh\u00f6rt mein Ortsteil?&#8220;<\/a><\/li><li>22.11.2022: B.I.O. fragt Sie als B\u00fcrgerinnen und B\u00fcrger der Gemeinde Glash\u00fctten<\/li><li>22.11.2022: <a href=\"https:\/\/www.bio-oberems.de\/index.php\/event-ortsbeirat-22-11-22\/\">B.I.O. und WGS organisieren einen Informationsabend zum Thema Ortsbeir\u00e4te<\/a><\/li><\/ul>\t\t\t\t\t\t<\/div>\n\t\t\t\t<\/div>\n\t\t\t\t<div class=\"elementor-element elementor-element-856d337 elementor-widget elementor-widget-text-editor\" data-id=\"856d337\" data-element_type=\"widget\" data-widget_type=\"text-editor.default\">\n\t\t\t\t<div class=\"elementor-widget-container\">\n\t\t\t\t\t\t\t<ul><li>07.10.2022: Taunus Zeitung: <a href=\"https:\/\/www.bio-oberems.de\/index.php\/taunus-zeitung-7-10-\">BI macht gegen Gewerbegebiet mobil<\/a><\/li><li>30.09.2022: <a href=\"https:\/\/www.bio-oberems.de\/index.php\/pressemitteilung-vom-30-9-22\/\">B.I.O.-Pressemitteilung<\/a><\/li><li>15.09.2022: Taunus Zeitung: <a href=\"https:\/\/www.bio-oberems.de\/index.php\/taunus-zeitung-15-9-22\/\">&#8222;\u00dcberm\u00e4\u00dfige Bauvorhaben&#8220; und Bodenversiegelung verhindern<\/a><\/li><li>09.08.2022: <strong><a href=\"https:\/\/www.bio-oberems.de\/index.php\/spendenkonto\/\">unser Spendenkonto!<\/a><\/strong> Wir freuen uns auf Ihre Unterst\u00fczung.<\/li><\/ul>\t\t\t\t\t\t<\/div>\n\t\t\t\t<\/div>\n\t\t\t\t<div class=\"elementor-element elementor-element-9d058b7 elementor-widget elementor-widget-text-editor\" data-id=\"9d058b7\" data-element_type=\"widget\" data-widget_type=\"text-editor.default\">\n\t\t\t\t<div class=\"elementor-widget-container\">\n\t\t\t\t\t\t\t<ul><li>28.07.2022: K\u00f6nigsteiner Woche: <a href=\"https:\/\/www.bio-oberems.de\/index.php\/koenigsteiner-woche-27-7-22\/\">B\u00fcrgerinitiative Oberems e.V. ist \u201eauf Kurs\u201c<\/a><\/li><li>27.07.2022: <a href=\"https:\/\/www.bio-oberems.de\/index.php\/stammtisch-27-7-22\/\">Erster Stammtisch<\/a><\/li><li>21.07.2022: Taunus Zeitung: <a href=\"https:\/\/www.bio-oberems.de\/index.php\/taunus-zeitung-21-7-22\/\">\u201eToxische\u201c Fl\u00e4chen sollen raus aus Planwerk<\/a><\/li><li>08.07.2022: Aktive Gestaltung des <a href=\"https:\/\/www.bio-oberems.de\/index.php\/spd-veranstaltung-am-8-7-22\">SPD-B\u00fcrgergespr\u00e4chs<\/a> im Alten Rathaus<\/li><li>04.07.2022: <a href=\"https:\/\/www.bio-oberems.de\/index.php\/gespraech-mit-dem-buergermeister-am-4-7-22\/\">Gespr\u00e4ch mit dem B\u00fcrgermeister, Herrn Thomas Ciesielski<\/a><\/li><li>Seit Juli 2022: Teilnahme an den \u00f6ffentlichen Sitzungen der Gemeinde Glash\u00fctten\n<\/li><\/ul>\t\t\t\t\t\t<\/div>\n\t\t\t\t<\/div>\n\t\t\t\t<div class=\"elementor-element elementor-element-c88539b elementor-widget elementor-widget-text-editor\" data-id=\"c88539b\" data-element_type=\"widget\" data-widget_type=\"text-editor.default\">\n\t\t\t\t<div class=\"elementor-widget-container\">\n\t\t\t\t\t\t\t<ul><li>29.06.2022: K\u00f6nigsteiner Woche: <a href=\"https:\/\/www.taunus-nachrichten.de\/glashuetten\/nachrichten\/oberems\/buergerinitiative-oberems-widerspricht-cdu-glashuetten-id123629.html\" target=\"_blank\" rel=\"noopener\">B\u00fcrgerinitiative Oberems widerspricht der CDU Glash\u00fctten<\/a><\/li><li>28.06.2022: Frankfurter Allgemeine Zeitung: <a href=\"https:\/\/www.bio-oberems.de\/index.php\/faz-28-06-22\/\" rel=\"noopener\">Gewerbe oder Getreide<\/a>. Hier finden Sie unsere <a href=\"https:\/\/www.bio-oberems.de\/index.php\/stellungnahme\/\">Stellungnahme<\/a>.<\/li><li>07.06.2022: Taunus Zeitung: <a href=\"https:\/\/www.bio-oberems.de\/wp-content\/uploads\/2022\/06\/Taunuszeitung_Zwischen-Rechtfertigung..._2022.06.07.pdf\" target=\"_blank\" rel=\"noopener\">Zwischen Rechtfertigung und Angriff<\/a><\/li><li>Juni 2022: Eintragung des Vereins in das Vereinsregisters und Antrag auf Gemeinn\u00fctzigkeit<\/li><li>Seit Juni 2022: Aufbau der Webseite, Pr\u00e4senz auf Social Media (<a href=\"https:\/\/de-de.facebook.com\/BIO.Oberems\/\" target=\"_blank\" rel=\"noopener\">Facebook<\/a>, <a href=\"https:\/\/www.facebook.com\/groups\/1054220675479677\" target=\"_blank\" rel=\"noopener\">Facebook-Gruppe<\/a>, <a href=\"https:\/\/www.instagram.com\/bio.oberems\/\" target=\"_blank\" rel=\"noopener\">Instagram<\/a>)<\/li><li>Seit Juni 2022: Viele Gespr\u00e4che mit Parteien und W\u00e4hlergemeinschaften in Glash\u00fctten, mit lokalen Gewerbetreibenden und mit B\u00fcrgerinitiativen aus anderen, \u00e4hnlich bedrohten Orten<\/li><\/ul>\t\t\t\t\t\t<\/div>\n\t\t\t\t<\/div>\n\t\t\t\t<div class=\"elementor-element elementor-element-589a2b4 elementor-widget elementor-widget-text-editor\" data-id=\"589a2b4\" data-element_type=\"widget\" data-widget_type=\"text-editor.default\">\n\t\t\t\t<div class=\"elementor-widget-container\">\n\t\t\t\t\t\t\t<ul><li>24.05.2022: Frankfurter Allgemeine Zeitung: <a href=\"https:\/\/www.faz.net\/aktuell\/rhein-main\/taunus-gemeinde-glashuetten-unmut-ueber-gewerbegebiet-18056794.html\" target=\"_blank\" rel=\"noopener\">Unmut \u00fcber Gewerbegebiet<\/a><\/li><li>11.05.2022: K\u00f6nigsteiner Woche: <a href=\"https:\/\/www.taunus-nachrichten.de\/glashuetten\/nachrichten\/glashuetten\/protest-gegen-geplantes-gewerbegebiet-oberems-id120991.html\" target=\"_blank\" rel=\"noopener\">Protest gegen geplantes Gewerbegebiet in Oberems<\/a><\/li><li>Mai 2022: Gr\u00fcndung der B\u00fcrgerinitiative<\/li><li>Mai 2022: Einholung und Zusammenstellung von Informationen und Unterlagen wie RegFNP2030 zu Gewerbegebieten \/ Wohngebieten, Gemeindevertretungssitzungsprotokollen etc.<\/li><li>Mai 2022: Erstellung des <a href=\"https:\/\/www.bio-oberems.de\/wp-content\/uploads\/2022\/06\/2022-05-03_Flyer.pdf\" target=\"_blank\" rel=\"noopener\">Flyers<\/a> zur B\u00fcrgerversammlung und Gestaltung der B\u00fcrgerversammlung durch umfangreiche Wortmeldungen<\/li><\/ul>\t\t\t\t\t\t<\/div>\n\t\t\t\t<\/div>\n\t\t\t\t<div class=\"elementor-element elementor-element-5c24173 elementor-widget elementor-widget-text-editor\" data-id=\"5c24173\" data-element_type=\"widget\" data-widget_type=\"text-editor.default\">\n\t\t\t\t<div class=\"elementor-widget-container\">\n\t\t\t\t\t\t\t<p>Bitte helfen Sie mit, <a href=\"https:\/\/www.bio-oberems.de\/index.php\/mitglied-werden-bei-b-i-o\/\">werden Sie Mitglied<\/a> und <a href=\"https:\/\/www.bio-oberems.de\/wp-content\/uploads\/2022\/06\/2022-05-Unterschriftenliste.pdf\" target=\"_blank\" rel=\"noopener\">sammeln Sie weitere Unterschriften auf dieser Unterschriftenliste<\/a>.<\/p>\t\t\t\t\t\t<\/div>\n\t\t\t\t<\/div>\n\t\t\t\t\t<\/div>\n\t\t<\/div>\n\t\t\t\t\t\t\t<\/div>\n\t\t<\/section>\n\t\t\t\t\t\t\t<\/div>\n\t\t","protected":false},"excerpt":{"rendered":"<p>Unsere Aktivit\u00e4ten 13.11.2025 Zeitungsartikel K\u00f6nigsteiner Woche &#8222;Quo vadis, Oberems?&#8220; 08.11.2025 B.I.O. Infoveranstaltung\u00a0&#8222;Oberems als neuer Siedlungsschwerpunkt&#8220; 23.10.2025 Mitgliederversammlung 23.08.2025 Teilnahme am\u00a0IKEK-Verfahren\u00a0(Zukunftswerkstatt) 26.04.2025\u00a0BIO macht mit: \u201eAktion Saubere Landschaft-Waldreinigungsaktion&#8220; 20.03.2025 Teilnahme am IKEK (integriertes kommunales Entwicklungskonzept)-Verfahren (Auftaktveranstaltung) 08.03.2025 Artikel Taunuszeitung:\u00a0Die Oberemser \u201eendlich zu Wort kommen lassen\u201c 06.03.2025 Artikel K\u00f6nigsteiner Woche:\u00a0\u201eB.I.O. fragt die Oberemser: Was soll mit der Alten &hellip;<\/p>\n<p class=\"read-more\"> <a class=\"\" href=\"https:\/\/www.bio-oberems.de\/index.php\/aktivitaten\/\"> <span class=\"screen-reader-text\">Aktivit\u00e4ten von B.I.O.<\/span> Weiterlesen &raquo;<\/a><\/p>\n","protected":false},"author":8,"featured_media":0,"parent":0,"menu_order":0,"comment_status":"closed","ping_status":"closed","template":"","meta":{"site-sidebar-layout":"no-sidebar","site-content-layout":"page-builder","ast-global-header-display":"","ast-main-header-display":"","ast-hfb-above-header-display":"","ast-hfb-below-header-display":"","ast-hfb-mobile-header-display":"","site-post-title":"disabled","ast-breadcrumbs-content":"","ast-featured-img":"disabled","footer-sml-layout":"","theme-transparent-header-meta":"","adv-header-id-meta":"","stick-header-meta":"","header-above-stick-meta":"","header-main-stick-meta":"","header-below-stick-meta":"","footnotes":""},"class_list":["post-445","page","type-page","status-publish","hentry"],"_links":{"self":[{"href":"https:\/\/www.bio-oberems.de\/index.php\/wp-json\/wp\/v2\/pages\/445","targetHints":{"allow":["GET"]}}],"collection":[{"href":"https:\/\/www.bio-oberems.de\/index.php\/wp-json\/wp\/v2\/pages"}],"about":[{"href":"https:\/\/www.bio-oberems.de\/index.php\/wp-json\/wp\/v2\/types\/page"}],"author":[{"embeddable":true,"href":"https:\/\/www.bio-oberems.de\/index.php\/wp-json\/wp\/v2\/users\/8"}],"replies":[{"embeddable":true,"href":"https:\/\/www.bio-oberems.de\/index.php\/wp-json\/wp\/v2\/comments?post=445"}],"version-history":[{"count":312,"href":"https:\/\/www.bio-oberems.de\/index.php\/wp-json\/wp\/v2\/pages\/445\/revisions"}],"predecessor-version":[{"id":4157,"href":"https:\/\/www.bio-oberems.de\/index.php\/wp-json\/wp\/v2\/pages\/445\/revisions\/4157"}],"wp:attachment":[{"href":"https:\/\/www.bio-oberems.de\/index.php\/wp-json\/wp\/v2\/media?parent=445"}],"curies":[{"name":"wp","href":"https:\/\/api.w.org\/{rel}","templated":true}]}}