{"id":3596,"date":"2023-02-10T15:00:16","date_gmt":"2023-02-10T14:00:16","guid":{"rendered":"https:\/\/www.bio-oberems.de\/?page_id=3596"},"modified":"2023-02-24T12:16:32","modified_gmt":"2023-02-24T11:16:32","slug":"stammtisch-1-2-23","status":"publish","type":"page","link":"https:\/\/www.bio-oberems.de\/index.php\/stammtisch-1-2-23\/","title":{"rendered":"Stammtisch 1.2.23"},"content":{"rendered":"\t\t<div data-elementor-type=\"wp-page\" data-elementor-id=\"3596\" class=\"elementor elementor-3596\">\n\t\t\t\t\t\t\t\t\t<section class=\"elementor-section elementor-top-section elementor-element elementor-element-d86080a elementor-section-boxed elementor-section-height-default elementor-section-height-default\" data-id=\"d86080a\" data-element_type=\"section\">\n\t\t\t\t\t\t<div class=\"elementor-container elementor-column-gap-default\">\n\t\t\t\t\t<div class=\"elementor-column elementor-col-100 elementor-top-column elementor-element elementor-element-6cf144f\" data-id=\"6cf144f\" data-element_type=\"column\">\n\t\t\t<div class=\"elementor-widget-wrap elementor-element-populated\">\n\t\t\t\t\t\t\t\t<div class=\"elementor-element elementor-element-e2aa620 elementor-widget elementor-widget-text-editor\" data-id=\"e2aa620\" data-element_type=\"widget\" data-widget_type=\"text-editor.default\">\n\t\t\t\t<div class=\"elementor-widget-container\">\n\t\t\t<style>\/*! elementor - v3.11.5 - 14-03-2023 *\/\n.elementor-widget-text-editor.elementor-drop-cap-view-stacked .elementor-drop-cap{background-color:#818a91;color:#fff}.elementor-widget-text-editor.elementor-drop-cap-view-framed .elementor-drop-cap{color:#818a91;border:3px solid;background-color:transparent}.elementor-widget-text-editor:not(.elementor-drop-cap-view-default) .elementor-drop-cap{margin-top:8px}.elementor-widget-text-editor:not(.elementor-drop-cap-view-default) .elementor-drop-cap-letter{width:1em;height:1em}.elementor-widget-text-editor .elementor-drop-cap{float:left;text-align:center;line-height:1;font-size:50px}.elementor-widget-text-editor .elementor-drop-cap-letter{display:inline-block}<\/style>\t\t\t\t<p>K\u00f6nigsteiner Woche, 09.02.2023 (<a href=\"https:\/\/www.bio-oberems.de\/wp-content\/uploads\/2023\/02\/230209_KW_BIO-Stammtisch-2_0.pdf\" target=\"_blank\" rel=\"noopener\">pdf<\/a>).<\/p>\t\t\t\t\t\t<\/div>\n\t\t\t\t<\/div>\n\t\t\t\t\t<\/div>\n\t\t<\/div>\n\t\t\t\t\t\t\t<\/div>\n\t\t<\/section>\n\t\t\t\t<section class=\"elementor-section elementor-top-section elementor-element elementor-element-8cbeef9 elementor-section-boxed elementor-section-height-default elementor-section-height-default\" data-id=\"8cbeef9\" data-element_type=\"section\">\n\t\t\t\t\t\t<div class=\"elementor-container elementor-column-gap-default\">\n\t\t\t\t\t<div class=\"elementor-column elementor-col-100 elementor-top-column elementor-element elementor-element-f370263\" data-id=\"f370263\" data-element_type=\"column\">\n\t\t\t<div class=\"elementor-widget-wrap elementor-element-populated\">\n\t\t\t\t\t\t\t\t<div class=\"elementor-element elementor-element-5ccda3a elementor-widget elementor-widget-heading\" data-id=\"5ccda3a\" data-element_type=\"widget\" data-widget_type=\"heading.default\">\n\t\t\t\t<div class=\"elementor-widget-container\">\n\t\t\t<style>\/*! elementor - v3.11.5 - 14-03-2023 *\/\n.elementor-heading-title{padding:0;margin:0;line-height:1}.elementor-widget-heading .elementor-heading-title[class*=elementor-size-]>a{color:inherit;font-size:inherit;line-height:inherit}.elementor-widget-heading .elementor-heading-title.elementor-size-small{font-size:15px}.elementor-widget-heading .elementor-heading-title.elementor-size-medium{font-size:19px}.elementor-widget-heading .elementor-heading-title.elementor-size-large{font-size:29px}.elementor-widget-heading .elementor-heading-title.elementor-size-xl{font-size:39px}.elementor-widget-heading .elementor-heading-title.elementor-size-xxl{font-size:59px}<\/style><h1 class=\"elementor-heading-title elementor-size-default\">B.I.O.-Stammtisch 2.0<\/h1>\t\t<\/div>\n\t\t\t\t<\/div>\n\t\t\t\t<div class=\"elementor-element elementor-element-9bfd04b elementor-widget elementor-widget-text-editor\" data-id=\"9bfd04b\" data-element_type=\"widget\" data-widget_type=\"text-editor.default\">\n\t\t\t\t<div class=\"elementor-widget-container\">\n\t\t\t\t\t\t\t<p><strong>Glash\u00fctten<\/strong> (kw) &#8211; Auch der zweite Stammtisch der B\u00fcrgerinitiative Oberems B.I.O. e.V. war sehr gut besucht: <br \/>Am 1. Februar 2023 trafen sich gut 40 Teilnehmer, um sich zu dem Thema \u201cG9 &#8211; Gewerbegebiet Oberems\u201c auszutauschen. Unter den Anwesenden befanden sich auch Vertreter von SPD und WGS sowie stellvertretend f\u00fcr den Gemeindevorstand Klaus Hindrichs. &#8222;Sonstige aktuelle Vertreter von CDU, B\u00fcndnis90\/Die Gr\u00fcnen, FWG und FDP waren der expliziten Einladung zum Austausch leider nicht gefolgt &#8211; seitens der CDU kam eine ausdr\u00fcckliche Ablehnung &#8211; und lediglich ein ehemaliges Mitglied der Fraktion der Gr\u00fcnen war dem Aufruf erfreulicherweise gefolgt. <br \/>Dieses politische Vakuum bedauern wir sehr, da man unserer Ansicht nach nie zu viel, wohl aber zu wenig miteinander in Dialog treten kann; das konnte man in den letzten Wochen und Monaten in Glash\u00fctten sehr gut beobachten&#8220;, so die B.I.O.<br \/>B\u00fcrgermeister Thomas Ciesielski und seine Vorg\u00e4ngerin Brigitte Bannenberg konnten dieses Mal zwar nicht teilnehmen, hatten jedoch beide angeboten, zu einem zuk\u00fcnftigen Stammtisch zu erscheinen, was die B.I.O. ausdr\u00fccklich begr\u00fc\u00dfen w\u00fcrde.<br \/>Ziel der Veranstaltung war es, Kommunalpolitik, Vereine und B\u00fcrger an einen Tisch und miteinander ins Gespr\u00e4ch zu bringen. Auch sollten die Anwesenden \u00fcber den aktuellen Stand rund um ein potentielles Gewerbegebiet vor den Toren von Oberems informiert werden, denn B.I.O. ist der Meinung, dass die Entwicklung der Gemeinde uns alle etwas angeht! Zu Anfang gaben Chantal Klemm und Dirk Trippe von B.I.O. einen \u00dcberblick \u00fcber die kommunalpolitische Landschaft der Gemeinde Glash\u00fctten im Allgemeinen und speziell in Bezug auf die aktuelle zeitliche Entwicklung der Neufassung des Regionalen Fl\u00e4chennutzungsplanes FrankfurtRheinMain 2030. <br \/>Danach wurden verschiedene Aspekte und sinnvolle Vorgehensweisen sowohl zur Deckung von kurzfristigem Fl\u00e4chenbedarf als auch zur allgemeinen Gemeindeentwicklung angeregt und auf sehr konstruktive Art und Weise diskutiert. <br \/>Es zeigte sich deutlich, dass ein gro\u00dfes Gewerbegebiet klar abgelehnt wird und dass die Menschen von der Politik erwarten, den sehr deutlich ge\u00e4u\u00dferten B\u00fcrgerwillen endlich uneingeschr\u00e4nkt ernst zu nehmen und sich entsprechend zu positionieren. <br \/>So waren sich alle Anwesenden in einem Punkt einig: G9 muss weg. Und die B.I.O.s bleiben hierzu weiter auf Kurs.<\/p>\t\t\t\t\t\t<\/div>\n\t\t\t\t<\/div>\n\t\t\t\t\t<\/div>\n\t\t<\/div>\n\t\t\t\t\t\t\t<\/div>\n\t\t<\/section>\n\t\t\t\t<section class=\"elementor-section elementor-top-section elementor-element elementor-element-28a2b3a elementor-section-boxed elementor-section-height-default elementor-section-height-default\" data-id=\"28a2b3a\" data-element_type=\"section\">\n\t\t\t\t\t\t<div class=\"elementor-container elementor-column-gap-default\">\n\t\t\t\t\t<div class=\"elementor-column elementor-col-100 elementor-top-column elementor-element elementor-element-9749709\" data-id=\"9749709\" data-element_type=\"column\">\n\t\t\t<div class=\"elementor-widget-wrap elementor-element-populated\">\n\t\t\t\t\t\t\t\t<section class=\"elementor-section elementor-inner-section elementor-element elementor-element-90f67b1 elementor-section-boxed elementor-section-height-default elementor-section-height-default\" data-id=\"90f67b1\" data-element_type=\"section\">\n\t\t\t\t\t\t<div class=\"elementor-container elementor-column-gap-default\">\n\t\t\t\t\t<div class=\"elementor-column elementor-col-50 elementor-inner-column elementor-element elementor-element-7a84f61\" data-id=\"7a84f61\" data-element_type=\"column\">\n\t\t\t<div class=\"elementor-widget-wrap elementor-element-populated\">\n\t\t\t\t\t\t\t\t<div class=\"elementor-element elementor-element-f47db80 elementor-widget elementor-widget-image\" data-id=\"f47db80\" data-element_type=\"widget\" data-widget_type=\"image.default\">\n\t\t\t\t<div class=\"elementor-widget-container\">\n\t\t\t<style>\/*! elementor - v3.11.5 - 14-03-2023 *\/\n.elementor-widget-image{text-align:center}.elementor-widget-image a{display:inline-block}.elementor-widget-image a img[src$=\".svg\"]{width:48px}.elementor-widget-image img{vertical-align:middle;display:inline-block}<\/style>\t\t\t\t\t\t\t\t\t<figure class=\"wp-caption\">\n\t\t\t\t\t\t\t\t\t\t<img loading=\"lazy\" decoding=\"async\" width=\"768\" height=\"1032\" src=\"https:\/\/www.bio-oberems.de\/wp-content\/uploads\/2023\/02\/BL_014-768x1032.jpg\" class=\"attachment-medium_large size-medium_large wp-image-3606\" alt=\"\" srcset=\"https:\/\/www.bio-oberems.de\/wp-content\/uploads\/2023\/02\/BL_014-768x1032.jpg 768w, https:\/\/www.bio-oberems.de\/wp-content\/uploads\/2023\/02\/BL_014-223x300.jpg 223w, https:\/\/www.bio-oberems.de\/wp-content\/uploads\/2023\/02\/BL_014-762x1024.jpg 762w, https:\/\/www.bio-oberems.de\/wp-content\/uploads\/2023\/02\/BL_014-1143x1536.jpg 1143w, https:\/\/www.bio-oberems.de\/wp-content\/uploads\/2023\/02\/BL_014-1524x2048.jpg 1524w, https:\/\/www.bio-oberems.de\/wp-content\/uploads\/2023\/02\/BL_014-scaled.jpg 1905w\" sizes=\"auto, (max-width: 768px) 100vw, 768px\" \/>\t\t\t\t\t\t\t\t\t\t\t<figcaption class=\"widget-image-caption wp-caption-text\">Quelle: B.I.O.<\/figcaption>\n\t\t\t\t\t\t\t\t\t\t<\/figure>\n\t\t\t\t\t\t\t\t\t<\/div>\n\t\t\t\t<\/div>\n\t\t\t\t\t<\/div>\n\t\t<\/div>\n\t\t\t\t<div class=\"elementor-column elementor-col-50 elementor-inner-column elementor-element elementor-element-0cda9b1\" data-id=\"0cda9b1\" data-element_type=\"column\">\n\t\t\t<div class=\"elementor-widget-wrap elementor-element-populated\">\n\t\t\t\t\t\t\t\t<div class=\"elementor-element elementor-element-db458d8 elementor-widget elementor-widget-image\" data-id=\"db458d8\" data-element_type=\"widget\" data-widget_type=\"image.default\">\n\t\t\t\t<div class=\"elementor-widget-container\">\n\t\t\t\t\t\t\t\t\t\t\t\t<figure class=\"wp-caption\">\n\t\t\t\t\t\t\t\t\t\t<img loading=\"lazy\" decoding=\"async\" width=\"768\" height=\"749\" src=\"https:\/\/www.bio-oberems.de\/wp-content\/uploads\/2023\/02\/BL_015-768x749.jpg\" class=\"attachment-medium_large size-medium_large wp-image-3607\" alt=\"\" srcset=\"https:\/\/www.bio-oberems.de\/wp-content\/uploads\/2023\/02\/BL_015-768x749.jpg 768w, https:\/\/www.bio-oberems.de\/wp-content\/uploads\/2023\/02\/BL_015-300x292.jpg 300w, https:\/\/www.bio-oberems.de\/wp-content\/uploads\/2023\/02\/BL_015-1024x998.jpg 1024w, https:\/\/www.bio-oberems.de\/wp-content\/uploads\/2023\/02\/BL_015-1536x1497.jpg 1536w, https:\/\/www.bio-oberems.de\/wp-content\/uploads\/2023\/02\/BL_015-2048x1996.jpg 2048w\" sizes=\"auto, (max-width: 768px) 100vw, 768px\" \/>\t\t\t\t\t\t\t\t\t\t\t<figcaption class=\"widget-image-caption wp-caption-text\">Quelle: B.I.O.<\/figcaption>\n\t\t\t\t\t\t\t\t\t\t<\/figure>\n\t\t\t\t\t\t\t\t\t<\/div>\n\t\t\t\t<\/div>\n\t\t\t\t\t<\/div>\n\t\t<\/div>\n\t\t\t\t\t\t\t<\/div>\n\t\t<\/section>\n\t\t\t\t\t<\/div>\n\t\t<\/div>\n\t\t\t\t\t\t\t<\/div>\n\t\t<\/section>\n\t\t\t\t\t\t\t<\/div>\n\t\t","protected":false},"excerpt":{"rendered":"<p>K\u00f6nigsteiner Woche, 09.02.2023 (pdf). B.I.O.-Stammtisch 2.0 Glash\u00fctten (kw) &#8211; Auch der zweite Stammtisch der B\u00fcrgerinitiative Oberems B.I.O. e.V. war sehr gut besucht: Am 1. Februar 2023 trafen sich gut 40 Teilnehmer, um sich zu dem Thema \u201cG9 &#8211; Gewerbegebiet Oberems\u201c auszutauschen. Unter den Anwesenden befanden sich auch Vertreter von SPD und WGS sowie stellvertretend f\u00fcr &hellip;<\/p>\n<p class=\"read-more\"> <a class=\"\" href=\"https:\/\/www.bio-oberems.de\/index.php\/stammtisch-1-2-23\/\"> <span class=\"screen-reader-text\">Stammtisch 1.2.23<\/span> Weiterlesen &raquo;<\/a><\/p>\n","protected":false},"author":8,"featured_media":0,"parent":0,"menu_order":0,"comment_status":"closed","ping_status":"closed","template":"","meta":{"site-sidebar-layout":"no-sidebar","site-content-layout":"page-builder","ast-global-header-display":"","ast-main-header-display":"","ast-hfb-above-header-display":"","ast-hfb-below-header-display":"","ast-hfb-mobile-header-display":"","site-post-title":"disabled","ast-breadcrumbs-content":"","ast-featured-img":"disabled","footer-sml-layout":"","theme-transparent-header-meta":"","adv-header-id-meta":"","stick-header-meta":"","header-above-stick-meta":"","header-main-stick-meta":"","header-below-stick-meta":"","footnotes":""},"class_list":["post-3596","page","type-page","status-publish","hentry"],"_links":{"self":[{"href":"https:\/\/www.bio-oberems.de\/index.php\/wp-json\/wp\/v2\/pages\/3596","targetHints":{"allow":["GET"]}}],"collection":[{"href":"https:\/\/www.bio-oberems.de\/index.php\/wp-json\/wp\/v2\/pages"}],"about":[{"href":"https:\/\/www.bio-oberems.de\/index.php\/wp-json\/wp\/v2\/types\/page"}],"author":[{"embeddable":true,"href":"https:\/\/www.bio-oberems.de\/index.php\/wp-json\/wp\/v2\/users\/8"}],"replies":[{"embeddable":true,"href":"https:\/\/www.bio-oberems.de\/index.php\/wp-json\/wp\/v2\/comments?post=3596"}],"version-history":[{"count":13,"href":"https:\/\/www.bio-oberems.de\/index.php\/wp-json\/wp\/v2\/pages\/3596\/revisions"}],"predecessor-version":[{"id":3626,"href":"https:\/\/www.bio-oberems.de\/index.php\/wp-json\/wp\/v2\/pages\/3596\/revisions\/3626"}],"wp:attachment":[{"href":"https:\/\/www.bio-oberems.de\/index.php\/wp-json\/wp\/v2\/media?parent=3596"}],"curies":[{"name":"wp","href":"https:\/\/api.w.org\/{rel}","templated":true}]}}