{"id":359,"date":"2022-06-09T22:45:52","date_gmt":"2022-06-09T20:45:52","guid":{"rendered":"https:\/\/www.bio-oberems.de\/?page_id=359"},"modified":"2022-11-05T00:35:20","modified_gmt":"2022-11-04T23:35:20","slug":"fakten","status":"publish","type":"page","link":"https:\/\/www.bio-oberems.de\/index.php\/fakten\/","title":{"rendered":"Fakten"},"content":{"rendered":"\t\t<div data-elementor-type=\"wp-page\" data-elementor-id=\"359\" class=\"elementor elementor-359\">\n\t\t\t\t\t\t\t\t\t<section class=\"elementor-section elementor-top-section elementor-element elementor-element-6f48307 elementor-section-boxed elementor-section-height-default elementor-section-height-default\" data-id=\"6f48307\" data-element_type=\"section\">\n\t\t\t\t\t\t<div class=\"elementor-container elementor-column-gap-default\">\n\t\t\t\t\t<div class=\"elementor-column elementor-col-100 elementor-top-column elementor-element elementor-element-89150c7\" data-id=\"89150c7\" data-element_type=\"column\">\n\t\t\t<div class=\"elementor-widget-wrap elementor-element-populated\">\n\t\t\t\t\t\t\t\t<div class=\"elementor-element elementor-element-8225104 elementor-widget elementor-widget-heading\" data-id=\"8225104\" data-element_type=\"widget\" data-widget_type=\"heading.default\">\n\t\t\t\t<div class=\"elementor-widget-container\">\n\t\t\t<style>\/*! elementor - v3.11.5 - 14-03-2023 *\/\n.elementor-heading-title{padding:0;margin:0;line-height:1}.elementor-widget-heading .elementor-heading-title[class*=elementor-size-]>a{color:inherit;font-size:inherit;line-height:inherit}.elementor-widget-heading .elementor-heading-title.elementor-size-small{font-size:15px}.elementor-widget-heading .elementor-heading-title.elementor-size-medium{font-size:19px}.elementor-widget-heading .elementor-heading-title.elementor-size-large{font-size:29px}.elementor-widget-heading .elementor-heading-title.elementor-size-xl{font-size:39px}.elementor-widget-heading .elementor-heading-title.elementor-size-xxl{font-size:59px}<\/style><h1 class=\"elementor-heading-title elementor-size-default\">Fakten zum Gewerbegebiet<\/h1>\t\t<\/div>\n\t\t\t\t<\/div>\n\t\t\t\t\t<\/div>\n\t\t<\/div>\n\t\t\t\t\t\t\t<\/div>\n\t\t<\/section>\n\t\t\t\t<section class=\"elementor-section elementor-top-section elementor-element elementor-element-5345b1a elementor-section-boxed elementor-section-height-default elementor-section-height-default\" data-id=\"5345b1a\" data-element_type=\"section\">\n\t\t\t\t\t\t<div class=\"elementor-container elementor-column-gap-default\">\n\t\t\t\t\t<div class=\"elementor-column elementor-col-100 elementor-top-column elementor-element elementor-element-ab229b0\" data-id=\"ab229b0\" data-element_type=\"column\">\n\t\t\t<div class=\"elementor-widget-wrap elementor-element-populated\">\n\t\t\t\t\t\t\t\t<div class=\"elementor-element elementor-element-ea7442a elementor-widget elementor-widget-text-editor\" data-id=\"ea7442a\" data-element_type=\"widget\" data-widget_type=\"text-editor.default\">\n\t\t\t\t<div class=\"elementor-widget-container\">\n\t\t\t<style>\/*! elementor - v3.11.5 - 14-03-2023 *\/\n.elementor-widget-text-editor.elementor-drop-cap-view-stacked .elementor-drop-cap{background-color:#818a91;color:#fff}.elementor-widget-text-editor.elementor-drop-cap-view-framed .elementor-drop-cap{color:#818a91;border:3px solid;background-color:transparent}.elementor-widget-text-editor:not(.elementor-drop-cap-view-default) .elementor-drop-cap{margin-top:8px}.elementor-widget-text-editor:not(.elementor-drop-cap-view-default) .elementor-drop-cap-letter{width:1em;height:1em}.elementor-widget-text-editor .elementor-drop-cap{float:left;text-align:center;line-height:1;font-size:50px}.elementor-widget-text-editor .elementor-drop-cap-letter{display:inline-block}<\/style>\t\t\t\t<p>Am 14.05.2019 wurde im Rahmen eines sogenannten \u201eKommunengespr\u00e4ches\u201c zwischen der Gemeinde Glash\u00fctten, vertreten durch die damalige B\u00fcrgermeisterin Frau Brigitte Bannenberg (an diesem Tag entschuldigt) und dem Glash\u00fcttener Bauamtsleiter, und dem Regionalverband FrankfurtRheinMain der Vorentwurf des neuen Regionalen Fl\u00e4chennutzungsplans (RegFNP2030) f\u00fcr die Gemeinde Glash\u00fctten er\u00f6rtert.<\/p><p>Im Sommer 2020 wurde der Vorentwurf des RegFNP2030 vom Regionalverband und dem Regierungspr\u00e4sidium Darmstadt der Verbandskammer und der Regionalversammlung zur Beschlussfassung vorgelegt.<\/p><p>Im November und Dezember 2021 wurden der Gemeindevorstand, der Ausschuss f\u00fcr Umwelt, Bau und Infrastruktur sowie die Gemeindevertretung Glash\u00fctten dar\u00fcber in Kenntnis gesetzt.<\/p><p>Erst auf der <a href=\"https:\/\/www.gemeinde-glashuetten.de\/ratsinfo\/sitzungstermin\/ErdN38KN0xtWjzEi\/gemeindevertretung-8-sitzung\/\" target=\"_blank\" rel=\"noopener\" data-wplink-edit=\"true\">Gemeindevertreter-Sitzung vom 17.12.2021<\/a> wurden die beigef\u00fcgte <a href=\"https:\/\/rim.ekom21.de\/glashuetten\/webservice\/oparl\/v1.1\/body\/1\/files\/UGhVM0hpd2NXNFdFcExjZfOIq5v_T7f8JXbChKpDeVrnnGptzPrrjdCNGKcxCj4j\/Anlage1_Protokolltabelle_Glashuetten.pdf\" target=\"_blank\" rel=\"noopener\">Protokolltabelle<\/a> (Anlage 1), <a href=\"https:\/\/rim.ekom21.de\/glashuetten\/webservice\/oparl\/v1.1\/body\/1\/files\/UGhVM0hpd2NXNFdFcExjZZ4sHt9IBr4LC_B0D09N4Thw-ah4cvIzv29T2nyFd_8R\/Anlage2_Protokollkarte_Glashuetten.pdf\" target=\"_blank\" rel=\"noopener\">die zugeh\u00f6rige Landkarte<\/a> (Anlage 2) und das <a href=\"https:\/\/rim.ekom21.de\/glashuetten\/webservice\/oparl\/v1.1\/body\/1\/files\/UGhVM0hpd2NXNFdFcExjZTe0v6Yq2PHRa11A9K3ScRXpEKT6O6RHecZSd6YO4CYX\/Protokoll_Kommunengespraech_Glashuetten.pdf\" target=\"_blank\" rel=\"noopener\">Ergebnis des Gespr\u00e4ches vom 14.05.2019<\/a> (Anlage 3) \u00f6ffentlich.<\/p><p>Man unterscheidet dort zwischen \u201ePlanung\u201c (noch nicht realisiert) und \u201eBestand\u201c (vorhandene und rechtm\u00e4\u00dfig genehmigte Nutzung, z.B. bereits begonnene Verkehrserschlie\u00dfung). Die Vorschl\u00e4ge werden weiterhin in \u201eAufnahme\u201c, \u201ePr\u00fcfauftrag\u201c und \u201eEntf\u00e4llt\u201c kategorisiert.<\/p><ul><li>&#8222;Aufnahme&#8220; bedeutet, dass diese Fl\u00e4chen in den Vorentwurf des RegFNP2030 aufgenommen werden und keine Konflikte erkennbar sind (au\u00dfer den drei Vorranggebieten Landwirtschaft, regionaler Gr\u00fcnzug und Regionalparkkorridor oder fachgesetzliche Schutzgebiete).<\/li><li>Bei \u201ePr\u00fcfauftrag\u201c handelt es sich um Fl\u00e4chen, bei denen Konflikte mit den aktuellen Vorranggebieten bestehen.<\/li><li>\u201eEntf\u00e4llt\u201c hei\u00dft, diese Vorschl\u00e4ge werden nicht weiterverfolgt.<\/li><\/ul><p>Die Protokolltabelle (Anlage 1) zeigt, dass das Gewerbegebiet von 9,68 ha unter \u201eAufnahme\u201c deklariert ist, <strong>obwohl es sich um Konfliktfl\u00e4chen handelt, die ausschlie\u00dflich landwirtschaftlich genutzt werden.<\/strong><\/p><p>Es fehlt jegliche Infrastruktur f\u00fcr ein solches Vorhaben an dieser Stelle und das Vorhaben w\u00fcrde den Blick in und aus dem Tal endg\u00fcltig verbauen. Die Einkommensgrundlage unserer Landwirte w\u00e4re gef\u00e4hrdet und der Lebensraum von Wildtieren zerst\u00f6rt.<\/p><p>Gerade in Zeiten des \u00f6kologischen Wandels und bei absehbar wachsendem Bedarf an landwirtschaftlich genutzten Fl\u00e4chen ist eine massive, unumkehrbare Fl\u00e4chenversiegelung, bei der 100.000m\u00b2 agrarwirtschaftliche Fl\u00e4chen endg\u00fcltig wegfallen, absolut unvertretbar.<\/p><p>Die Auswirkungen auf unsere lokale Wasserversorgung und bei Starkregenereignissen wurden offensichtlich bisher gar nicht gepr\u00fcft.<\/p><p>Soll dieses Gewerbegebiet wirklich realisiert werden, obwohl<\/p><ol><li>keinerlei Untersuchung vorliegt, ob dieses Vorhaben grunds\u00e4tzlich und an dieser Stelle sinnvoll ist?<\/li><li>keine Analysen vorliegen hinsichtlich Bedarf \/ Nutzen \/ Kosten?<\/li><li>Folgeeffekte, Risiken (z.B. Wasserknappheit, Getreidenotstand) nicht einkalkuliert wurden?<\/li><li>in Zeiten des Klimawandels und der allgemeinen Erderw\u00e4rmung solche Eingriffe wohl\u00fcberlegt werden sollten?<\/li><li><a href=\"https:\/\/umwelt.hessen.de\/naturschutz\/kompensationsmassnahmen\" target=\"_blank\" rel=\"noopener\">Ausgleichsfl\u00e4chen<\/a> f\u00fcr die Zerst\u00f6rung von wertvollen bestehenden Ackerfl\u00e4chen geschaffen werden m\u00fcssten?<\/li><\/ol><p>Auch die beiden neu aufgenommenen Wohngebiete in Oberems sollten \u00fcberpr\u00fcft werden, gerade hinsichtlich der bestehenden NABU Wiese, die \u00fcber viele Jahre entstanden ist.<\/p>\t\t\t\t\t\t<\/div>\n\t\t\t\t<\/div>\n\t\t\t\t<div class=\"elementor-element elementor-element-6614c71 elementor-widget elementor-widget-heading\" data-id=\"6614c71\" data-element_type=\"widget\" data-widget_type=\"heading.default\">\n\t\t\t\t<div class=\"elementor-widget-container\">\n\t\t\t<h3 class=\"elementor-heading-title elementor-size-default\">Faktencheck: Wie ist es wirklich?<\/h3>\t\t<\/div>\n\t\t\t\t<\/div>\n\t\t\t\t<div class=\"elementor-element elementor-element-be10a46 elementor-widget elementor-widget-heading\" data-id=\"be10a46\" data-element_type=\"widget\" data-widget_type=\"heading.default\">\n\t\t\t\t<div class=\"elementor-widget-container\">\n\t\t\t<h4 class=\"elementor-heading-title elementor-size-default\">1. Es besteht ein erheblicher Bedarf an neuen Gewerbegebieten?<\/h4>\t\t<\/div>\n\t\t\t\t<\/div>\n\t\t\t\t<div class=\"elementor-element elementor-element-07619ef elementor-widget elementor-widget-text-editor\" data-id=\"07619ef\" data-element_type=\"widget\" data-widget_type=\"text-editor.default\">\n\t\t\t\t<div class=\"elementor-widget-container\">\n\t\t\t\t\t\t\t<p>Ein kurzer Check auf einigen der einschl\u00e4gigen Portale am 02.06.2022 ergab &#8211; jeweils 50 km rund um Oberems:<\/p><ul><li><a href=\"https:\/\/www.immowelt.de\/gewerbeliste\/61479\/gewerbegrundstuecke\/mk?r=50&amp;sd=DESC&amp;sf=AREA_SIZE&amp;sp=1\" target=\"_blank\" rel=\"noopener\">Immowelt<\/a> zeigt 51 Gewerbe-Grundst\u00fccke (mieten oder kaufen) in Gr\u00f6\u00dfen von 55m\u00b2 bis 55.000m\u00b2<\/li><li><a href=\"https:\/\/www.immobilienscout24.de\/gewerbe-flaechen\/de\/61479\/glashuetten\/gewerbegrundstuecke-kaufen\/polygon\/ZWRmckB3fGV0SHl+WWx1QHV8WGRgRHt5VnBkR2l5U3R+SXt+T3xqTHlvS2xmTntxRn5uT2trQWJjUGR7QWJiUGZfR2RsT3Z4S2RiTmBiUHplTGJ2U3J5SXxwVmhgR2hvWGh9Q35uWWx0QH5uWW10QGhvWGl9Q3xwVmlgR2J2U3N5SWBiUHtlTHZ4S2ViTmZfR2VsT2R7QWNiUGtrQWNjUHtxRl9vT3lvS21mTnt+T31qTGl5U3V+SXt5VnFkR3V8WGVgRHl+WW11QA==\/\" target=\"_blank\" rel=\"noopener\">ImmoScout<\/a> zeigt 85 Gewerbegrundst\u00fccke zum Kaufen mit bis zu 66.000m\u00b2<\/li><li><a href=\"https:\/\/www.immonet.de\/gewerbesuche\/sel.do?pageoffset=8425&amp;objecttype=3&amp;listsize=26&amp;locationname=Glash%C3%BCtten&amp;acid=&amp;actype=&amp;city=107510&amp;ajaxIsRadiusActive=true&amp;sortby=16&amp;suchart=2&amp;radius=50&amp;pcatmtypes=-1_-1&amp;pCatMTypeStoragefield=&amp;parentcat=-1&amp;marketingtype=-1&amp;fromprice=&amp;toprice=&amp;fromarea=&amp;toarea=&amp;fromplotarea=&amp;toplotarea=&amp;wbs=-1&amp;fromyear=&amp;toyear=&amp;fulltext=&amp;absenden=Ergebnisse+anzeigen\" target=\"_blank\" rel=\"noopener\">Immonet<\/a> zeigt 325 Seiten a 24 Eintr\u00e4ge (allerdings mit Dubletten)<\/li><li><a href=\"https:\/\/www.gewerbegebiete.de\/suchen\/Gewerbegebiete-Glash%C3%BCtten-61479-P2650?searchDistance=50&amp;selectedTypesOfUse=2%2C3%2C5%2C6%2C4\" target=\"_blank\" rel=\"noopener\">Gewerbegebiete.de<\/a> zeigt 267 Treffer<\/li><\/ul><p><span style=\"color: #ff0000;\"><strong>=&gt; Der Faktencheck ergibt: Nein.<\/strong><\/span>\u00a0 Es gibt sehr viele Leerst\u00e4nde im Umkreis. Diese sind bereits erschlossen und davon sind viele verkehrstechnisch deutlich besser angebunden (Bahn, Autobahn).<br \/>(Hinweis: Die dokumentierten Fakten beziehen sich auf den 02.06.2022. Tagesaktuell werden sich andere Ergebnisse zeigen.)<\/p>\t\t\t\t\t\t<\/div>\n\t\t\t\t<\/div>\n\t\t\t\t<div class=\"elementor-element elementor-element-74ecc0f elementor-widget elementor-widget-heading\" data-id=\"74ecc0f\" data-element_type=\"widget\" data-widget_type=\"heading.default\">\n\t\t\t\t<div class=\"elementor-widget-container\">\n\t\t\t<h4 class=\"elementor-heading-title elementor-size-default\">2. Die Gemeinde Glash\u00fctten verdient Geld mit der Ansiedlung von Gewerbe?<\/h4>\t\t<\/div>\n\t\t\t\t<\/div>\n\t\t\t\t<div class=\"elementor-element elementor-element-074460d elementor-widget elementor-widget-text-editor\" data-id=\"074460d\" data-element_type=\"widget\" data-widget_type=\"text-editor.default\">\n\t\t\t\t<div class=\"elementor-widget-container\">\n\t\t\t\t\t\t\t<p>Diese These ist unglaubw\u00fcrdig &#8211; Gemeinden haben nur in den seltensten F\u00e4llen Mehreinnahmen durch die Ansiedlung von Gewerbe. <a href=\"https:\/\/difu.de\/nachrichten\/neue-baugebiete-gewinn-oder-verlust-fuer-die-gemeindekasse\" target=\"_blank\" rel=\"noopener\">Insbesondere unter Ber\u00fccksichtigung der Erschlie\u00dfungskosten f\u00e4llt der Saldo von Einnahmen und Ausgaben bei Gewerbegebieten fast immer negativ aus.<\/a> <br \/>Das Gewerbegebiet an der B8 w\u00e4re bisher nicht erschlossen. Das bedeutet, die Kosten f\u00fcr Infrastruktur von Strom, Wasser, Abwasser, Internet und Telefon, und auch die neu erforderlichen Stra\u00dfen m\u00fcssen komplett von der Gemeinde aufgebracht werden. <br \/>Die bestehende Basisinfrastruktur &#8211; insbesondere in Bezug auf die Frischwasserversorgung und die Abwasserentsorgung &#8211; w\u00e4re dieser neuen Last nicht gewachsen. Es drohen der Verlust unserer lokalen Wasserversorgung und umfangreiche Bauma\u00dfnahmen f\u00fcr neue Abwasserkan\u00e4le. <br \/>Auch Abgaben an den Kreis und der kommunale Finanzausgleich m\u00fcssen betrachtet werden.<br \/><span style=\"color: #ff0000;\"><strong>=&gt; Der Faktencheck ergibt: Nein.<\/strong> <\/span>Auch wenn noch Vieles ungekl\u00e4rt ist, weist alles darauf hin, dass die Gemeinde Verluste einplant, die wir alle dann von unseren Steuern bezahlen m\u00fcssen.<\/p>\t\t\t\t\t\t<\/div>\n\t\t\t\t<\/div>\n\t\t\t\t<div class=\"elementor-element elementor-element-3eda276 elementor-widget elementor-widget-heading\" data-id=\"3eda276\" data-element_type=\"widget\" data-widget_type=\"heading.default\">\n\t\t\t\t<div class=\"elementor-widget-container\">\n\t\t\t<h4 class=\"elementor-heading-title elementor-size-default\">3. Die Verkehrsanbindung der B8 reicht aus?<\/h4>\t\t<\/div>\n\t\t\t\t<\/div>\n\t\t\t\t<div class=\"elementor-element elementor-element-7efdb71 elementor-widget elementor-widget-text-editor\" data-id=\"7efdb71\" data-element_type=\"widget\" data-widget_type=\"text-editor.default\">\n\t\t\t\t<div class=\"elementor-widget-container\">\n\t\t\t\t\t\t\t<p>Im Protokoll der Gemeindevertretungssitzung vom 17.12.2021 wurde als Ziel die Ansiedlung von Unternehmen mit jeweils 3.000 &#8211; 4.000m\u00b2 genannt. Das bedeutet ca. 30 Firmen auf der geplannten Fl\u00e4che von 100.000m\u00b2. <br>Bei angenommenen 50 Arbeitspl\u00e4tzen pro Unternehmen sind dies <strong>1500 neue Pendlerbewegungen <\/strong><strong>jeden Morgen und jeden Abend<\/strong>. Hinzu kommt der <strong>LKW-Verkehr f\u00fcr Zulieferung,<\/strong> <strong>Entsorgung und Versand von Waren<\/strong>. Die LKW und die vermutlich mehr als 1000 KFZ ben\u00f6tigen zus\u00e4tzlich Parkraum &#8211; schlie\u00dflich gibt es keinerlei Bahnanbindung. <br>F\u00fcr dieses zus\u00e4tzliche Verkehrsaufkommen ist die B8 nicht ausgelegt. Und die Anwohner der B8 in Glash\u00fctten, K\u00f6nigstein, Esch und Bad Camberg leiden jetzt schon unter dem Verkehrsl\u00e4rm.<br><span style=\"color: #ff0000;\"><strong>=&gt; Der Faktencheck ergibt: Nein! <\/strong><\/span>Das Gewerbegebiet wird erheblichen zus\u00e4tzlichen Verkehr und umfangreiche Bauma\u00dfnahmen der B8 auf der ganzen Strecke vom MTZ bis Bad Camberg \/ Idstein nach sich ziehen.<\/p>\t\t\t\t\t\t<\/div>\n\t\t\t\t<\/div>\n\t\t\t\t<div class=\"elementor-element elementor-element-b0a1c34 elementor-widget elementor-widget-heading\" data-id=\"b0a1c34\" data-element_type=\"widget\" data-widget_type=\"heading.default\">\n\t\t\t\t<div class=\"elementor-widget-container\">\n\t\t\t<h4 class=\"elementor-heading-title elementor-size-default\">4. Das Gewerbegebiet hat keine Auswirkungen auf das Umfeld?<\/h4>\t\t<\/div>\n\t\t\t\t<\/div>\n\t\t\t\t<div class=\"elementor-element elementor-element-2893b7c elementor-widget elementor-widget-text-editor\" data-id=\"2893b7c\" data-element_type=\"widget\" data-widget_type=\"text-editor.default\">\n\t\t\t\t<div class=\"elementor-widget-container\">\n\t\t\t\t\t\t\t<p>Diese These ignoriert die unmittelbare N\u00e4he zum Wald, Wassereinzugsgebiet, Landschaftsschutzgebiet und Naturschutzgebiet. <br \/>Es ist nur logisch, dass das Gewerbegebiet als zus\u00e4tzlicher Verbraucher von Wasser, Boden, sauberer Luft und Stille dann <strong>Abwasser, Bodenversiegelung, Staub, M\u00fcll und L\u00e4rm<\/strong> produzieren wird. Dies gilt insbesondere, wenn mit <strong>Gefahrenstoffen<\/strong> umgegangen wird, wie z.B. bei einem neuen Wertstoffhof.<\/p><p>Absehbar sind die nachstehenden Thematiken besonders betroffen:<\/p><ul><li><span style=\"color: #0f47af;\"><strong>Wald und Grundwasser:<\/strong><\/span> Unser Wald stirbt gro\u00dffl\u00e4chig wegen des abgesunkenen Grundwasserspiegels. Geringere Niederschlagsmengen und fehlende Grundwasserneubildung in den letzten Jahren verst\u00e4rken diese Problematik. Die Bohrung neuer Brunnen versch\u00e4rft die besorgniserregende Lage. Alle Gemeinden um uns herum haben Wassernotstand. Wir sollten alle zusammen weniger Wasser verbrauchen. Die Gemeinde sollte den Bau neuer, privater Zisternen zum Auffangen von Regenwasser und die Nutzung von Brauchwasser f\u00f6rdern und bei Neubauten zur Voraussetzung machen. Retentionsbecken zur F\u00f6rderung von Grundwasserneubildung, Biodiversit\u00e4t und gleichzeitigem Hochwasserschutz (beispielsweise im oberen Emsbachtal) sind dringend erforderliche Ma\u00dfnahmen, um unsere autarke Wasserversorgung und die wundersch\u00f6ne Natur um uns herum zu erhalten.<\/li><li><span style=\"color: #0f47af;\"><strong>Frischwasser:<\/strong><\/span> Bei jedem Gewerbegebiet muss mit Boden- und Wasserverschmutzung gerechnet werden. <a href=\"https:\/\/gruschu.hessen.de\/mapapps\/resources\/apps\/gruschu\/index.html?lang=de\" target=\"_blank\" rel=\"noopener\">Das Baugebiet ist nur wenige Meter vom Trinkwasserschutzgebiet Zone 2 und 3 entfernt<\/a> und liegt damit in unmittelbarer N\u00e4he zum Wassereinzugsgebiet von Oberems und Oberrod. Au\u00dferdem liegt es im Einzugsgebiet f\u00fcr den Emsbach und ist damit Bestandteil der Wasserversorgung der Gemeinden weiter n\u00f6rdlich von Oberems.<\/li><li><strong><span style=\"color: #0f47af;\">L\u00e4rm:<\/span><\/strong> <a href=\"https:\/\/www.dfld.de\/Mess\/Messwerte.php?R=001&amp;S=005&amp;D=03.06.2022\" target=\"_blank\" rel=\"noopener\">Oberems ist mit einem Ruhel\u00e4rm von ca. 37db (Im Sommer, ca. 2:10 Uhr nachts) gesegnet<\/a>. Im Februar ist der Emsbach die lauteste L\u00e4rmquelle (+ca. 5db). Ab Fr\u00fchling sind dann die Singv\u00f6gel ab ca. 4:30 die lauteste L\u00e4rmquelle. All das w\u00e4re durch zus\u00e4tzlichen LKW-\/PKW-Verkehr und m\u00f6glichen Produktionsl\u00e4rm f\u00fcr immer zerst\u00f6rt. Au\u00dferdem ist bis 2030 (offizieller Planungs-Endtermin) erheblicher Baul\u00e4rm absehbar.<\/li><li><span style=\"color: #0f47af;\"><strong>Licht:<\/strong><\/span> <a href=\"https:\/\/www.lightpollutionmap.info\/#zoom=12.17&amp;lat=50.2381&amp;lon=8.4589&amp;layers=B0FFFFFFFTFFFFFFFFFFF\" target=\"_blank\" rel=\"noopener\">Oberems genie\u00dft heute eine im Vergleich sehr geringe Lichtverschmutzung von 20.90 mag.\/arc sec\u00b2<\/a> . Anders gesagt: Weil es im Umkreis keine Gewerbegebiete gibt, haben die Wildtiere eine Heimat und wir Menschen k\u00f6nnen noch viele Sterne sehen.<\/li><\/ul><p><span style=\"color: #ff0000;\"><strong>=&gt; Der Faktencheck ergibt: Nein! <\/strong><\/span>Das Gewerbegebiet bringt <strong>erhebliche Belastungen und Risiken f\u00fcr das Umfeld und alle Bewohner. <\/strong><strong>Durch das Gewerbegebiet wird es mit der eigenen Wasserversorgung, Ruhe und Dunkelheit vorbei sein.<\/strong><\/p>\t\t\t\t\t\t<\/div>\n\t\t\t\t<\/div>\n\t\t\t\t<div class=\"elementor-element elementor-element-b89b687 elementor-widget elementor-widget-heading\" data-id=\"b89b687\" data-element_type=\"widget\" data-widget_type=\"heading.default\">\n\t\t\t\t<div class=\"elementor-widget-container\">\n\t\t\t<h4 class=\"elementor-heading-title elementor-size-default\">5. Mehr als das Gewerbegebiet ist nicht geplant?<\/h4>\t\t<\/div>\n\t\t\t\t<\/div>\n\t\t\t\t<div class=\"elementor-element elementor-element-12eea94 elementor-widget elementor-widget-text-editor\" data-id=\"12eea94\" data-element_type=\"widget\" data-widget_type=\"text-editor.default\">\n\t\t\t\t<div class=\"elementor-widget-container\">\n\t\t\t\t\t\t\t<p>Der Druck, neue Wohngebiete in Schlo\u00dfborn, Glash\u00fctten und Oberems auszuweisen, wird durch die 1.500 neuen Pendler weiter steigen. <strong>Damit wird die Bau-Spirale weiter angefeuert<\/strong>, obwohl bereits heute die Nachfrage das Angebot an Wohnfl\u00e4che weit \u00fcbersteigt. <br \/><span style=\"color: #ff0000;\"><strong>=&gt; Der Faktencheck ergibt: Nein! <\/strong><\/span>Das Gewerbegebiet wird den Charakter unseres Dorfes <strong>nachhaltig<\/strong> sch\u00e4digen.<\/p>\t\t\t\t\t\t<\/div>\n\t\t\t\t<\/div>\n\t\t\t\t\t<\/div>\n\t\t<\/div>\n\t\t\t\t\t\t\t<\/div>\n\t\t<\/section>\n\t\t\t\t\t\t\t<\/div>\n\t\t","protected":false},"excerpt":{"rendered":"<p>Fakten zum Gewerbegebiet Am 14.05.2019 wurde im Rahmen eines sogenannten \u201eKommunengespr\u00e4ches\u201c zwischen der Gemeinde Glash\u00fctten, vertreten durch die damalige B\u00fcrgermeisterin Frau Brigitte Bannenberg (an diesem Tag entschuldigt) und dem Glash\u00fcttener Bauamtsleiter, und dem Regionalverband FrankfurtRheinMain der Vorentwurf des neuen Regionalen Fl\u00e4chennutzungsplans (RegFNP2030) f\u00fcr die Gemeinde Glash\u00fctten er\u00f6rtert. Im Sommer 2020 wurde der Vorentwurf des RegFNP2030 &hellip;<\/p>\n<p class=\"read-more\"> <a class=\"\" href=\"https:\/\/www.bio-oberems.de\/index.php\/fakten\/\"> <span class=\"screen-reader-text\">Fakten<\/span> Weiterlesen &raquo;<\/a><\/p>\n","protected":false},"author":8,"featured_media":0,"parent":0,"menu_order":0,"comment_status":"closed","ping_status":"closed","template":"","meta":{"site-sidebar-layout":"no-sidebar","site-content-layout":"page-builder","ast-global-header-display":"","ast-main-header-display":"","ast-hfb-above-header-display":"","ast-hfb-below-header-display":"","ast-hfb-mobile-header-display":"","site-post-title":"disabled","ast-breadcrumbs-content":"","ast-featured-img":"disabled","footer-sml-layout":"","theme-transparent-header-meta":"","adv-header-id-meta":"","stick-header-meta":"","header-above-stick-meta":"","header-main-stick-meta":"","header-below-stick-meta":"","footnotes":""},"class_list":["post-359","page","type-page","status-publish","hentry"],"_links":{"self":[{"href":"https:\/\/www.bio-oberems.de\/index.php\/wp-json\/wp\/v2\/pages\/359","targetHints":{"allow":["GET"]}}],"collection":[{"href":"https:\/\/www.bio-oberems.de\/index.php\/wp-json\/wp\/v2\/pages"}],"about":[{"href":"https:\/\/www.bio-oberems.de\/index.php\/wp-json\/wp\/v2\/types\/page"}],"author":[{"embeddable":true,"href":"https:\/\/www.bio-oberems.de\/index.php\/wp-json\/wp\/v2\/users\/8"}],"replies":[{"embeddable":true,"href":"https:\/\/www.bio-oberems.de\/index.php\/wp-json\/wp\/v2\/comments?post=359"}],"version-history":[{"count":205,"href":"https:\/\/www.bio-oberems.de\/index.php\/wp-json\/wp\/v2\/pages\/359\/revisions"}],"predecessor-version":[{"id":3015,"href":"https:\/\/www.bio-oberems.de\/index.php\/wp-json\/wp\/v2\/pages\/359\/revisions\/3015"}],"wp:attachment":[{"href":"https:\/\/www.bio-oberems.de\/index.php\/wp-json\/wp\/v2\/media?parent=359"}],"curies":[{"name":"wp","href":"https:\/\/api.w.org\/{rel}","templated":true}]}}