{"id":3535,"date":"2023-01-18T13:59:28","date_gmt":"2023-01-18T12:59:28","guid":{"rendered":"https:\/\/www.bio-oberems.de\/?page_id=3535"},"modified":"2023-01-18T14:13:15","modified_gmt":"2023-01-18T13:13:15","slug":"taunus-zeitung-16-1-23","status":"publish","type":"page","link":"https:\/\/www.bio-oberems.de\/index.php\/taunus-zeitung-16-1-23\/","title":{"rendered":"Taunus Zeitung 16.1.23"},"content":{"rendered":"\t\t<div data-elementor-type=\"wp-page\" data-elementor-id=\"3535\" class=\"elementor elementor-3535\">\n\t\t\t\t\t\t\t\t\t<section class=\"elementor-section elementor-top-section elementor-element elementor-element-df9604a elementor-section-boxed elementor-section-height-default elementor-section-height-default\" data-id=\"df9604a\" data-element_type=\"section\">\n\t\t\t\t\t\t<div class=\"elementor-container elementor-column-gap-default\">\n\t\t\t\t\t<div class=\"elementor-column elementor-col-100 elementor-top-column elementor-element elementor-element-f054f39\" data-id=\"f054f39\" data-element_type=\"column\">\n\t\t\t<div class=\"elementor-widget-wrap elementor-element-populated\">\n\t\t\t\t\t\t\t\t<div class=\"elementor-element elementor-element-c272700 elementor-widget elementor-widget-text-editor\" data-id=\"c272700\" data-element_type=\"widget\" data-widget_type=\"text-editor.default\">\n\t\t\t\t<div class=\"elementor-widget-container\">\n\t\t\t<style>\/*! elementor - v3.11.5 - 14-03-2023 *\/\n.elementor-widget-text-editor.elementor-drop-cap-view-stacked .elementor-drop-cap{background-color:#818a91;color:#fff}.elementor-widget-text-editor.elementor-drop-cap-view-framed .elementor-drop-cap{color:#818a91;border:3px solid;background-color:transparent}.elementor-widget-text-editor:not(.elementor-drop-cap-view-default) .elementor-drop-cap{margin-top:8px}.elementor-widget-text-editor:not(.elementor-drop-cap-view-default) .elementor-drop-cap-letter{width:1em;height:1em}.elementor-widget-text-editor .elementor-drop-cap{float:left;text-align:center;line-height:1;font-size:50px}.elementor-widget-text-editor .elementor-drop-cap-letter{display:inline-block}<\/style>\t\t\t\t<p>Taunus Zeitung, 16.01.2023 (<a href=\"https:\/\/www.bio-oberems.de\/wp-content\/uploads\/2023\/01\/230116_TZ_TiefEnttaeuschteBuergerinitiative.pdf\" target=\"_blank\" rel=\"noopener\">pdf<\/a>)<\/p>\t\t\t\t\t\t<\/div>\n\t\t\t\t<\/div>\n\t\t\t\t\t<\/div>\n\t\t<\/div>\n\t\t\t\t\t\t\t<\/div>\n\t\t<\/section>\n\t\t\t\t<section class=\"elementor-section elementor-top-section elementor-element elementor-element-fdd8a2b elementor-section-boxed elementor-section-height-default elementor-section-height-default\" data-id=\"fdd8a2b\" data-element_type=\"section\">\n\t\t\t\t\t\t<div class=\"elementor-container elementor-column-gap-default\">\n\t\t\t\t\t<div class=\"elementor-column elementor-col-100 elementor-top-column elementor-element elementor-element-eaf9731\" data-id=\"eaf9731\" data-element_type=\"column\">\n\t\t\t<div class=\"elementor-widget-wrap elementor-element-populated\">\n\t\t\t\t\t\t\t\t<div class=\"elementor-element elementor-element-1a3b205 elementor-widget elementor-widget-heading\" data-id=\"1a3b205\" data-element_type=\"widget\" data-widget_type=\"heading.default\">\n\t\t\t\t<div class=\"elementor-widget-container\">\n\t\t\t<style>\/*! elementor - v3.11.5 - 14-03-2023 *\/\n.elementor-heading-title{padding:0;margin:0;line-height:1}.elementor-widget-heading .elementor-heading-title[class*=elementor-size-]>a{color:inherit;font-size:inherit;line-height:inherit}.elementor-widget-heading .elementor-heading-title.elementor-size-small{font-size:15px}.elementor-widget-heading .elementor-heading-title.elementor-size-medium{font-size:19px}.elementor-widget-heading .elementor-heading-title.elementor-size-large{font-size:29px}.elementor-widget-heading .elementor-heading-title.elementor-size-xl{font-size:39px}.elementor-widget-heading .elementor-heading-title.elementor-size-xxl{font-size:59px}<\/style><h1 class=\"elementor-heading-title elementor-size-default\">Tief entt\u00e4uschte B\u00fcrgerinitiative <\/h1>\t\t<\/div>\n\t\t\t\t<\/div>\n\t\t\t\t<div class=\"elementor-element elementor-element-39dfdd9 elementor-widget elementor-widget-text-editor\" data-id=\"39dfdd9\" data-element_type=\"widget\" data-widget_type=\"text-editor.default\">\n\t\t\t\t<div class=\"elementor-widget-container\">\n\t\t\t\t\t\t\t<p><span style=\"color: #000000;\"><strong>GLASH\u00dcTTEN <\/strong>BI nimmt Stellung zu Gewerbegebiet-Standortdebatte<\/span><\/p><p>Wohin mit dem Gewerbegebiet? Ist die rund zehn Hektar gro\u00dfe Fl\u00e4che oberhalb von Oberems geeignet, also jenes Gel\u00e4nde zwischen der Waldkante und dem Abzweig B8\/Frankfurter Stra\u00dfe? Welche Alternativen gibt es? Der Planungsverband Frankfurt\/Rhein-Main kann sich mit dem eingangs genannten Grundst\u00fcck gut anfreunden und schl\u00e4gt vor, es in der Neuauflage des Regionalen Fl\u00e4chennutzungsplans zu ber\u00fccksichtigen. In Glash\u00fctten regt sich an etlichen Stellen Widerspruch.<\/p><p>Deswegen hat der Ausschuss f\u00fcr Umwelt. Bau und Infrastruktur darum gebeten, alternative Standorte zu pr\u00fcfen (TZ vom Samstag). Diese Pr\u00fcfung ist nun Sache des Glash\u00fcttener Gemeindevorstands. Sie geht auf einen Vorsto\u00df der SPD zur\u00fcck.<\/p><p>Das Areal oberhalb von Oberems sollte auch nach Ansicht der B\u00fcrgerinitiative Oberems (BIO) aus dem Rennen sein. Die Gruppe hat nach eigenen Angaben mehr als 250 Mitglieder. Ihrer Darstellung nach wurde deutlich, \u201edass zahlreiche B\u00fcrger der Gemeinde diese Planung ausdr\u00fccklich ablehnen&#8220;. Mehr als zwei Dutzend B\u00fcrger besuchten die j\u00fcngste Ausschuss-Sitzung und wurden nach BIO-Worten \u201eerneut herb entt\u00e4uscht&#8220;.<\/p><p><strong>Betroffene brauchen \u201eschnelle L\u00f6sungen&#8220;<\/strong><\/p><p>Die B\u00fcrgerinitiative bedankt sich beim Ausschuss-Vorsitzenden Hans-J\u00fcrgen Staab (CDU), \u201edass einzelne Fragen aus dem Publikum zugelassen wurden&#8220;. Normalerweise sind in solchen Sitzungen Zuh\u00f6rer zugelassen, ohne dass diese G\u00e4ste sich \u00e4u\u00dfern d\u00fcrfen. Der Vorsitzende muss formal die Sitzung unterbrechen, damit das Publikum zu Wort kommen kann.<\/p><p>Zur Sprache kam eine Umfrage der Gemeindeverwaltung, die voriges Jahr wissen wollte: Wie gro\u00df ist der Bedarf an Gewerbefl\u00e4chen? Welche Betriebe brauchen mehr Platz? In welchem Umfang? Nach Auskunft der BI gingen die Ergebnisse den Mitgliedern des Ausschusses erst am Vorabend der Sitzung zu. Es gab bescheidene zehn R\u00fcckl\u00e4ufe, die einen Bedarf an Gewerbefl\u00e4chen von insgesamt gut 16000 Quadratmetern angemeldet h\u00e4tten. Im weiteren Verlauf der Sitzung, so informiert die BI in einer schriftlichen Stellungnahme, wurde erl\u00e4utert, dass allein eine Person einen Bedarf von 10000 Quadratmetern angegeben habe: \u201eMehr wurde \u00fcber die Bedarfsermittlung nicht mitgeteilt \u2014 weder, um welche Art von Gewerbe es sich handelt, noch, ob es ortsans\u00e4ssiges Gewerbe ist, noch, ob die Gemeinde \u00fcberhaupt die Seriosit\u00e4t der Meldung gepfr\u00fcft hat.&#8220; Aber genau dies sei doch entscheidend f\u00fcr die Frage, ob die Gemeinde diesen \u201eBedarf&#8220; weiteren konkreten Planungen mit gutem Gewissen zugrundelegen k\u00f6nne, zumal diese \u201emit massiven Auswirkungen f\u00fcr Glash\u00fctten und das umliegende Gebiet&#8220; verbunden seien. Drei dieser befragten Unternehmer h\u00e4tten gar dringenden Bedarf angemeldet und drohten sonst aus der Gemeinde abzuwandern, sagte B\u00fcrgermeister Thomas Ciesielski (CDU). Was sagt BIO? \u201eDiesen Unternehmern ist mit G9 beziehungsweise Alternativfl\u00e4chen nicht geholfen, denn bis zur Umsetzung w\u00fcrden noch viele Jahre vergehem und es bedarf schneller L\u00f6sungen f\u00fcr die Betroffenen.&#8220; F\u00fcr die BI ging die Sitzung \u201emit den Entt\u00e4uschungen&#8220; weiter: \u201eIn Erg\u00e4nzung zu dem Vorschlag der SPD, eine Gewerbefl\u00e4che hinter dem Rewe-Markt neben den Salzsilos zu pr\u00fcfen, pr\u00e4sentierten nur drei der sechs Fraktionen weitere Alternativfl\u00e4chen.&#8220;<\/p><p>Untersucht werden sollen nun au\u00dferdem das dreieckige Areal zwischen Frankfurter Stra\u00dfe, Roder Weg und Umspannweg oberhalb von Oberems, das \u201eHerbst-Grundst\u00fcck&#8220; in Oberems sowie das vom Planungsverband vorgesehene Gebiet \u201eGlas_G_9&#8243; entlang der B8.<\/p><p>Die Vorschl\u00e4ge, die auf den Tisch kamen, fielen \u00e4hnlich oder gleichlautend aus. Von der FDP war keine Idee gekommen, denn die Gemeinde sei ja nicht gezwungen, das umstrittene Gel\u00e4nde als Gewerbeflache auszuweisen. Andere Alternativen seien schon benannt. Einer der Vorschl\u00e4ge der Gr\u00fcnen war laut BI eine aus insgesamt drei Parzellen bestehende, noch gr\u00f6\u00dfere Fl\u00e4che als G9, ebenfalls am Ortseingang von Oberems. jedoch in Richtung Idstein liegend. Es handele sich hierbei um die Fl\u00e4che oberhalb des Umspannwerkes in Oberems bis hoch an die B8. Die BI nimmt Bezug auf Aussagen der Gr\u00fcnen im Kommunalwahlkampf 2021 und fragt: \u201eWie kann es sein, dass eine Partei, die sich mit Aussagen wie ,schonender Umgang mit unserer Umwelt&#8216; oder ,Nutzung von Baul\u00fccken statt gro\u00dffl\u00e4chiger Bebauung an den Ortsr\u00e4ndern&#8216; auf ihrer eigenen Homepage pr\u00e4sentiert, derart von ihren Wahlversprechen abr\u00fcckt?&#8220;<\/p><p><strong>\u201eVorhaben ist v\u00f6llig \u00fcberdimensioniert&#8220;<\/strong><\/p><p>Die W\u00e4hlergemeinschaft Schlo\u00dfborn (WGS) erw\u00e4hnte den immer noch m\u00f6glichen Bau der B8-Umgehung und f\u00fcrchtet, dass die Planung von neuen Gewerbeansiedlungen damit kollidieren k\u00f6nne. Zu welchen Schl\u00fcssen kommt die BI? Sie schreibt: \u201eDie Sitzung schloss mit dem Auftrag an den Gemeindevorstand, die alternativen Fl\u00e4chen im Vergleich zur G9-FI\u00e4che zu pr\u00fcfen oder die Pr\u00fcfung dem Planungsverband zu \u00fcberlassen und das Ergebnis im Herbst der Gemeindevertretung mitzuteilen. Es ist also unklar, wer pr\u00fcfen soll; ebenso unklar ist, nach welchen Kriterien die Vorschl\u00e4ge gepr\u00fcft werden sollen: Die eigenen Pr\u00fcfkriterien kenne man nicht, r\u00e4umte Herr Staab auf Nachfrage ein.&#8220; Das Vorhaben, \u201eein v\u00f6llig \u00fcberdimensioniertes Gewerbegebiet vor den Toren von Oberems zu schaffen&#8220;, sei keineswegs vom Tisch. Gerade die CDU habe sich von dieser Vision \u201eleider nicht ansatzweise verabschiedet&#8220;. Die Sitzung hinterlasse \u201eein ungutes Gef\u00fchl von Widerspr\u00fcchen und von nicht zu Ende gedachten Anregungen der Gemeindevertreter&#8220;.<\/p><p>red\/as\/ask<\/p>\t\t\t\t\t\t<\/div>\n\t\t\t\t<\/div>\n\t\t\t\t\t<\/div>\n\t\t<\/div>\n\t\t\t\t\t\t\t<\/div>\n\t\t<\/section>\n\t\t\t\t\t\t\t<\/div>\n\t\t","protected":false},"excerpt":{"rendered":"<p>Taunus Zeitung, 16.01.2023 (pdf) Tief entt\u00e4uschte B\u00fcrgerinitiative GLASH\u00dcTTEN BI nimmt Stellung zu Gewerbegebiet-Standortdebatte Wohin mit dem Gewerbegebiet? Ist die rund zehn Hektar gro\u00dfe Fl\u00e4che oberhalb von Oberems geeignet, also jenes Gel\u00e4nde zwischen der Waldkante und dem Abzweig B8\/Frankfurter Stra\u00dfe? Welche Alternativen gibt es? Der Planungsverband Frankfurt\/Rhein-Main kann sich mit dem eingangs genannten Grundst\u00fcck gut anfreunden &hellip;<\/p>\n<p class=\"read-more\"> <a class=\"\" href=\"https:\/\/www.bio-oberems.de\/index.php\/taunus-zeitung-16-1-23\/\"> <span class=\"screen-reader-text\">Taunus Zeitung 16.1.23<\/span> Weiterlesen &raquo;<\/a><\/p>\n","protected":false},"author":8,"featured_media":0,"parent":0,"menu_order":0,"comment_status":"closed","ping_status":"closed","template":"","meta":{"site-sidebar-layout":"no-sidebar","site-content-layout":"page-builder","ast-global-header-display":"","ast-main-header-display":"","ast-hfb-above-header-display":"","ast-hfb-below-header-display":"","ast-hfb-mobile-header-display":"","site-post-title":"disabled","ast-breadcrumbs-content":"","ast-featured-img":"disabled","footer-sml-layout":"","theme-transparent-header-meta":"","adv-header-id-meta":"","stick-header-meta":"","header-above-stick-meta":"","header-main-stick-meta":"","header-below-stick-meta":"","footnotes":""},"class_list":["post-3535","page","type-page","status-publish","hentry"],"_links":{"self":[{"href":"https:\/\/www.bio-oberems.de\/index.php\/wp-json\/wp\/v2\/pages\/3535","targetHints":{"allow":["GET"]}}],"collection":[{"href":"https:\/\/www.bio-oberems.de\/index.php\/wp-json\/wp\/v2\/pages"}],"about":[{"href":"https:\/\/www.bio-oberems.de\/index.php\/wp-json\/wp\/v2\/types\/page"}],"author":[{"embeddable":true,"href":"https:\/\/www.bio-oberems.de\/index.php\/wp-json\/wp\/v2\/users\/8"}],"replies":[{"embeddable":true,"href":"https:\/\/www.bio-oberems.de\/index.php\/wp-json\/wp\/v2\/comments?post=3535"}],"version-history":[{"count":10,"href":"https:\/\/www.bio-oberems.de\/index.php\/wp-json\/wp\/v2\/pages\/3535\/revisions"}],"predecessor-version":[{"id":3551,"href":"https:\/\/www.bio-oberems.de\/index.php\/wp-json\/wp\/v2\/pages\/3535\/revisions\/3551"}],"wp:attachment":[{"href":"https:\/\/www.bio-oberems.de\/index.php\/wp-json\/wp\/v2\/media?parent=3535"}],"curies":[{"name":"wp","href":"https:\/\/api.w.org\/{rel}","templated":true}]}}