{"id":3466,"date":"2023-01-12T23:30:14","date_gmt":"2023-01-12T22:30:14","guid":{"rendered":"https:\/\/www.bio-oberems.de\/?page_id=3466"},"modified":"2023-01-12T23:48:15","modified_gmt":"2023-01-12T22:48:15","slug":"aubi-11-1-23","status":"publish","type":"page","link":"https:\/\/www.bio-oberems.de\/index.php\/aubi-11-1-23\/","title":{"rendered":"AUBI 11.1.23"},"content":{"rendered":"\t\t<div data-elementor-type=\"wp-page\" data-elementor-id=\"3466\" class=\"elementor elementor-3466\">\n\t\t\t\t\t\t\t\t\t<section class=\"elementor-section elementor-top-section elementor-element elementor-element-4dd0b54 elementor-section-boxed elementor-section-height-default elementor-section-height-default\" data-id=\"4dd0b54\" data-element_type=\"section\">\n\t\t\t\t\t\t<div class=\"elementor-container elementor-column-gap-default\">\n\t\t\t\t\t<div class=\"elementor-column elementor-col-100 elementor-top-column elementor-element elementor-element-d5b8565\" data-id=\"d5b8565\" data-element_type=\"column\">\n\t\t\t<div class=\"elementor-widget-wrap elementor-element-populated\">\n\t\t\t\t\t\t\t\t<div class=\"elementor-element elementor-element-a8d19e3 elementor-widget elementor-widget-heading\" data-id=\"a8d19e3\" data-element_type=\"widget\" data-widget_type=\"heading.default\">\n\t\t\t\t<div class=\"elementor-widget-container\">\n\t\t\t<style>\/*! elementor - v3.11.5 - 14-03-2023 *\/\n.elementor-heading-title{padding:0;margin:0;line-height:1}.elementor-widget-heading .elementor-heading-title[class*=elementor-size-]>a{color:inherit;font-size:inherit;line-height:inherit}.elementor-widget-heading .elementor-heading-title.elementor-size-small{font-size:15px}.elementor-widget-heading .elementor-heading-title.elementor-size-medium{font-size:19px}.elementor-widget-heading .elementor-heading-title.elementor-size-large{font-size:29px}.elementor-widget-heading .elementor-heading-title.elementor-size-xl{font-size:39px}.elementor-widget-heading .elementor-heading-title.elementor-size-xxl{font-size:59px}<\/style><h1 class=\"elementor-heading-title elementor-size-default\">B.I.O. informiert: AUBI-Sitzung vom 11.01.2023<\/h1>\t\t<\/div>\n\t\t\t\t<\/div>\n\t\t\t\t\t<\/div>\n\t\t<\/div>\n\t\t\t\t\t\t\t<\/div>\n\t\t<\/section>\n\t\t\t\t<section class=\"elementor-section elementor-top-section elementor-element elementor-element-aba823a elementor-section-boxed elementor-section-height-default elementor-section-height-default\" data-id=\"aba823a\" data-element_type=\"section\">\n\t\t\t\t\t\t<div class=\"elementor-container elementor-column-gap-default\">\n\t\t\t\t\t<div class=\"elementor-column elementor-col-100 elementor-top-column elementor-element elementor-element-af107f0\" data-id=\"af107f0\" data-element_type=\"column\">\n\t\t\t<div class=\"elementor-widget-wrap elementor-element-populated\">\n\t\t\t\t\t\t\t\t<div class=\"elementor-element elementor-element-1e30dde elementor-widget elementor-widget-text-editor\" data-id=\"1e30dde\" data-element_type=\"widget\" data-widget_type=\"text-editor.default\">\n\t\t\t\t<div class=\"elementor-widget-container\">\n\t\t\t<style>\/*! elementor - v3.11.5 - 14-03-2023 *\/\n.elementor-widget-text-editor.elementor-drop-cap-view-stacked .elementor-drop-cap{background-color:#818a91;color:#fff}.elementor-widget-text-editor.elementor-drop-cap-view-framed .elementor-drop-cap{color:#818a91;border:3px solid;background-color:transparent}.elementor-widget-text-editor:not(.elementor-drop-cap-view-default) .elementor-drop-cap{margin-top:8px}.elementor-widget-text-editor:not(.elementor-drop-cap-view-default) .elementor-drop-cap-letter{width:1em;height:1em}.elementor-widget-text-editor .elementor-drop-cap{float:left;text-align:center;line-height:1;font-size:50px}.elementor-widget-text-editor .elementor-drop-cap-letter{display:inline-block}<\/style>\t\t\t\t<p>Am 11.01.2023 war es endlich soweit: Die Fraktionen der Gemeinde Glash\u00fctten sollten, dem Aufruf des Ausschusses f\u00fcr Umwelt, Bau und Infrastruktur (AUBI) folgend, alternative Fl\u00e4chen zu dem f\u00fcr den n\u00e4chsten Regionalen Fl\u00e4chennutzungsplan vorgesehenen knapp 100.000 m\u00b2 gro\u00dfen Gewerbegebiet benennen.<\/p><p>Dieser Aufruf war dem Antrag der SPD vom 29.09.2022 zu verdanken, und dieser wiederum wurde eingereicht, weil der Gemeinde Glash\u00fctten insbesondere durch B.I.O. e.V. und seinen \u00fcber 250 Mitgliedern deutlich wurde, dass zahlreiche B\u00fcrger der Gemeinde diese Planung ausdr\u00fccklich ablehnen.<\/p><p>Die insgesamt 28 B\u00fcrgerinnen und B\u00fcrger, die der Sitzung des Ausschusses beiwohnten, waren dementsprechend sehr gespannt \u2013 und wurden erneut herb entt\u00e4uscht:<\/p><p>Vorab jedoch m\u00f6chte B.I.O. sich ausdr\u00fccklich bei Herrn J\u00fcrgen Staab (Vorsitzender des AUBI) daf\u00fcr bedanken, dass einzelne Fragen aus dem Publikum zugelassen wurden.<\/p><p>Eingangs wurde auf die Bedarfsanfrage der Gemeinde Glash\u00fctten vom Herbst letzten Jahres verwiesen, deren Ergebnis erst am Vorabend (ein Schelm, wer B\u00f6ses dabei denkt) den Mitgliedern des Ausschusses zugesendet wurde. Hierbei handelt es sich um eine kurze Tabelle, in der nach Aussage von Herrn J\u00fcrgen Staab und Herrn Thomas Ciesielski (B\u00fcrgermeister von Glash\u00fctten) 10 Personen einen Bedarf an Gewerbefl\u00e4chen von insgesamt 16.190 m\u00b2 angemeldet h\u00e4tten. Im weiteren Verlauf der Sitzung wurde erl\u00e4utert, dass allein eine Person einen Bedarf von 10.000 m\u00b2 angegeben habe.<\/p><p>Mehr wurde \u00fcber die Bedarfsermittlung nicht mitgeteilt \u2013 weder, um welche Art von Gewerbe es sich handelt, noch, ob es ortsans\u00e4ssiges Gewerbe ist, noch, ob die Gemeinde \u00fcberhaupt die Seriosit\u00e4t der Meldung gepr\u00fcft hat. Aber genau das ist doch entscheidend f\u00fcr die Frage, ob man diesen \u201eBedarf\u201c weiteren konkreten Planungen mit gutem Gewissen zugrunde legen kann, zumal diese mit massiven Auswirkungen f\u00fcr Glash\u00fctten und das umliegende Gebiet verbunden w\u00e4ren.<br \/>Drei dieser Unternehmer h\u00e4tten gar dringenden Bedarf angemeldet und drohten sonst aus der Gemeinde abzuwandern, so Herr Ciesielski. Aber wir von B.I.O. sagen: Diesen Unternehmern ist mit G9 bzw. Alternativfl\u00e4chen nicht geholfen, denn bis zur Umsetzung w\u00fcrden noch viele Jahre vergehen und es bedarf schneller L\u00f6sungen f\u00fcr die Betroffenen.<\/p><p>Und weiter ging es mit den Entt\u00e4uschungen des Publikums: In Erg\u00e4nzung zu dem Vorschlag der SPD, eine Gewerbefl\u00e4che hinter dem REWE-Markt neben den Salzsilos zu pr\u00fcfen, pr\u00e4sentierten nur drei der insgesamt sechs Fraktionen weitere Alternativfl\u00e4chen:<br \/>Zun\u00e4chst benannte die Fraktion von B\u00fcndnis 90\/Die Gr\u00fcnen die freie Fl\u00e4che im M\u00fchlweg in Oberems, deren Nutzung aber nach Aussage von J\u00fcrgen Staab an soziale Kriterien gebunden ist. \u00dcber Umfang und Ausgestaltung der sozialen Nutzung wurde nicht informiert.<\/p><p>Ein weiterer Vorschlag der Gr\u00fcnen war eine aus insgesamt drei Parzellen bestehende, noch gr\u00f6\u00dfere Fl\u00e4che als G9 (sage und schreibe ca. 11 Hektar!), ebenfalls am Ortseingang von Oberems, jedoch in Richtung Idstein liegend. Es handelt sich hierbei um die Fl\u00e4che oberhalb des Umspannwerkes in Oberems bis hoch an die B8. <br \/>Doch wie l\u00e4sst sich dieser Einwurf von B\u00fcndnis 90\/Die Gr\u00fcnen mit den von ihnen im letzten Kommunalwahlkampf ge\u00e4u\u00dferten Versprechen vereinbaren? Wie kann es sein, dass eine Partei, die sich mit Aussagen wie <i>&#8222;schonender Umgang mit unserer Umwelt&#8220;<\/i> oder <i>&#8222;Nutzung von Baul\u00fccken statt gro\u00dffl\u00e4chiger Bebauung an den Ortsr\u00e4ndern&#8220;<\/i> auf ihrer eigenen Homepage pr\u00e4sentiert, derart von ihren Wahlversprechen abr\u00fcckt? F\u00fcr uns steht das tats\u00e4chliche Vorgehen der Gr\u00fcnen in einem klaren Widerspruch zu diesen Aussagen.<\/p><p>Die Freie W\u00e4hlergemeinschaft Glash\u00fctten (FWG) bekannte sich zu neuen Gewerbefl\u00e4chen, aber ausschlie\u00dflich f\u00fcr kleines Gewerbe von Handwerkern, d.h. keine Superm\u00e4rkte und kein gro\u00dffl\u00e4chiges Gewerbe, und schlug eine Erweiterung neben den Salzsilos an der B8 oder gegen\u00fcber von Rewe vor. Letzteres ist aber bekanntlich Gemarkung Idstein und beherbergt Idsteiner Trinkwasserinfrastruktur &#8211; so jedenfalls die Aussage des Herrn Staab. Auch eine Fl\u00e4che am Umspannwerk in Oberems k\u00f6nne man sich vorstellen, Gr\u00f6\u00dfenordnung unbekannt. Da mag sich der eine oder andere m\u00fcndige B\u00fcrger sicherlich fragen, ob die FWG ihre eigenen Vorschl\u00e4ge vorher inhaltlich n\u00e4her gepr\u00fcft hat.<\/p><p>Die FDP-Fraktion hat rein gar nichts unternommen; sie m\u00f6chte nach Aussage ihrer Vertreterin Sinah-Sophia Ne\u00df &#8222;vorsorglich&#8220; an der Planfl\u00e4che im RegFNP2030 festhalten und sieht keinerlei Anlass, \u00fcberhaupt nach Alternativen zu suchen. Vielleicht best\u00fcnde ja in zwanzig Jahren Bedarf an solch weitl\u00e4ufigen Gewerbefl\u00e4chen, so die Argumentation der FDP und man k\u00f6nne ja erst nur den Teil erschlie\u00dfen, den man br\u00e4uchte. Dabei muss doch bei Beginn der Erschlie\u00dfung die endg\u00fcltige Fl\u00e4che schon feststehen und vor allem auch erschlossen werden, selbst wenn man sie erst einer sp\u00e4teren Nutzung zuf\u00fchrt\u2013 auch hier hat man offensichtlich leider nicht ganz zu Ende gedacht.<\/p><p>Die W\u00e4hlergemeinschaft Schlossborn (WGS) hatte ebenfalls keine Alternativen benannt, jedoch aus nachvollziehbaren \u00dcberlegungen: Zum einen hat die WGS den immer noch m\u00f6glichen Bau der B8-Umgehung im Blick und ist der Meinung, dass die Planung von neuen Gewerbeansiedlungen zwingend daran gekoppelt sein sollte. Auch sei bisher noch kein nachvollziehbarer Bedarf ermittelt worden und die Gemeindevertreter h\u00e4tten doch gerade erst beschlossen, ein Gemeindeentwicklungskonzept zu erstellen. Sinnvoll w\u00e4re es, das Ergebnis dieses Konzepts abzuwarten und dann mit weiteren Planungen in Bezug auf Gewerbestandorte zu vereinen.<\/p><p>Die CDU-Fraktion der Gemeinde Glash\u00fctten erkl\u00e4rte, mehrere Fl\u00e4chen gefunden und einer tiefergehenden Pr\u00fcfung unterzogen zu haben, um schlie\u00dflich drei \u201eAlternativen\u201c benennen zu k\u00f6nnen: Eine gro\u00dfe Fl\u00e4che neben den Salzsilos, die riesige Fl\u00e4che am Umspannwerk in Oberems sowie eine abgespeckte Version des umstrittenen G9-Gebiet. Nach welchen Kriterien die CDU-Fraktion ihre Suche gestaltet und sich f\u00fcr diese drei Fl\u00e4chen entschieden hat, wurde nicht mitgeteilt.<\/p><p>Die Sitzung schloss mit dem Auftrag an den Gemeindevorstand, die alternativen Fl\u00e4chen im Vergleich zur G9-Fl\u00e4che zu pr\u00fcfen, oder die Pr\u00fcfung dem Planungsverband des Regionalverbandes FrankfurtRheinMain zu \u00fcberlassen, und das Ergebnis im Herbst der Gemeindevertretung mitzuteilen. <br \/>Es ist also unklar, wer pr\u00fcfen soll, und ebenso unklar ist, nach welchen Kriterien die Vorschl\u00e4ge gepr\u00fcft werden sollen: Die eigenen Pr\u00fcfkriterien kenne man nicht, r\u00e4umte Herr Staab auf Nachfrage ein.<\/p><p>Klar ist: Das Vorhaben, ein v\u00f6llig \u00fcberdimensioniertes Gewerbegebiet vor den Toren von Oberems zu schaffen, ist keineswegs vom Tisch! Gerade die CDU hat sich von dieser Vision leider nicht ansatzweise verabschiedet. Umso wichtiger ist, dass wir B\u00fcrger die Augen und Ohren aufhalten, denn dieses Thema ist f\u00fcr die weitere Gestaltung der gesamten Gemeinde Glash\u00fctten von immenser und endg\u00fcltiger Bedeutung.<\/p><p>Diese wichtige Sitzung hinterl\u00e4sst ein ungutes Gef\u00fchl von Widerspr\u00fcchen und von nicht zu Ende gedachten Anregungen der Gemeindevertretern \u2013 Ihr k\u00f6nnt das besser, wie glauben (noch) an Euch!!<\/p>\t\t\t\t\t\t<\/div>\n\t\t\t\t<\/div>\n\t\t\t\t<div class=\"elementor-element elementor-element-b1c3917 elementor-widget elementor-widget-text-editor\" data-id=\"b1c3917\" data-element_type=\"widget\" data-widget_type=\"text-editor.default\">\n\t\t\t\t<div class=\"elementor-widget-container\">\n\t\t\t\t\t\t\t<p style=\"text-align: right;\">12.01.2023<\/p>\t\t\t\t\t\t<\/div>\n\t\t\t\t<\/div>\n\t\t\t\t\t<\/div>\n\t\t<\/div>\n\t\t\t\t\t\t\t<\/div>\n\t\t<\/section>\n\t\t\t\t\t\t\t<\/div>\n\t\t","protected":false},"excerpt":{"rendered":"<p>B.I.O. informiert: AUBI-Sitzung vom 11.01.2023 Am 11.01.2023 war es endlich soweit: Die Fraktionen der Gemeinde Glash\u00fctten sollten, dem Aufruf des Ausschusses f\u00fcr Umwelt, Bau und Infrastruktur (AUBI) folgend, alternative Fl\u00e4chen zu dem f\u00fcr den n\u00e4chsten Regionalen Fl\u00e4chennutzungsplan vorgesehenen knapp 100.000 m\u00b2 gro\u00dfen Gewerbegebiet benennen. Dieser Aufruf war dem Antrag der SPD vom 29.09.2022 zu verdanken, &hellip;<\/p>\n<p class=\"read-more\"> <a class=\"\" href=\"https:\/\/www.bio-oberems.de\/index.php\/aubi-11-1-23\/\"> <span class=\"screen-reader-text\">AUBI 11.1.23<\/span> Weiterlesen &raquo;<\/a><\/p>\n","protected":false},"author":8,"featured_media":0,"parent":0,"menu_order":0,"comment_status":"closed","ping_status":"closed","template":"","meta":{"site-sidebar-layout":"no-sidebar","site-content-layout":"page-builder","ast-global-header-display":"","ast-main-header-display":"","ast-hfb-above-header-display":"","ast-hfb-below-header-display":"","ast-hfb-mobile-header-display":"","site-post-title":"disabled","ast-breadcrumbs-content":"","ast-featured-img":"disabled","footer-sml-layout":"","theme-transparent-header-meta":"","adv-header-id-meta":"","stick-header-meta":"","header-above-stick-meta":"","header-main-stick-meta":"","header-below-stick-meta":"","footnotes":""},"class_list":["post-3466","page","type-page","status-publish","hentry"],"_links":{"self":[{"href":"https:\/\/www.bio-oberems.de\/index.php\/wp-json\/wp\/v2\/pages\/3466","targetHints":{"allow":["GET"]}}],"collection":[{"href":"https:\/\/www.bio-oberems.de\/index.php\/wp-json\/wp\/v2\/pages"}],"about":[{"href":"https:\/\/www.bio-oberems.de\/index.php\/wp-json\/wp\/v2\/types\/page"}],"author":[{"embeddable":true,"href":"https:\/\/www.bio-oberems.de\/index.php\/wp-json\/wp\/v2\/users\/8"}],"replies":[{"embeddable":true,"href":"https:\/\/www.bio-oberems.de\/index.php\/wp-json\/wp\/v2\/comments?post=3466"}],"version-history":[{"count":10,"href":"https:\/\/www.bio-oberems.de\/index.php\/wp-json\/wp\/v2\/pages\/3466\/revisions"}],"predecessor-version":[{"id":3478,"href":"https:\/\/www.bio-oberems.de\/index.php\/wp-json\/wp\/v2\/pages\/3466\/revisions\/3478"}],"wp:attachment":[{"href":"https:\/\/www.bio-oberems.de\/index.php\/wp-json\/wp\/v2\/media?parent=3466"}],"curies":[{"name":"wp","href":"https:\/\/api.w.org\/{rel}","templated":true}]}}