{"id":3419,"date":"2022-12-30T15:09:12","date_gmt":"2022-12-30T14:09:12","guid":{"rendered":"https:\/\/www.bio-oberems.de\/?page_id=3419"},"modified":"2022-12-30T15:14:55","modified_gmt":"2022-12-30T14:14:55","slug":"weihnachtsmarkt-4-12-22","status":"publish","type":"page","link":"https:\/\/www.bio-oberems.de\/index.php\/weihnachtsmarkt-4-12-22\/","title":{"rendered":"Weihnachtsmarkt 4.12.22"},"content":{"rendered":"\t\t<div data-elementor-type=\"wp-page\" data-elementor-id=\"3419\" class=\"elementor elementor-3419\">\n\t\t\t\t\t\t\t\t\t<section class=\"elementor-section elementor-top-section elementor-element elementor-element-0e243e5 elementor-section-boxed elementor-section-height-default elementor-section-height-default\" data-id=\"0e243e5\" data-element_type=\"section\">\n\t\t\t\t\t\t<div class=\"elementor-container elementor-column-gap-default\">\n\t\t\t\t\t<div class=\"elementor-column elementor-col-100 elementor-top-column elementor-element elementor-element-0b0b591\" data-id=\"0b0b591\" data-element_type=\"column\">\n\t\t\t<div class=\"elementor-widget-wrap elementor-element-populated\">\n\t\t\t\t\t\t\t\t<div class=\"elementor-element elementor-element-202f3fb elementor-widget elementor-widget-heading\" data-id=\"202f3fb\" data-element_type=\"widget\" data-widget_type=\"heading.default\">\n\t\t\t\t<div class=\"elementor-widget-container\">\n\t\t\t<style>\/*! elementor - v3.11.5 - 14-03-2023 *\/\n.elementor-heading-title{padding:0;margin:0;line-height:1}.elementor-widget-heading .elementor-heading-title[class*=elementor-size-]>a{color:inherit;font-size:inherit;line-height:inherit}.elementor-widget-heading .elementor-heading-title.elementor-size-small{font-size:15px}.elementor-widget-heading .elementor-heading-title.elementor-size-medium{font-size:19px}.elementor-widget-heading .elementor-heading-title.elementor-size-large{font-size:29px}.elementor-widget-heading .elementor-heading-title.elementor-size-xl{font-size:39px}.elementor-widget-heading .elementor-heading-title.elementor-size-xxl{font-size:59px}<\/style><h1 class=\"elementor-heading-title elementor-size-default\">Unsere erste Teilnahme an dem Oberemser Weihnachtsmarkt am 04.12.2022<\/h1>\t\t<\/div>\n\t\t\t\t<\/div>\n\t\t\t\t\t<\/div>\n\t\t<\/div>\n\t\t\t\t\t\t\t<\/div>\n\t\t<\/section>\n\t\t\t\t<section class=\"elementor-section elementor-top-section elementor-element elementor-element-b619b22 elementor-section-boxed elementor-section-height-default elementor-section-height-default\" data-id=\"b619b22\" data-element_type=\"section\">\n\t\t\t\t\t\t<div class=\"elementor-container elementor-column-gap-default\">\n\t\t\t\t\t<div class=\"elementor-column elementor-col-100 elementor-top-column elementor-element elementor-element-a042877\" data-id=\"a042877\" data-element_type=\"column\">\n\t\t\t<div class=\"elementor-widget-wrap elementor-element-populated\">\n\t\t\t\t\t\t\t\t<div class=\"elementor-element elementor-element-f31c237 elementor-widget elementor-widget-text-editor\" data-id=\"f31c237\" data-element_type=\"widget\" data-widget_type=\"text-editor.default\">\n\t\t\t\t<div class=\"elementor-widget-container\">\n\t\t\t<style>\/*! elementor - v3.11.5 - 14-03-2023 *\/\n.elementor-widget-text-editor.elementor-drop-cap-view-stacked .elementor-drop-cap{background-color:#818a91;color:#fff}.elementor-widget-text-editor.elementor-drop-cap-view-framed .elementor-drop-cap{color:#818a91;border:3px solid;background-color:transparent}.elementor-widget-text-editor:not(.elementor-drop-cap-view-default) .elementor-drop-cap{margin-top:8px}.elementor-widget-text-editor:not(.elementor-drop-cap-view-default) .elementor-drop-cap-letter{width:1em;height:1em}.elementor-widget-text-editor .elementor-drop-cap{float:left;text-align:center;line-height:1;font-size:50px}.elementor-widget-text-editor .elementor-drop-cap-letter{display:inline-block}<\/style>\t\t\t\t<h3><strong><img decoding=\"async\" class=\"emoji\" role=\"img\" draggable=\"false\" src=\"https:\/\/s.w.org\/images\/core\/emoji\/14.0.0\/svg\/1f384.svg\" alt=\"\ud83c\udf84\" \/> B.I.O. sagt DANKE <img decoding=\"async\" class=\"emoji\" role=\"img\" draggable=\"false\" src=\"https:\/\/s.w.org\/images\/core\/emoji\/14.0.0\/svg\/1f384.svg\" alt=\"\ud83c\udf84\" \/><\/strong><\/h3><p><img decoding=\"async\" class=\"emoji\" role=\"img\" draggable=\"false\" src=\"https:\/\/s.w.org\/images\/core\/emoji\/14.0.0\/svg\/1f4ab.svg\" alt=\"\ud83d\udcab\" \/> den vielen kleinen und gro\u00dfen Besuchern, die wir mit unseren leckeren Cr\u00eapes verw\u00f6hnen durften.<\/p><p><img decoding=\"async\" class=\"emoji\" role=\"img\" draggable=\"false\" src=\"https:\/\/s.w.org\/images\/core\/emoji\/14.0.0\/svg\/1f4ab.svg\" alt=\"\ud83d\udcab\" \/> den Oberemser Sportsch\u00fctzen, die unsere Teilnahme am Oberemser Weihnachtsmarkt m\u00f6glich gemacht haben.<\/p><p><img decoding=\"async\" class=\"emoji\" role=\"img\" draggable=\"false\" src=\"https:\/\/s.w.org\/images\/core\/emoji\/14.0.0\/svg\/1f4ab.svg\" alt=\"\ud83d\udcab\" \/> allen ehrenamtlichen Helfern von B.I.O., die uns tatkr\u00e4ftig unterst\u00fctzt haben.<\/p><p>Wir m\u00f6chten darauf hinweisen, dass wir jeweils <strong>noch einen kleinen Restbestand M\u00fctzen &#8222;Oberemser M\u00e4dsche&#8220; und &#8222;Oberemser Bub&#8220; vorr\u00e4tig<\/strong> haben. Wer also noch ein <strong>originelles Weihnachtsgeschenk<\/strong> sucht, kann sich gerne bei uns melden unter <a href=\"mailto:kontakt@bio-oberems.de\" target=\"_blank\" rel=\"noopener\">kontakt@bio-oberems.de<\/a><\/p><p>Wir w\u00fcnschen Ihnen sch\u00f6ne Festtage!<\/p><p><img decoding=\"async\" class=\"emoji\" role=\"img\" draggable=\"false\" src=\"https:\/\/s.w.org\/images\/core\/emoji\/14.0.0\/svg\/1f31f.svg\" alt=\"\ud83c\udf1f\" \/> Ihre BIOs <img decoding=\"async\" class=\"emoji\" role=\"img\" draggable=\"false\" src=\"https:\/\/s.w.org\/images\/core\/emoji\/14.0.0\/svg\/1f31f.svg\" alt=\"\ud83c\udf1f\" \/><\/p><p align=\"right\"><img decoding=\"async\" src=\"https:\/\/www.bio-oberems.de\/wp-content\/uploads\/2022\/12\/schneepaar400.jpg\" \/><\/p>\t\t\t\t\t\t<\/div>\n\t\t\t\t<\/div>\n\t\t\t\t\t<\/div>\n\t\t<\/div>\n\t\t\t\t\t\t\t<\/div>\n\t\t<\/section>\n\t\t\t\t\t\t\t<\/div>\n\t\t","protected":false},"excerpt":{"rendered":"<p>Unsere erste Teilnahme an dem Oberemser Weihnachtsmarkt am 04.12.2022 B.I.O. sagt DANKE den vielen kleinen und gro\u00dfen Besuchern, die wir mit unseren leckeren Cr\u00eapes verw\u00f6hnen durften. den Oberemser Sportsch\u00fctzen, die unsere Teilnahme am Oberemser Weihnachtsmarkt m\u00f6glich gemacht haben. allen ehrenamtlichen Helfern von B.I.O., die uns tatkr\u00e4ftig unterst\u00fctzt haben. Wir m\u00f6chten darauf hinweisen, dass wir jeweils &hellip;<\/p>\n<p class=\"read-more\"> <a class=\"\" href=\"https:\/\/www.bio-oberems.de\/index.php\/weihnachtsmarkt-4-12-22\/\"> <span class=\"screen-reader-text\">Weihnachtsmarkt 4.12.22<\/span> Weiterlesen &raquo;<\/a><\/p>\n","protected":false},"author":8,"featured_media":0,"parent":0,"menu_order":0,"comment_status":"closed","ping_status":"closed","template":"","meta":{"site-sidebar-layout":"no-sidebar","site-content-layout":"page-builder","ast-global-header-display":"","ast-main-header-display":"","ast-hfb-above-header-display":"","ast-hfb-below-header-display":"","ast-hfb-mobile-header-display":"","site-post-title":"disabled","ast-breadcrumbs-content":"","ast-featured-img":"disabled","footer-sml-layout":"","theme-transparent-header-meta":"","adv-header-id-meta":"","stick-header-meta":"","header-above-stick-meta":"","header-main-stick-meta":"","header-below-stick-meta":"","footnotes":""},"class_list":["post-3419","page","type-page","status-publish","hentry"],"_links":{"self":[{"href":"https:\/\/www.bio-oberems.de\/index.php\/wp-json\/wp\/v2\/pages\/3419","targetHints":{"allow":["GET"]}}],"collection":[{"href":"https:\/\/www.bio-oberems.de\/index.php\/wp-json\/wp\/v2\/pages"}],"about":[{"href":"https:\/\/www.bio-oberems.de\/index.php\/wp-json\/wp\/v2\/types\/page"}],"author":[{"embeddable":true,"href":"https:\/\/www.bio-oberems.de\/index.php\/wp-json\/wp\/v2\/users\/8"}],"replies":[{"embeddable":true,"href":"https:\/\/www.bio-oberems.de\/index.php\/wp-json\/wp\/v2\/comments?post=3419"}],"version-history":[{"count":7,"href":"https:\/\/www.bio-oberems.de\/index.php\/wp-json\/wp\/v2\/pages\/3419\/revisions"}],"predecessor-version":[{"id":3428,"href":"https:\/\/www.bio-oberems.de\/index.php\/wp-json\/wp\/v2\/pages\/3419\/revisions\/3428"}],"wp:attachment":[{"href":"https:\/\/www.bio-oberems.de\/index.php\/wp-json\/wp\/v2\/media?parent=3419"}],"curies":[{"name":"wp","href":"https:\/\/api.w.org\/{rel}","templated":true}]}}