{"id":3200,"date":"2022-11-30T00:08:24","date_gmt":"2022-11-29T23:08:24","guid":{"rendered":"https:\/\/www.bio-oberems.de\/?page_id=3200"},"modified":"2022-11-30T00:24:42","modified_gmt":"2022-11-29T23:24:42","slug":"taunus-zeitung-26-11-22","status":"publish","type":"page","link":"https:\/\/www.bio-oberems.de\/index.php\/taunus-zeitung-26-11-22\/","title":{"rendered":"Taunus Zeitung 26.11.22"},"content":{"rendered":"\t\t<div data-elementor-type=\"wp-page\" data-elementor-id=\"3200\" class=\"elementor elementor-3200\">\n\t\t\t\t\t\t\t\t\t<section class=\"elementor-section elementor-top-section elementor-element elementor-element-cfb393c elementor-section-boxed elementor-section-height-default elementor-section-height-default\" data-id=\"cfb393c\" data-element_type=\"section\">\n\t\t\t\t\t\t<div class=\"elementor-container elementor-column-gap-default\">\n\t\t\t\t\t<div class=\"elementor-column elementor-col-100 elementor-top-column elementor-element elementor-element-b591e75\" data-id=\"b591e75\" data-element_type=\"column\">\n\t\t\t<div class=\"elementor-widget-wrap elementor-element-populated\">\n\t\t\t\t\t\t\t\t<div class=\"elementor-element elementor-element-756be7f elementor-widget elementor-widget-text-editor\" data-id=\"756be7f\" data-element_type=\"widget\" data-widget_type=\"text-editor.default\">\n\t\t\t\t<div class=\"elementor-widget-container\">\n\t\t\t<style>\/*! elementor - v3.11.5 - 14-03-2023 *\/\n.elementor-widget-text-editor.elementor-drop-cap-view-stacked .elementor-drop-cap{background-color:#818a91;color:#fff}.elementor-widget-text-editor.elementor-drop-cap-view-framed .elementor-drop-cap{color:#818a91;border:3px solid;background-color:transparent}.elementor-widget-text-editor:not(.elementor-drop-cap-view-default) .elementor-drop-cap{margin-top:8px}.elementor-widget-text-editor:not(.elementor-drop-cap-view-default) .elementor-drop-cap-letter{width:1em;height:1em}.elementor-widget-text-editor .elementor-drop-cap{float:left;text-align:center;line-height:1;font-size:50px}.elementor-widget-text-editor .elementor-drop-cap-letter{display:inline-block}<\/style>\t\t\t\t<p>Taunus Zeitung, 26.11.2022, Seite 19 (<a href=\"https:\/\/www.bio-oberems.de\/wp-content\/uploads\/2022\/11\/221126_TZ_Jedem-Ortsteil-sein-Sprachrohr.pdf\">pdf<\/a>)<\/p>\t\t\t\t\t\t<\/div>\n\t\t\t\t<\/div>\n\t\t\t\t\t<\/div>\n\t\t<\/div>\n\t\t\t\t\t\t\t<\/div>\n\t\t<\/section>\n\t\t\t\t<section class=\"elementor-section elementor-top-section elementor-element elementor-element-c8a49fe elementor-section-boxed elementor-section-height-default elementor-section-height-default\" data-id=\"c8a49fe\" data-element_type=\"section\">\n\t\t\t\t\t\t<div class=\"elementor-container elementor-column-gap-default\">\n\t\t\t\t\t<div class=\"elementor-column elementor-col-100 elementor-top-column elementor-element elementor-element-57b544d\" data-id=\"57b544d\" data-element_type=\"column\">\n\t\t\t<div class=\"elementor-widget-wrap elementor-element-populated\">\n\t\t\t\t\t\t\t\t<div class=\"elementor-element elementor-element-465a605 elementor-widget elementor-widget-heading\" data-id=\"465a605\" data-element_type=\"widget\" data-widget_type=\"heading.default\">\n\t\t\t\t<div class=\"elementor-widget-container\">\n\t\t\t<style>\/*! elementor - v3.11.5 - 14-03-2023 *\/\n.elementor-heading-title{padding:0;margin:0;line-height:1}.elementor-widget-heading .elementor-heading-title[class*=elementor-size-]>a{color:inherit;font-size:inherit;line-height:inherit}.elementor-widget-heading .elementor-heading-title.elementor-size-small{font-size:15px}.elementor-widget-heading .elementor-heading-title.elementor-size-medium{font-size:19px}.elementor-widget-heading .elementor-heading-title.elementor-size-large{font-size:29px}.elementor-widget-heading .elementor-heading-title.elementor-size-xl{font-size:39px}.elementor-widget-heading .elementor-heading-title.elementor-size-xxl{font-size:59px}<\/style><h2 class=\"elementor-heading-title elementor-size-default\">Jedem Ortsteil sein Sprachrohr<\/h2>\t\t<\/div>\n\t\t\t\t<\/div>\n\t\t\t\t<div class=\"elementor-element elementor-element-46e3e28 elementor-widget elementor-widget-text-editor\" data-id=\"46e3e28\" data-element_type=\"widget\" data-widget_type=\"text-editor.default\">\n\t\t\t\t<div class=\"elementor-widget-container\">\n\t\t\t\t\t\t\t<p><strong>GLASH\u00dcTTEN B.I.O. und WGS machen sich gemeinsam f\u00fcr die Einf\u00fchrung von Ortsbeir\u00e4ten stark\u200b<\/strong><\/p><p>\u201eBraucht Glash\u00fctten Ortsbeir\u00e4te?\u201c Ginge es nach der Mehrheit der rund 100 Besucher, die sich in dieser Woche im B\u00fcrgerhaus versammelt hatten, d\u00fcrfte die Antwort wohl klar und deutlich ausfallen: Ja, auf jeden Fall.<\/p><p>Die W\u00e4hlergemeinschaft Schlo\u00dfborn (WGS) und die B\u00fcrgerinitiative Oberems B.I.O. hatten gemeinsam zu einer Info-Veranstaltung eingeladen, die den Nutzen solcher Ortsteilparlamente vor Augen f\u00fchren sollte.<\/p><p>Die Stimmung im Saal war eindeutig, offenbar verspricht man sich von den Ortsbeir\u00e4ten trotz ihrer von der Hessischen Gemeindeordnung limitierten Zust\u00e4ndigkeiten und Mitwirkungsrechte mehr Demokratie an der Basis.<\/p><p>Angeregt worden war die Gr\u00fcndung der Miniparlamente von WGS-Fraktionschef Christoph Klomann, der gemeinsam mit B.I.O. auch diesen Abend initiiert und dazu lebende Beispiele funktionierender Ortsbeir\u00e4te eingeladen hatte.<\/p><p>Ihr Antrag auf Ausarbeitung eines rechtssicheren Entwurfs zur \u00c4nderung der Hauptsatzung der Gemeinde, um die rechtlichen Voraussetzungen f\u00fcr die Einf\u00fchrung von Ortsbeir\u00e4ten bei der n\u00e4chsten Kommunalwahl zu schaffen, war von der WGS zuletzt noch zur\u00fcckgezogen worden, weil man erst das Ergebnis des Info-Abends abwarten wollte. Nun soll der Antrag aber nach der Etatdebatte erneut eingebracht werden.<\/p><p>Referenten waren der Ortsvorsteher von Selters-Eisenbach, Lo Siegmund, Andreas Nickel vom Ortsbeirat Hofheim-Lorsbach und Bertold Gruber, Ex-Ortsvorsteher von Eppstein-Ehlhalten.<\/p><p>Gruber zog eine positive Bilanz der politischen Arbeit in seinem Ortsbeirat. Dass es Ortsbeir\u00e4te nicht zum Nulltarif gibt, r\u00e4umten alle drei Gastredner ein. Die Kosten hielten sie aber f\u00fcr vertretbar, so hei\u00dft es in einer Mitteilung der B\u00fcrgerinitiative.<\/p><p>Lo Siegmund geht f\u00fcr Glash\u00fctten mit drei Ortsbeir\u00e4ten von j\u00e4hrlichen Kosten f\u00fcr Sitzungsgelder von 1140 Euro aus, bei Andreas Nickel w\u00fcrde es mit 5500 Euro zwar erheblich teurer, daf\u00fcr bek\u00e4men die Ortsbeir\u00e4te von der Gemeinde aber auch Budgets zur freien Verwendung bei Kleinprojekten im Dorf.<\/p><p>Dieses Prinzip wird seit Jahren auch in Weilrod angewendet, wobei sich die Budgets f\u00fcr die dort 13 Ortsteile an deren Einwohnerzahl orientieren. Das Geld muss jedoch an die Gemeinde zur\u00fcckgezahlt werden, wenn es nicht innerhalb von zwei Jahren ausgegeben wird.<br \/>K\u00fcnftig lokale Repr\u00e4sentanten zu haben, die sich gezielt f\u00fcr die Belange \u201eihres\u201c Ortsteiles einsetzen und sie der Gemeindepolitik n\u00e4herbringen, hielt der \u00fcberwiegende Teil der G\u00e4ste f\u00fcr eine gute Idee.<\/p><p>Auch wenn Ortsbeir\u00e4te in Hessen kein Stimmrecht in den Gemeindegremien besitzen, so h\u00e4tten sie doch ein Recht auf Information und Mitsprache, hie\u00df es mehrmals. In Oberems geht man davon aus, dass, h\u00e4tte man fr\u00fcher von dem m\u00f6glichen Gewerbegebiet an der B8 erfahren, demzufolge fr\u00fcher dazu Stellung beziehen zu k\u00f6nnen.<\/p><p>Jetzt sei es schon eine b\u00f6se \u00dcberraschung gewesen. \u00c4hnlich die Unzufriedenheit auch in Schlo\u00dfborn. Dass die B\u00fcrger bei wichtigen Entscheidungen nicht fr\u00fchzeitig eingebunden und abgeholt worden seien, habe am Ende zur Gr\u00fcndung der WGS gef\u00fchrt, seit der Kommunalwahl mit 28 Prozent st\u00e4rkste und im Parlament viertst\u00e4rkste politische Kraft.<\/p><p>Es gab aber auch Gegenstimmen: So sahen Vertreter von CDU und Gr\u00fcnen keinen Nutzen in Ortsbeir\u00e4ten. Glash\u00fctten sei klein genug, dass man darauf verzichten k\u00f6nne. Die Wege der B\u00fcrger ins Parlament zu ihren Abgeordneten seien kurz. Auch gab es Zweifel daran, ob sich \u00fcberhaupt gen\u00fcgend Bewerber finden, es sei ja schon schwierig genug, die Kandidatenlisten f\u00fcr die Gemeindevertretung zu f\u00fcllen.<\/p><p>Die Gr\u00f6\u00dfe einer Kommune spielt f\u00fcr die Gastreferenten aber keine Rolle. Die Praxis zeige immer wieder, dass sich B\u00fcrger mit ihren Anliegen eher an ihre Ortsbeir\u00e4te wenden. H\u00e4ufig komme es auch vor, dass Ortsbeiratsneulinge ihr Mandat sp\u00e4ter, dann mit Erfahrung, als Sprungbrett ins Parlament nutzen.<\/p><p>Auch f\u00fcr Christoph Klomann ist die Gr\u00f6\u00dfe der Gemeinde kein Argument, wenn es um die Bildung von Ortsbeir\u00e4ten geht. Er h\u00e4lt eine Zielgr\u00f6\u00dfe f\u00fcr Glash\u00fctten f\u00fcr Glash\u00fctten und Schlo\u00dfborn von sieben sowie f\u00fcr Oberems von f\u00fcnf Mitgliedern als vern\u00fcnftig.<\/p>\t\t\t\t\t\t<\/div>\n\t\t\t\t<\/div>\n\t\t\t\t<div class=\"elementor-element elementor-element-5752f1e elementor-widget elementor-widget-image\" data-id=\"5752f1e\" data-element_type=\"widget\" data-widget_type=\"image.default\">\n\t\t\t\t<div class=\"elementor-widget-container\">\n\t\t\t<style>\/*! elementor - v3.11.5 - 14-03-2023 *\/\n.elementor-widget-image{text-align:center}.elementor-widget-image a{display:inline-block}.elementor-widget-image a img[src$=\".svg\"]{width:48px}.elementor-widget-image img{vertical-align:middle;display:inline-block}<\/style>\t\t\t\t\t\t\t\t\t<figure class=\"wp-caption\">\n\t\t\t\t\t\t\t\t\t\t<img loading=\"lazy\" decoding=\"async\" width=\"768\" height=\"512\" src=\"https:\/\/www.bio-oberems.de\/wp-content\/uploads\/2022\/11\/DC_001_IMG-20221124-WA0006-768x512.jpg\" class=\"attachment-medium_large size-medium_large wp-image-3211\" alt=\"\" srcset=\"https:\/\/www.bio-oberems.de\/wp-content\/uploads\/2022\/11\/DC_001_IMG-20221124-WA0006-768x512.jpg 768w, https:\/\/www.bio-oberems.de\/wp-content\/uploads\/2022\/11\/DC_001_IMG-20221124-WA0006-300x200.jpg 300w, https:\/\/www.bio-oberems.de\/wp-content\/uploads\/2022\/11\/DC_001_IMG-20221124-WA0006-1024x683.jpg 1024w, https:\/\/www.bio-oberems.de\/wp-content\/uploads\/2022\/11\/DC_001_IMG-20221124-WA0006-1536x1024.jpg 1536w, https:\/\/www.bio-oberems.de\/wp-content\/uploads\/2022\/11\/DC_001_IMG-20221124-WA0006.jpg 1600w\" sizes=\"auto, (max-width: 768px) 100vw, 768px\" \/>\t\t\t\t\t\t\t\t\t\t\t<figcaption class=\"widget-image-caption wp-caption-text\">Zumindest die klare Mehrheit der Anwesenden im B\u00fcrgerhaus d\u00fcrfte f\u00fcr die Installation von Ortsbeir\u00e4ten sein.<\/figcaption>\n\t\t\t\t\t\t\t\t\t\t<\/figure>\n\t\t\t\t\t\t\t\t\t<\/div>\n\t\t\t\t<\/div>\n\t\t\t\t\t<\/div>\n\t\t<\/div>\n\t\t\t\t\t\t\t<\/div>\n\t\t<\/section>\n\t\t\t\t\t\t\t<\/div>\n\t\t","protected":false},"excerpt":{"rendered":"<p>Taunus Zeitung, 26.11.2022, Seite 19 (pdf) Jedem Ortsteil sein Sprachrohr GLASH\u00dcTTEN B.I.O. und WGS machen sich gemeinsam f\u00fcr die Einf\u00fchrung von Ortsbeir\u00e4ten stark\u200b \u201eBraucht Glash\u00fctten Ortsbeir\u00e4te?\u201c Ginge es nach der Mehrheit der rund 100 Besucher, die sich in dieser Woche im B\u00fcrgerhaus versammelt hatten, d\u00fcrfte die Antwort wohl klar und deutlich ausfallen: Ja, auf jeden &hellip;<\/p>\n<p class=\"read-more\"> <a class=\"\" href=\"https:\/\/www.bio-oberems.de\/index.php\/taunus-zeitung-26-11-22\/\"> <span class=\"screen-reader-text\">Taunus Zeitung 26.11.22<\/span> Weiterlesen &raquo;<\/a><\/p>\n","protected":false},"author":8,"featured_media":0,"parent":0,"menu_order":0,"comment_status":"closed","ping_status":"closed","template":"","meta":{"site-sidebar-layout":"no-sidebar","site-content-layout":"page-builder","ast-global-header-display":"","ast-main-header-display":"","ast-hfb-above-header-display":"","ast-hfb-below-header-display":"","ast-hfb-mobile-header-display":"","site-post-title":"disabled","ast-breadcrumbs-content":"","ast-featured-img":"disabled","footer-sml-layout":"","theme-transparent-header-meta":"","adv-header-id-meta":"","stick-header-meta":"","header-above-stick-meta":"","header-main-stick-meta":"","header-below-stick-meta":"","footnotes":""},"class_list":["post-3200","page","type-page","status-publish","hentry"],"_links":{"self":[{"href":"https:\/\/www.bio-oberems.de\/index.php\/wp-json\/wp\/v2\/pages\/3200","targetHints":{"allow":["GET"]}}],"collection":[{"href":"https:\/\/www.bio-oberems.de\/index.php\/wp-json\/wp\/v2\/pages"}],"about":[{"href":"https:\/\/www.bio-oberems.de\/index.php\/wp-json\/wp\/v2\/types\/page"}],"author":[{"embeddable":true,"href":"https:\/\/www.bio-oberems.de\/index.php\/wp-json\/wp\/v2\/users\/8"}],"replies":[{"embeddable":true,"href":"https:\/\/www.bio-oberems.de\/index.php\/wp-json\/wp\/v2\/comments?post=3200"}],"version-history":[{"count":10,"href":"https:\/\/www.bio-oberems.de\/index.php\/wp-json\/wp\/v2\/pages\/3200\/revisions"}],"predecessor-version":[{"id":3215,"href":"https:\/\/www.bio-oberems.de\/index.php\/wp-json\/wp\/v2\/pages\/3200\/revisions\/3215"}],"wp:attachment":[{"href":"https:\/\/www.bio-oberems.de\/index.php\/wp-json\/wp\/v2\/media?parent=3200"}],"curies":[{"name":"wp","href":"https:\/\/api.w.org\/{rel}","templated":true}]}}