{"id":3073,"date":"2022-11-24T23:24:56","date_gmt":"2022-11-24T22:24:56","guid":{"rendered":"https:\/\/www.bio-oberems.de\/?page_id=3073"},"modified":"2022-11-24T23:34:02","modified_gmt":"2022-11-24T22:34:02","slug":"event-ortsbeirat-22-11-22-der-bericht","status":"publish","type":"page","link":"https:\/\/www.bio-oberems.de\/index.php\/event-ortsbeirat-22-11-22-der-bericht\/","title":{"rendered":"Event Ortsbeirat 22.11.22 &#8211; Der Bericht"},"content":{"rendered":"\t\t<div data-elementor-type=\"wp-page\" data-elementor-id=\"3073\" class=\"elementor elementor-3073\">\n\t\t\t\t\t\t\t\t\t<section class=\"elementor-section elementor-top-section elementor-element elementor-element-157ccef elementor-section-boxed elementor-section-height-default elementor-section-height-default\" data-id=\"157ccef\" data-element_type=\"section\">\n\t\t\t\t\t\t<div class=\"elementor-container elementor-column-gap-default\">\n\t\t\t\t\t<div class=\"elementor-column elementor-col-100 elementor-top-column elementor-element elementor-element-d212366\" data-id=\"d212366\" data-element_type=\"column\">\n\t\t\t<div class=\"elementor-widget-wrap elementor-element-populated\">\n\t\t\t\t\t\t\t\t<div class=\"elementor-element elementor-element-9c89dee elementor-widget elementor-widget-heading\" data-id=\"9c89dee\" data-element_type=\"widget\" data-widget_type=\"heading.default\">\n\t\t\t\t<div class=\"elementor-widget-container\">\n\t\t\t<style>\/*! elementor - v3.11.5 - 14-03-2023 *\/\n.elementor-heading-title{padding:0;margin:0;line-height:1}.elementor-widget-heading .elementor-heading-title[class*=elementor-size-]>a{color:inherit;font-size:inherit;line-height:inherit}.elementor-widget-heading .elementor-heading-title.elementor-size-small{font-size:15px}.elementor-widget-heading .elementor-heading-title.elementor-size-medium{font-size:19px}.elementor-widget-heading .elementor-heading-title.elementor-size-large{font-size:29px}.elementor-widget-heading .elementor-heading-title.elementor-size-xl{font-size:39px}.elementor-widget-heading .elementor-heading-title.elementor-size-xxl{font-size:59px}<\/style><h1 class=\"elementor-heading-title elementor-size-default\">B.I.O. informiert: Unser Event \"Wem geh\u00f6rt mein Ortsteil?\"<\/h1>\t\t<\/div>\n\t\t\t\t<\/div>\n\t\t\t\t\t<\/div>\n\t\t<\/div>\n\t\t\t\t\t\t\t<\/div>\n\t\t<\/section>\n\t\t\t\t<section class=\"elementor-section elementor-top-section elementor-element elementor-element-ad2492e elementor-section-boxed elementor-section-height-default elementor-section-height-default\" data-id=\"ad2492e\" data-element_type=\"section\">\n\t\t\t\t\t\t<div class=\"elementor-container elementor-column-gap-default\">\n\t\t\t\t\t<div class=\"elementor-column elementor-col-100 elementor-top-column elementor-element elementor-element-e366a06\" data-id=\"e366a06\" data-element_type=\"column\">\n\t\t\t<div class=\"elementor-widget-wrap elementor-element-populated\">\n\t\t\t\t\t\t\t\t<div class=\"elementor-element elementor-element-da399b9 elementor-widget elementor-widget-text-editor\" data-id=\"da399b9\" data-element_type=\"widget\" data-widget_type=\"text-editor.default\">\n\t\t\t\t<div class=\"elementor-widget-container\">\n\t\t\t<style>\/*! elementor - v3.11.5 - 14-03-2023 *\/\n.elementor-widget-text-editor.elementor-drop-cap-view-stacked .elementor-drop-cap{background-color:#818a91;color:#fff}.elementor-widget-text-editor.elementor-drop-cap-view-framed .elementor-drop-cap{color:#818a91;border:3px solid;background-color:transparent}.elementor-widget-text-editor:not(.elementor-drop-cap-view-default) .elementor-drop-cap{margin-top:8px}.elementor-widget-text-editor:not(.elementor-drop-cap-view-default) .elementor-drop-cap-letter{width:1em;height:1em}.elementor-widget-text-editor .elementor-drop-cap{float:left;text-align:center;line-height:1;font-size:50px}.elementor-widget-text-editor .elementor-drop-cap-letter{display:inline-block}<\/style>\t\t\t\t<p>Die erste gemeinsame Veranstaltung der W\u00e4hlergemeinschaft Schlo\u00dfborn WGS und der B\u00fcrgerinitiative Oberems B.I.O. e.V. am 22.11.2022 war ein voller Erfolg: Knapp 100 interessierte B\u00fcrgerinnen und B\u00fcrger, Vertreter politischer Fraktionen sowie der erste Beigeordnete Klaus Hindrichs hatten trotz des ungem\u00fctlichen Wetters den Weg zum Rathaus Glash\u00fctten gefunden, um sich zum Thema Ortsbeir\u00e4te zu informieren. <br \/>Nach kurzer Begr\u00fc\u00dfung durch Dirk Trippe, Vorstandsmitglied bei B.I.O., und Christoph Klomann, Fraktionsvorsitzender der WGS, berichtete zun\u00e4chst der Ortsvorsteher von Selters-Eisenbach, Lo Siegmund, \u00fcber die Entstehungsgeschichte und das erfolgreiche Wirken seines seit 2016 bestehenden Ortsbeirates. Direkt im Anschluss folgte ein weiterer, sehr interessanter und kurzweiliger Vortrag von Andreas Nickel, Ortsbeirat von Hofheim-Lorsbach, der die konstruktive Zusammenarbeit des dortigen Ortsbeirates u.a. mit dem Magistrat anhand von brandaktuellen, spannenden Themen erl\u00e4uterte. Beide Referenten stellten zudem jeweils eine Modellrechnung in Bezug auf m\u00f6gliche anfallende j\u00e4hrliche Kosten f\u00fcr die Einf\u00fchrung von Ortsbeir\u00e4ten in der Gemeinde Glash\u00fctten vor. W\u00e4hrend Lo Siegmund mit einem Betrag von 1.140,00 \u20ac die reinen Sitzungsgelder berechnet hatte, wies Andreas Nickel darauf hin, dass sein \u00dcberschlag von j\u00e4hrlich 5.500,00 \u20ac auch ein Budget der Ortsbeir\u00e4te enthielte, das den Ortsteilen im Rahmen von konkreten Projekten der Ortsbeir\u00e4te direkt zu Gute k\u00e4me. Der Hinweis war ein wichtiger Beitrag, denn die WGS hatte bereits in der Sitzung der Gemeindevertretung am 14.07.2022 einen Antrag auf Ausarbeitung eines rechtssicheren Entwurfs zur \u00c4nderung der Hauptsatzung der Gemeinde eingereicht, um zun\u00e4chst die rechtlichen Voraussetzungen zu schaffen f\u00fcr die Einf\u00fchrung von Ortsbeir\u00e4ten nach \u00a782 HGO bei der n\u00e4chsten Kommunalwahl . Dieser Antrag wurde von der WGS zur\u00fcckgezogen und soll, nach eingehender Beratung im Haupt- und Finanzausschuss der Gemeinde Glash\u00fctten, im Anschluss an die Haushaltsdebatte erneut eingebracht werden. <br \/>Der \u00fcberwiegende Teil der Veranstaltungsg\u00e4ste schien von der Idee sehr angetan, k\u00fcnftig lokale Repr\u00e4sentanten zu haben, die sich gezielt f\u00fcr die Belange und Interessen \u201eihres\u201c Ortsteiles einsetzen und stark machen und ihnen die Gemeindepolitik n\u00e4herbringen. Denn auch wenn Ortsbeir\u00e4te in Hessen kein Stimmrecht in den Gemeindegremien besitzen, so haben sie doch ein Recht auf Information und Mitsprache. So w\u00e4re z.B. das Bekanntwerden der Vorschl\u00e4ge der Gemeinde Glash\u00fctten f\u00fcr den Fl\u00e4chennutzungsplan des Regionalverbandes FrankfurtRheinMain im Fr\u00fchjahr dieses Jahres samt dem knapp 100.000 qm gro\u00dfen Gewerbegebiet am Ortseingang von Oberems keine b\u00f6se \u00dcberraschung f\u00fcr die Einwohner des kleinsten Glash\u00fcttener Ortsteiles gewesen. Vielmehr h\u00e4tten Ortsbeir\u00e4te dabei mitgewirkt, die B\u00fcrger und B\u00fcrgerinnen zu diesem Thema sehr viel fr\u00fcher anzuh\u00f6ren und zu beteiligen. Auch im gr\u00f6\u00dften Ortsteil der Gemeinde Glash\u00fctten, Schlossborn, hatte sich bereits in der Vergangenheit so viel Unzufriedenheit mit der Kommunalpolitik angesammelt, dass, wie Fraktionsvorsitzender Christoph Klomann es nachvollziehbar vermittelte, im Jahr 2020 schlie\u00dflich die W\u00e4hlergemeinschaft gegr\u00fcndet wurde, um insbesondere der dortigen B\u00fcrgerschaft eine Stimme zu geben. Tats\u00e4chlich wurde die WGS dann im M\u00e4rz 2021 aus dem Stand mit \u00fcber 28 Prozent st\u00e4rkste politische Kraft in Schlo\u00dfborn und mit 13,9 Prozent der Stimmen in der Wahl zur Gemeindevertretung Glash\u00fctten im M\u00e4rz 2021 die viertst\u00e4rkste Fraktion vor FDP und SPD.<\/p><p>Nachdem auch der dritte Gastreferent Bertold Gruber, ehemaliger Ortsvorsteher von Eppstein-Ehlhalten, sich und die Arbeit des dortigen Ortsbeirates vorgestellt hatte, wurde eine Podiumsdiskussion er\u00f6ffnet. Die drei Referenten beantworteten die zahlreichen Fragen der Zuschauer rund um das Thema &#8211; souver\u00e4n, fachkundig und mit Humor. Nat\u00fcrlich gab es auch kritische Stimmen im Verlauf der Veranstaltung. Vor allem aktive bzw. ehemalige Mitglieder der Gemeindevertretung Glash\u00fctten der Fraktionen der CDU und B\u00fcndnis90\/Die Gr\u00fcnen stellten die Notwendigkeit von Ortsbeir\u00e4ten in Frage, auch mit dem Verweis darauf, dass Glash\u00fctten doch eine sehr kleine Gemeinde sei und die B\u00fcrgerschaft jederzeit die M\u00f6glichkeit h\u00e4tte, sich direkt an die Mitglieder der Gemeindevertretung oder an den B\u00fcrgermeister selbst zu wenden. Dar\u00fcber hinaus wurden Bedenken dahingehend ge\u00e4u\u00dfert, ob sich \u00fcberhaupt genug Ehrenamtliche f\u00e4nden, die im Ortsbeirat t\u00e4tig werden wollten. Es sei ja schon schwierig genug, die Kandidatenlisten f\u00fcr die Gemeindevertretung zu f\u00fcllen. <br \/>Alle drei Referenten waren jedoch einhellig der Meinung, die Gr\u00f6\u00dfe einer Gemeinde sei kein Argument f\u00fcr oder gegen Ortsbeir\u00e4te. Vielmehr habe sich in der Praxis gezeigt, dass sich die B\u00fcrgerinnen und B\u00fcrger bei Bedarf eher an ein Mitglied ihres Ortsbeirates wenden als an ein Mitglied der Gemeindevertretung. Auch w\u00fcrden sich viele B\u00fcrgerinnen und B\u00fcrger deutlich leichter in einem Ortsbeirat engagieren als in den sonstigen, als starr empfundenen Gremien der Gemeindepolitik. Die Hemmschwelle, sich als B\u00fcrger ohne nennenswerte Vorerfahrung in diese Gremien w\u00e4hlen zu lassen, sei doch immens hoch. Insofern h\u00e4tte sich die T\u00e4tigkeit im Ortsbeirat schon des \u00d6fteren als hervorragendes Sprungbrett in die Kommunalpolitik im Allgemeinen erwiesen. Am Ende der Veranstaltung war dann auch den meisten der Anwesenden klar, dass es eigentlich gar keine nennenswerten Gr\u00fcnde gegen die Einrichtung von Ortsbeir\u00e4ten gibt, und dass die Gemeinde Glash\u00fctten ihren Einwohnern diese Form der B\u00fcrgerbeteiligung unbedingt erm\u00f6glichen sollte.<\/p><p>Die WGS und B.I.O. dankten den Referenten f\u00fcr die informativen und spannenden Vortr\u00e4ge und daf\u00fcr, dass sie sich die Zeit genommen haben, f\u00fcr einen langen Abend nach Glash\u00fctten zu kommen. Ein Dankesch\u00f6n auch an alle Besucher f\u00fcr ihr Kommen und die konstruktiven Fragen und Anregungen.<\/p>\t\t\t\t\t\t<\/div>\n\t\t\t\t<\/div>\n\t\t\t\t\t<\/div>\n\t\t<\/div>\n\t\t\t\t\t\t\t<\/div>\n\t\t<\/section>\n\t\t\t\t<section class=\"elementor-section elementor-top-section elementor-element elementor-element-bd9a202 elementor-section-boxed elementor-section-height-default elementor-section-height-default\" data-id=\"bd9a202\" data-element_type=\"section\">\n\t\t\t\t\t\t<div class=\"elementor-container elementor-column-gap-default\">\n\t\t\t\t\t<div class=\"elementor-column elementor-col-100 elementor-top-column elementor-element elementor-element-6439cbc\" data-id=\"6439cbc\" data-element_type=\"column\">\n\t\t\t<div class=\"elementor-widget-wrap elementor-element-populated\">\n\t\t\t\t\t\t\t\t<div class=\"elementor-element elementor-element-8d67d15 elementor-widget elementor-widget-image\" data-id=\"8d67d15\" data-element_type=\"widget\" data-widget_type=\"image.default\">\n\t\t\t\t<div class=\"elementor-widget-container\">\n\t\t\t<style>\/*! elementor - v3.11.5 - 14-03-2023 *\/\n.elementor-widget-image{text-align:center}.elementor-widget-image a{display:inline-block}.elementor-widget-image a img[src$=\".svg\"]{width:48px}.elementor-widget-image img{vertical-align:middle;display:inline-block}<\/style>\t\t\t\t\t\t\t\t\t\t\t\t<img decoding=\"async\" src=\"https:\/\/www.bio-oberems.de\/wp-content\/uploads\/elementor\/thumbs\/Plakat_Event-221122_Ortsbeirat-pwqoljzddmxygvz4frameq27ii3qcyzli5xrk0kq08.jpg\" title=\"Plakat_Event-221122_Ortsbeirat\" alt=\"Plakat_Event-221122_Ortsbeirat\" loading=\"lazy\" \/>\t\t\t\t\t\t\t\t\t\t\t\t\t\t\t<\/div>\n\t\t\t\t<\/div>\n\t\t\t\t\t<\/div>\n\t\t<\/div>\n\t\t\t\t\t\t\t<\/div>\n\t\t<\/section>\n\t\t\t\t\t\t\t<\/div>\n\t\t","protected":false},"excerpt":{"rendered":"<p>B.I.O. informiert: Unser Event &#8222;Wem geh\u00f6rt mein Ortsteil?&#8220; Die erste gemeinsame Veranstaltung der W\u00e4hlergemeinschaft Schlo\u00dfborn WGS und der B\u00fcrgerinitiative Oberems B.I.O. e.V. am 22.11.2022 war ein voller Erfolg: Knapp 100 interessierte B\u00fcrgerinnen und B\u00fcrger, Vertreter politischer Fraktionen sowie der erste Beigeordnete Klaus Hindrichs hatten trotz des ungem\u00fctlichen Wetters den Weg zum Rathaus Glash\u00fctten gefunden, um &hellip;<\/p>\n<p class=\"read-more\"> <a class=\"\" href=\"https:\/\/www.bio-oberems.de\/index.php\/event-ortsbeirat-22-11-22-der-bericht\/\"> <span class=\"screen-reader-text\">Event Ortsbeirat 22.11.22 &#8211; Der Bericht<\/span> Weiterlesen &raquo;<\/a><\/p>\n","protected":false},"author":8,"featured_media":0,"parent":0,"menu_order":0,"comment_status":"closed","ping_status":"closed","template":"","meta":{"site-sidebar-layout":"no-sidebar","site-content-layout":"page-builder","ast-global-header-display":"","ast-main-header-display":"","ast-hfb-above-header-display":"","ast-hfb-below-header-display":"","ast-hfb-mobile-header-display":"","site-post-title":"disabled","ast-breadcrumbs-content":"","ast-featured-img":"disabled","footer-sml-layout":"","theme-transparent-header-meta":"","adv-header-id-meta":"","stick-header-meta":"","header-above-stick-meta":"","header-main-stick-meta":"","header-below-stick-meta":"","footnotes":""},"class_list":["post-3073","page","type-page","status-publish","hentry"],"_links":{"self":[{"href":"https:\/\/www.bio-oberems.de\/index.php\/wp-json\/wp\/v2\/pages\/3073","targetHints":{"allow":["GET"]}}],"collection":[{"href":"https:\/\/www.bio-oberems.de\/index.php\/wp-json\/wp\/v2\/pages"}],"about":[{"href":"https:\/\/www.bio-oberems.de\/index.php\/wp-json\/wp\/v2\/types\/page"}],"author":[{"embeddable":true,"href":"https:\/\/www.bio-oberems.de\/index.php\/wp-json\/wp\/v2\/users\/8"}],"replies":[{"embeddable":true,"href":"https:\/\/www.bio-oberems.de\/index.php\/wp-json\/wp\/v2\/comments?post=3073"}],"version-history":[{"count":11,"href":"https:\/\/www.bio-oberems.de\/index.php\/wp-json\/wp\/v2\/pages\/3073\/revisions"}],"predecessor-version":[{"id":3288,"href":"https:\/\/www.bio-oberems.de\/index.php\/wp-json\/wp\/v2\/pages\/3073\/revisions\/3288"}],"wp:attachment":[{"href":"https:\/\/www.bio-oberems.de\/index.php\/wp-json\/wp\/v2\/media?parent=3073"}],"curies":[{"name":"wp","href":"https:\/\/api.w.org\/{rel}","templated":true}]}}