{"id":2915,"date":"2022-10-21T16:53:41","date_gmt":"2022-10-21T14:53:41","guid":{"rendered":"https:\/\/www.bio-oberems.de\/?page_id=2915"},"modified":"2022-11-21T23:18:43","modified_gmt":"2022-11-21T22:18:43","slug":"event-ortsbeirat-22-11-22","status":"publish","type":"page","link":"https:\/\/www.bio-oberems.de\/index.php\/event-ortsbeirat-22-11-22\/","title":{"rendered":"Event Ortsbeirat 22.11.22"},"content":{"rendered":"\t\t<div data-elementor-type=\"wp-page\" data-elementor-id=\"2915\" class=\"elementor elementor-2915\">\n\t\t\t\t\t\t\t\t\t<section class=\"elementor-section elementor-top-section elementor-element elementor-element-ff4bce3 elementor-section-boxed elementor-section-height-default elementor-section-height-default\" data-id=\"ff4bce3\" data-element_type=\"section\">\n\t\t\t\t\t\t<div class=\"elementor-container elementor-column-gap-default\">\n\t\t\t\t\t<div class=\"elementor-column elementor-col-100 elementor-top-column elementor-element elementor-element-eeb27be\" data-id=\"eeb27be\" data-element_type=\"column\">\n\t\t\t<div class=\"elementor-widget-wrap elementor-element-populated\">\n\t\t\t\t\t\t\t\t<div class=\"elementor-element elementor-element-2f8c8d2 elementor-widget elementor-widget-heading\" data-id=\"2f8c8d2\" data-element_type=\"widget\" data-widget_type=\"heading.default\">\n\t\t\t\t<div class=\"elementor-widget-container\">\n\t\t\t<style>\/*! elementor - v3.11.5 - 14-03-2023 *\/\n.elementor-heading-title{padding:0;margin:0;line-height:1}.elementor-widget-heading .elementor-heading-title[class*=elementor-size-]>a{color:inherit;font-size:inherit;line-height:inherit}.elementor-widget-heading .elementor-heading-title.elementor-size-small{font-size:15px}.elementor-widget-heading .elementor-heading-title.elementor-size-medium{font-size:19px}.elementor-widget-heading .elementor-heading-title.elementor-size-large{font-size:29px}.elementor-widget-heading .elementor-heading-title.elementor-size-xl{font-size:39px}.elementor-widget-heading .elementor-heading-title.elementor-size-xxl{font-size:59px}<\/style><h1 class=\"elementor-heading-title elementor-size-default\">Event am 22.11.2022: \"Wem geh\u00f6rt mein Ortsteil?\"<\/h1>\t\t<\/div>\n\t\t\t\t<\/div>\n\t\t\t\t\t<\/div>\n\t\t<\/div>\n\t\t\t\t\t\t\t<\/div>\n\t\t<\/section>\n\t\t\t\t<section class=\"elementor-section elementor-top-section elementor-element elementor-element-69bea82 elementor-section-boxed elementor-section-height-default elementor-section-height-default\" data-id=\"69bea82\" data-element_type=\"section\">\n\t\t\t\t\t\t<div class=\"elementor-container elementor-column-gap-default\">\n\t\t\t\t\t<div class=\"elementor-column elementor-col-100 elementor-top-column elementor-element elementor-element-822139a\" data-id=\"822139a\" data-element_type=\"column\">\n\t\t\t<div class=\"elementor-widget-wrap elementor-element-populated\">\n\t\t\t\t\t\t\t\t<div class=\"elementor-element elementor-element-9261950 elementor-widget elementor-widget-text-editor\" data-id=\"9261950\" data-element_type=\"widget\" data-widget_type=\"text-editor.default\">\n\t\t\t\t<div class=\"elementor-widget-container\">\n\t\t\t<style>\/*! elementor - v3.11.5 - 14-03-2023 *\/\n.elementor-widget-text-editor.elementor-drop-cap-view-stacked .elementor-drop-cap{background-color:#818a91;color:#fff}.elementor-widget-text-editor.elementor-drop-cap-view-framed .elementor-drop-cap{color:#818a91;border:3px solid;background-color:transparent}.elementor-widget-text-editor:not(.elementor-drop-cap-view-default) .elementor-drop-cap{margin-top:8px}.elementor-widget-text-editor:not(.elementor-drop-cap-view-default) .elementor-drop-cap-letter{width:1em;height:1em}.elementor-widget-text-editor .elementor-drop-cap{float:left;text-align:center;line-height:1;font-size:50px}.elementor-widget-text-editor .elementor-drop-cap-letter{display:inline-block}<\/style>\t\t\t\t<p>Nicht immer f\u00fchlen sich die B\u00fcrgerinnen und B\u00fcrger in den Ortsteilen Schlo\u00dfborn, Glash\u00fctten und Oberems \u00fcber die Themen, die ihren Ortsteil betreffen, gut informiert und bei entsprechenden Entscheidungen der Gemeinde auch gut vertreten.<\/p><p>J\u00fcngstes Beispiel ist das angedachte, ca. 100.000 qm gro\u00dfe Gewerbegebiet in Oberems: Dieses Projekt st\u00f6\u00dft auf eine ganz klare Ablehnung in der Bev\u00f6lkerung der Oberemser. Doch anstatt dieses Vorhaben dauerhaft aufzugeben, halten der B\u00fcrgermeister und die Gemeindevertretung sich die Option dieses Gewerbegebietes weiterhin offen.<\/p><p>Auch die Entscheidung in der letzten Wahlperiode, im Silberbachtal in Schlo\u00dfborn ein Baugebiet auszuschreiben, wurde fast durchg\u00e4ngig gegen den Willen der B\u00fcrger in Schlo\u00dfborn entschieden.<\/p><p>Ortsbeirate gibt es laut dem Hochtaunuskreis bereits in den meisten hessischen Gemeinden; sie sind ein bew\u00e4hrtes Gremium, um Ortsteile besser in die Entscheidungen einer Gemeinde einzubinden. Ein Ortsbeirat wird u.a. zu allen wichtigen Angelegenheiten, die den jeweiligen Ort betreffen, angeh\u00f6rt, so beispielsweise auch zum Entwurf des Haushaltsplans. Ein Ortsbeirat kann im eigenen Ortsteil die h\u00e4ufig so dringend n\u00f6tige und oft ebenso dringend vermisste Transparenz schaffen und die Interessen seines Ortsteils in der Gemeinde vertreten.<\/p><p>Daher laden der B.I.O. B\u00fcrgerinitiative Oberems e.V. und die W\u00e4hlergemeinschaft Schlo\u00dfborn WGS gemeinsam <strong>am 22.11.2022 um 19:30 Uhr im Saal des B\u00fcrgerhauses Glash\u00fctten<\/strong> zu einem B\u00fcrgertreffen mit fachkundigen Referenten und anschlie\u00dfender Diskussion ein. Es werden drei Ortsbeir\u00e4te \u00fcber ihre Erfahrungen berichten und nat\u00fcrlich ist ausreichend Raum f\u00fcr Fragen und Antworten aus dem Publikum.<\/p><p>Wir hoffen auf Ihr zahlreiches Erscheinen.<\/p><p>Gemeinsam bleiben wir auf Kurs!<\/p>\t\t\t\t\t\t<\/div>\n\t\t\t\t<\/div>\n\t\t\t\t\t<\/div>\n\t\t<\/div>\n\t\t\t\t\t\t\t<\/div>\n\t\t<\/section>\n\t\t\t\t<section class=\"elementor-section elementor-top-section elementor-element elementor-element-cdd640c elementor-section-boxed elementor-section-height-default elementor-section-height-default\" data-id=\"cdd640c\" data-element_type=\"section\">\n\t\t\t\t\t\t<div class=\"elementor-container elementor-column-gap-default\">\n\t\t\t\t\t<div class=\"elementor-column elementor-col-100 elementor-top-column elementor-element elementor-element-dd72b47\" data-id=\"dd72b47\" data-element_type=\"column\">\n\t\t\t<div class=\"elementor-widget-wrap elementor-element-populated\">\n\t\t\t\t\t\t\t\t<div class=\"elementor-element elementor-element-549fdef elementor-widget elementor-widget-image\" data-id=\"549fdef\" data-element_type=\"widget\" data-widget_type=\"image.default\">\n\t\t\t\t<div class=\"elementor-widget-container\">\n\t\t\t<style>\/*! elementor - v3.11.5 - 14-03-2023 *\/\n.elementor-widget-image{text-align:center}.elementor-widget-image a{display:inline-block}.elementor-widget-image a img[src$=\".svg\"]{width:48px}.elementor-widget-image img{vertical-align:middle;display:inline-block}<\/style>\t\t\t\t\t\t\t\t\t\t\t\t<img loading=\"lazy\" decoding=\"async\" width=\"723\" height=\"1024\" src=\"https:\/\/www.bio-oberems.de\/wp-content\/uploads\/2022\/10\/Plakat_Event-221122_Ortsbeirat-723x1024.jpg\" class=\"attachment-large size-large wp-image-2926\" alt=\"\" srcset=\"https:\/\/www.bio-oberems.de\/wp-content\/uploads\/2022\/10\/Plakat_Event-221122_Ortsbeirat-723x1024.jpg 723w, https:\/\/www.bio-oberems.de\/wp-content\/uploads\/2022\/10\/Plakat_Event-221122_Ortsbeirat-212x300.jpg 212w, https:\/\/www.bio-oberems.de\/wp-content\/uploads\/2022\/10\/Plakat_Event-221122_Ortsbeirat-768x1088.jpg 768w, https:\/\/www.bio-oberems.de\/wp-content\/uploads\/2022\/10\/Plakat_Event-221122_Ortsbeirat-1084x1536.jpg 1084w, https:\/\/www.bio-oberems.de\/wp-content\/uploads\/2022\/10\/Plakat_Event-221122_Ortsbeirat.jpg 1299w\" sizes=\"auto, (max-width: 723px) 100vw, 723px\" \/>\t\t\t\t\t\t\t\t\t\t\t\t\t\t\t<\/div>\n\t\t\t\t<\/div>\n\t\t\t\t\t<\/div>\n\t\t<\/div>\n\t\t\t\t\t\t\t<\/div>\n\t\t<\/section>\n\t\t\t\t<section class=\"elementor-section elementor-top-section elementor-element elementor-element-d3b4fb6 elementor-section-boxed elementor-section-height-default elementor-section-height-default\" data-id=\"d3b4fb6\" data-element_type=\"section\">\n\t\t\t\t\t\t<div class=\"elementor-container elementor-column-gap-default\">\n\t\t\t\t\t<div class=\"elementor-column elementor-col-100 elementor-top-column elementor-element elementor-element-e92b6c8\" data-id=\"e92b6c8\" data-element_type=\"column\">\n\t\t\t<div class=\"elementor-widget-wrap elementor-element-populated\">\n\t\t\t\t\t\t\t\t<div class=\"elementor-element elementor-element-30afe91 elementor-widget elementor-widget-text-editor\" data-id=\"30afe91\" data-element_type=\"widget\" data-widget_type=\"text-editor.default\">\n\t\t\t\t<div class=\"elementor-widget-container\">\n\t\t\t\t\t\t\t<p>Um die Planung des Events zu erleichtern bitten wir Sie, Ihre Teilnahme vorab optional und unverbindlich per <a href=\"mailto:kontakt@bio-oberems.de?subject=Event%20Ortsbeirat%20am%2022.11.22&amp;body=Wir%20kommen%20mit%20xxx%20Personen.\">Email<\/a> anzuk\u00fcndigen.<\/p>\t\t\t\t\t\t<\/div>\n\t\t\t\t<\/div>\n\t\t\t\t\t<\/div>\n\t\t<\/div>\n\t\t\t\t\t\t\t<\/div>\n\t\t<\/section>\n\t\t\t\t\t\t\t<\/div>\n\t\t","protected":false},"excerpt":{"rendered":"<p>Event am 22.11.2022: &#8222;Wem geh\u00f6rt mein Ortsteil?&#8220; Nicht immer f\u00fchlen sich die B\u00fcrgerinnen und B\u00fcrger in den Ortsteilen Schlo\u00dfborn, Glash\u00fctten und Oberems \u00fcber die Themen, die ihren Ortsteil betreffen, gut informiert und bei entsprechenden Entscheidungen der Gemeinde auch gut vertreten. J\u00fcngstes Beispiel ist das angedachte, ca. 100.000 qm gro\u00dfe Gewerbegebiet in Oberems: Dieses Projekt st\u00f6\u00dft &hellip;<\/p>\n<p class=\"read-more\"> <a class=\"\" href=\"https:\/\/www.bio-oberems.de\/index.php\/event-ortsbeirat-22-11-22\/\"> <span class=\"screen-reader-text\">Event Ortsbeirat 22.11.22<\/span> Weiterlesen &raquo;<\/a><\/p>\n","protected":false},"author":8,"featured_media":0,"parent":0,"menu_order":0,"comment_status":"closed","ping_status":"closed","template":"","meta":{"site-sidebar-layout":"no-sidebar","site-content-layout":"page-builder","ast-global-header-display":"","ast-main-header-display":"","ast-hfb-above-header-display":"","ast-hfb-below-header-display":"","ast-hfb-mobile-header-display":"","site-post-title":"disabled","ast-breadcrumbs-content":"","ast-featured-img":"disabled","footer-sml-layout":"","theme-transparent-header-meta":"","adv-header-id-meta":"","stick-header-meta":"","header-above-stick-meta":"","header-main-stick-meta":"","header-below-stick-meta":"","footnotes":""},"class_list":["post-2915","page","type-page","status-publish","hentry"],"_links":{"self":[{"href":"https:\/\/www.bio-oberems.de\/index.php\/wp-json\/wp\/v2\/pages\/2915","targetHints":{"allow":["GET"]}}],"collection":[{"href":"https:\/\/www.bio-oberems.de\/index.php\/wp-json\/wp\/v2\/pages"}],"about":[{"href":"https:\/\/www.bio-oberems.de\/index.php\/wp-json\/wp\/v2\/types\/page"}],"author":[{"embeddable":true,"href":"https:\/\/www.bio-oberems.de\/index.php\/wp-json\/wp\/v2\/users\/8"}],"replies":[{"embeddable":true,"href":"https:\/\/www.bio-oberems.de\/index.php\/wp-json\/wp\/v2\/comments?post=2915"}],"version-history":[{"count":43,"href":"https:\/\/www.bio-oberems.de\/index.php\/wp-json\/wp\/v2\/pages\/2915\/revisions"}],"predecessor-version":[{"id":3044,"href":"https:\/\/www.bio-oberems.de\/index.php\/wp-json\/wp\/v2\/pages\/2915\/revisions\/3044"}],"wp:attachment":[{"href":"https:\/\/www.bio-oberems.de\/index.php\/wp-json\/wp\/v2\/media?parent=2915"}],"curies":[{"name":"wp","href":"https:\/\/api.w.org\/{rel}","templated":true}]}}