{"id":2881,"date":"2022-10-13T08:28:17","date_gmt":"2022-10-13T06:28:17","guid":{"rendered":"https:\/\/www.bio-oberems.de\/?page_id=2881"},"modified":"2023-01-18T14:11:26","modified_gmt":"2023-01-18T13:11:26","slug":"taunus-zeitung-15-9-22","status":"publish","type":"page","link":"https:\/\/www.bio-oberems.de\/index.php\/taunus-zeitung-15-9-22\/","title":{"rendered":"Taunus Zeitung 15.9.22"},"content":{"rendered":"\t\t<div data-elementor-type=\"wp-page\" data-elementor-id=\"2881\" class=\"elementor elementor-2881\">\n\t\t\t\t\t\t\t\t\t<section class=\"elementor-section elementor-top-section elementor-element elementor-element-1195ac9 elementor-section-boxed elementor-section-height-default elementor-section-height-default\" data-id=\"1195ac9\" data-element_type=\"section\">\n\t\t\t\t\t\t<div class=\"elementor-container elementor-column-gap-default\">\n\t\t\t\t\t<div class=\"elementor-column elementor-col-100 elementor-top-column elementor-element elementor-element-38c3ad9\" data-id=\"38c3ad9\" data-element_type=\"column\">\n\t\t\t<div class=\"elementor-widget-wrap elementor-element-populated\">\n\t\t\t\t\t\t\t\t<div class=\"elementor-element elementor-element-74c5625 elementor-widget elementor-widget-text-editor\" data-id=\"74c5625\" data-element_type=\"widget\" data-widget_type=\"text-editor.default\">\n\t\t\t\t<div class=\"elementor-widget-container\">\n\t\t\t<style>\/*! elementor - v3.11.5 - 14-03-2023 *\/\n.elementor-widget-text-editor.elementor-drop-cap-view-stacked .elementor-drop-cap{background-color:#818a91;color:#fff}.elementor-widget-text-editor.elementor-drop-cap-view-framed .elementor-drop-cap{color:#818a91;border:3px solid;background-color:transparent}.elementor-widget-text-editor:not(.elementor-drop-cap-view-default) .elementor-drop-cap{margin-top:8px}.elementor-widget-text-editor:not(.elementor-drop-cap-view-default) .elementor-drop-cap-letter{width:1em;height:1em}.elementor-widget-text-editor .elementor-drop-cap{float:left;text-align:center;line-height:1;font-size:50px}.elementor-widget-text-editor .elementor-drop-cap-letter{display:inline-block}<\/style>\t\t\t\t<p>Taunus Zeitung, 15.09.2022 (<a href=\"https:\/\/www.bio-oberems.de\/wp-content\/uploads\/2022\/10\/220915_TZ_Uebermaessige-Bauvorhaben-und-Bodenversieglung-verhindern.pdf\">pdf<\/a>)<\/p>\t\t\t\t\t\t<\/div>\n\t\t\t\t<\/div>\n\t\t\t\t\t<\/div>\n\t\t<\/div>\n\t\t\t\t\t\t\t<\/div>\n\t\t<\/section>\n\t\t\t\t<section class=\"elementor-section elementor-top-section elementor-element elementor-element-025e4c3 elementor-section-boxed elementor-section-height-default elementor-section-height-default\" data-id=\"025e4c3\" data-element_type=\"section\">\n\t\t\t\t\t\t<div class=\"elementor-container elementor-column-gap-default\">\n\t\t\t\t\t<div class=\"elementor-column elementor-col-100 elementor-top-column elementor-element elementor-element-7027c7c\" data-id=\"7027c7c\" data-element_type=\"column\">\n\t\t\t<div class=\"elementor-widget-wrap elementor-element-populated\">\n\t\t\t\t\t\t\t\t<div class=\"elementor-element elementor-element-758c202 elementor-widget elementor-widget-heading\" data-id=\"758c202\" data-element_type=\"widget\" data-widget_type=\"heading.default\">\n\t\t\t\t<div class=\"elementor-widget-container\">\n\t\t\t<style>\/*! elementor - v3.11.5 - 14-03-2023 *\/\n.elementor-heading-title{padding:0;margin:0;line-height:1}.elementor-widget-heading .elementor-heading-title[class*=elementor-size-]>a{color:inherit;font-size:inherit;line-height:inherit}.elementor-widget-heading .elementor-heading-title.elementor-size-small{font-size:15px}.elementor-widget-heading .elementor-heading-title.elementor-size-medium{font-size:19px}.elementor-widget-heading .elementor-heading-title.elementor-size-large{font-size:29px}.elementor-widget-heading .elementor-heading-title.elementor-size-xl{font-size:39px}.elementor-widget-heading .elementor-heading-title.elementor-size-xxl{font-size:59px}<\/style><h1 class=\"elementor-heading-title elementor-size-default\">\u201e\u00dcberm\u00e4\u00dfige Bauvorhaben\u201c und Bodenversiegelung verhindern<\/h1>\t\t<\/div>\n\t\t\t\t<\/div>\n\t\t\t\t<div class=\"elementor-element elementor-element-e655da7 elementor-widget elementor-widget-text-editor\" data-id=\"e655da7\" data-element_type=\"widget\" data-widget_type=\"text-editor.default\">\n\t\t\t\t<div class=\"elementor-widget-container\">\n\t\t\t\t\t\t\t<p><strong>OBEREMS<\/strong> BIO versucht den Schulterschluss mit anderen Initiativen<\/p><p>Die aktiven Mitglieder der B\u00fcrgerinitiative Oberems (BIO) waren nach eigenen Angaben in der Ferienpause &#8222;nicht unt\u00e4tig&#8220;. Die Gruppe besch\u00e4ftigte sich &#8222;unter anderem intensiv mit dem Thema Wasserresourcen&#8220; in Glash\u00fctten. Die Gemeinde sei &#8222;bisher in ihrer Wasserversorgung autark&#8220;. Ein Grund zur Gelassenheit? Nein.<\/p><p>Wie Beate L\u00f6ber-Kieslich vom BIO-Presseteam mitteilt, erachtet es die Initiative &#8222;f\u00fcr besonders wichtig&#8220;, k\u00fcnftig auf &#8222;unn\u00f6tige Fl\u00e4chenversiegelungen auf Gemeindegebiet zu verzichten&#8220;. Im Ortsteil Schlo\u00dfborn sei bereits eine gro\u00dfe Naturfl\u00e4che gerodet worden &#8211; f\u00fcrs neue Baugebiet Silberbach. Welche Auswirkungen dies auf die Wasserversorgung haben werde, sei &#8222;noch nicht absehbar&#8220;, urteilt die BI. &#8222;Insbesondere auch das oberhalb von Oberems angedachte Gewerbegebiet w\u00fcrde eine weitere, nicht tolerierbare Fl\u00e4chenversiegelung von nahezu zehn Hektar darstellen&#8220;. Die BIO, die als Verein organisiert ist, kann nicht verstehen, &#8222;warum angesichts der offensichtlich in Dauer und H\u00e4ufigkeit zunehmenden D\u00fcrreperioden \u00fcberhaupt Planungen dieser Gr\u00f6\u00dfenordnung angedacht werden.&#8220;<\/p><p><strong>Klare Erwartungen an die Gemeinde<\/strong><\/p><p>Beim Thema Bodenversiegelung beruft sich die Initiative auf das Umweltbundesamt, das angibt: &#8222;Etwa 44 Prozent der Siedlungs- und Verkehrsfl\u00e4chen sind in Deutschland aktuell versiegelt oder anderweitig befestigt, das hei\u00dft bebaut, betoniert, asphaltiert, gepflastert oder anderweitig befestigt. Damit gehen wichtige Bodenfunktionen, vor allem die Wasserdurchl\u00e4ssigkeit und die Bodenfruchtbarkeit verloren. Mit der Ausweitung der Siedlungs- und Verkehrsfl\u00e4chen nimmt auch die Bodenversiegelung zu.&#8220; Durchl\u00e4ssigkeit meine in diesem Zusammenhang die Aufnahme von Regenwasser in den Boden und damit das Auff\u00fcllen der nat\u00fcrlichen Grundwasserreservoirs.<\/p><p>&#8222;Ganz sicher m\u00f6chte man im Rathaus Glash\u00fctten nicht riskieren, dass auch hier k\u00fcnftig im Sommer die Feuerwehr durch die Stra\u00dfen f\u00e4hrt und den Wassernotstand ausruft&#8220;, hei\u00dft es in der von Beate L\u00f6ber-Kieslich verschickten Stellungnahme. &#8222;Nat\u00fcrlich ist die globale Klimaerw\u00e4rmung ein wichtiger Faktor, der zu dieser fatalen Entwicklung beigetragen hat. Jedoch ist der Mensch nicht ganz unschuldig an der immer weiter zunehmenden Wasserknappheit.&#8220; BIO erwarte, dass die Gemeinde Glash\u00fctten und die Gemeindevertretung &#8222;verantwortungsvolle Konzepte zum Schutz unserer Natur und Wasserresourcen erarbeiten und vorlegen&#8220;.<\/p><p>Mitte August 2022 trafen sich BIO-Vertreter mit der Interessengemeinschaft zur Erhaltung der Landschaft Glash\u00fcttens und der BI &#8222;Lebenswertes Schlo\u00dfborn&#8220;. Laut BIO-Presseteam wurde &#8222;sehr schnell klar, dass die drei Initiativen gemeinsame Ziele verfolgen&#8220;. Dazu z\u00e4hle unter anderen der Erhalt der Natur in allen Ortsteilen. Gemeinsame Aktionen seien in Planung. &#8222;\u00dcberm\u00e4\u00dfige Bauvorhaben&#8220; sollen verhindert werden.<\/p>\t\t\t\t\t\t<\/div>\n\t\t\t\t<\/div>\n\t\t\t\t\t<\/div>\n\t\t<\/div>\n\t\t\t\t\t\t\t<\/div>\n\t\t<\/section>\n\t\t\t\t\t\t\t<\/div>\n\t\t","protected":false},"excerpt":{"rendered":"<p>Taunus Zeitung, 15.09.2022 (pdf) \u201e\u00dcberm\u00e4\u00dfige Bauvorhaben\u201c und Bodenversiegelung verhindern OBEREMS BIO versucht den Schulterschluss mit anderen Initiativen Die aktiven Mitglieder der B\u00fcrgerinitiative Oberems (BIO) waren nach eigenen Angaben in der Ferienpause &#8222;nicht unt\u00e4tig&#8220;. Die Gruppe besch\u00e4ftigte sich &#8222;unter anderem intensiv mit dem Thema Wasserresourcen&#8220; in Glash\u00fctten. Die Gemeinde sei &#8222;bisher in ihrer Wasserversorgung autark&#8220;. Ein &hellip;<\/p>\n<p class=\"read-more\"> <a class=\"\" href=\"https:\/\/www.bio-oberems.de\/index.php\/taunus-zeitung-15-9-22\/\"> <span class=\"screen-reader-text\">Taunus Zeitung 15.9.22<\/span> Weiterlesen &raquo;<\/a><\/p>\n","protected":false},"author":8,"featured_media":0,"parent":0,"menu_order":0,"comment_status":"closed","ping_status":"closed","template":"","meta":{"site-sidebar-layout":"no-sidebar","site-content-layout":"page-builder","ast-global-header-display":"","ast-main-header-display":"","ast-hfb-above-header-display":"","ast-hfb-below-header-display":"","ast-hfb-mobile-header-display":"","site-post-title":"disabled","ast-breadcrumbs-content":"","ast-featured-img":"disabled","footer-sml-layout":"","theme-transparent-header-meta":"","adv-header-id-meta":"","stick-header-meta":"","header-above-stick-meta":"","header-main-stick-meta":"","header-below-stick-meta":"","footnotes":""},"class_list":["post-2881","page","type-page","status-publish","hentry"],"_links":{"self":[{"href":"https:\/\/www.bio-oberems.de\/index.php\/wp-json\/wp\/v2\/pages\/2881","targetHints":{"allow":["GET"]}}],"collection":[{"href":"https:\/\/www.bio-oberems.de\/index.php\/wp-json\/wp\/v2\/pages"}],"about":[{"href":"https:\/\/www.bio-oberems.de\/index.php\/wp-json\/wp\/v2\/types\/page"}],"author":[{"embeddable":true,"href":"https:\/\/www.bio-oberems.de\/index.php\/wp-json\/wp\/v2\/users\/8"}],"replies":[{"embeddable":true,"href":"https:\/\/www.bio-oberems.de\/index.php\/wp-json\/wp\/v2\/comments?post=2881"}],"version-history":[{"count":10,"href":"https:\/\/www.bio-oberems.de\/index.php\/wp-json\/wp\/v2\/pages\/2881\/revisions"}],"predecessor-version":[{"id":3548,"href":"https:\/\/www.bio-oberems.de\/index.php\/wp-json\/wp\/v2\/pages\/2881\/revisions\/3548"}],"wp:attachment":[{"href":"https:\/\/www.bio-oberems.de\/index.php\/wp-json\/wp\/v2\/media?parent=2881"}],"curies":[{"name":"wp","href":"https:\/\/api.w.org\/{rel}","templated":true}]}}