{"id":2865,"date":"2022-10-08T10:30:24","date_gmt":"2022-10-08T08:30:24","guid":{"rendered":"https:\/\/www.bio-oberems.de\/?page_id=2865"},"modified":"2022-10-08T10:56:53","modified_gmt":"2022-10-08T08:56:53","slug":"taunus-zeitung-7-10-22","status":"publish","type":"page","link":"https:\/\/www.bio-oberems.de\/index.php\/taunus-zeitung-7-10-22\/","title":{"rendered":"Taunus Zeitung 7.10.22"},"content":{"rendered":"\t\t<div data-elementor-type=\"wp-page\" data-elementor-id=\"2865\" class=\"elementor elementor-2865\">\n\t\t\t\t\t\t\t\t\t<section class=\"elementor-section elementor-top-section elementor-element elementor-element-5c9421b elementor-section-boxed elementor-section-height-default elementor-section-height-default\" data-id=\"5c9421b\" data-element_type=\"section\">\n\t\t\t\t\t\t<div class=\"elementor-container elementor-column-gap-default\">\n\t\t\t\t\t<div class=\"elementor-column elementor-col-100 elementor-top-column elementor-element elementor-element-14eed71\" data-id=\"14eed71\" data-element_type=\"column\">\n\t\t\t<div class=\"elementor-widget-wrap elementor-element-populated\">\n\t\t\t\t\t\t\t\t<div class=\"elementor-element elementor-element-f19f615 elementor-widget elementor-widget-text-editor\" data-id=\"f19f615\" data-element_type=\"widget\" data-widget_type=\"text-editor.default\">\n\t\t\t\t<div class=\"elementor-widget-container\">\n\t\t\t<style>\/*! elementor - v3.11.5 - 14-03-2023 *\/\n.elementor-widget-text-editor.elementor-drop-cap-view-stacked .elementor-drop-cap{background-color:#818a91;color:#fff}.elementor-widget-text-editor.elementor-drop-cap-view-framed .elementor-drop-cap{color:#818a91;border:3px solid;background-color:transparent}.elementor-widget-text-editor:not(.elementor-drop-cap-view-default) .elementor-drop-cap{margin-top:8px}.elementor-widget-text-editor:not(.elementor-drop-cap-view-default) .elementor-drop-cap-letter{width:1em;height:1em}.elementor-widget-text-editor .elementor-drop-cap{float:left;text-align:center;line-height:1;font-size:50px}.elementor-widget-text-editor .elementor-drop-cap-letter{display:inline-block}<\/style>\t\t\t\t<p>Taunus Zeitung, 07.10.2022, Seite 14 (<a href=\"https:\/\/www.bio-oberems.de\/wp-content\/uploads\/2022\/10\/221007_TZ_BI-macht-gegen-Gewerbegebiet-mobil.pdf\" target=\"_blank\" rel=\"noopener\">pdf<\/a>)<\/p>\t\t\t\t\t\t<\/div>\n\t\t\t\t<\/div>\n\t\t\t\t\t<\/div>\n\t\t<\/div>\n\t\t\t\t\t\t\t<\/div>\n\t\t<\/section>\n\t\t\t\t<section class=\"elementor-section elementor-top-section elementor-element elementor-element-e75c8c4 elementor-section-boxed elementor-section-height-default elementor-section-height-default\" data-id=\"e75c8c4\" data-element_type=\"section\">\n\t\t\t\t\t\t<div class=\"elementor-container elementor-column-gap-default\">\n\t\t\t\t\t<div class=\"elementor-column elementor-col-100 elementor-top-column elementor-element elementor-element-c7c20cc\" data-id=\"c7c20cc\" data-element_type=\"column\">\n\t\t\t<div class=\"elementor-widget-wrap elementor-element-populated\">\n\t\t\t\t\t\t\t\t<div class=\"elementor-element elementor-element-bfa7254 elementor-widget elementor-widget-heading\" data-id=\"bfa7254\" data-element_type=\"widget\" data-widget_type=\"heading.default\">\n\t\t\t\t<div class=\"elementor-widget-container\">\n\t\t\t<style>\/*! elementor - v3.11.5 - 14-03-2023 *\/\n.elementor-heading-title{padding:0;margin:0;line-height:1}.elementor-widget-heading .elementor-heading-title[class*=elementor-size-]>a{color:inherit;font-size:inherit;line-height:inherit}.elementor-widget-heading .elementor-heading-title.elementor-size-small{font-size:15px}.elementor-widget-heading .elementor-heading-title.elementor-size-medium{font-size:19px}.elementor-widget-heading .elementor-heading-title.elementor-size-large{font-size:29px}.elementor-widget-heading .elementor-heading-title.elementor-size-xl{font-size:39px}.elementor-widget-heading .elementor-heading-title.elementor-size-xxl{font-size:59px}<\/style><h1 class=\"elementor-heading-title elementor-size-default\">BI macht gegen Gewerbegebiet mobil<\/h1>\t\t<\/div>\n\t\t\t\t<\/div>\n\t\t\t\t<div class=\"elementor-element elementor-element-178450b elementor-widget elementor-widget-text-editor\" data-id=\"178450b\" data-element_type=\"widget\" data-widget_type=\"text-editor.default\">\n\t\t\t\t<div class=\"elementor-widget-container\">\n\t\t\t\t\t\t\t<p><strong>GLASH\u00dcTTEN &#8211; Sie lehnt den Standort vor den Toren von Oberems ab und fordert Alternativen<\/strong><\/p><p>Die B\u00fcrgerinitiative Oberems (BIO) l\u00e4sst nicht locker, wenn es darum geht, f\u00fcr ihre Ziele einzutreten. \u201eWir weisen seit Monaten konsequent darauf hin, dass ein Gewerbegebiet direkt vor den Toren von Oberems nicht nur f\u00fcr den Glash\u00fcttener Ortsteil selbst, sondern f\u00fcr die gesamte Gemeinde Glash\u00fctten als ausgesprochen sch\u00e4dlich zu betrachten ist\u201c, teilt die Gruppe mit und gibt eine ausf\u00fchrliche Wasserstandsmeldung ab. Zwar h\u00e4tten der Glash\u00fcttener B\u00fcrgermeister Thomas Ciesielski (CDU) und der Gemeindevorstand \u201eaufgrund der klaren Ablehnung durch die B\u00fcrgerinnen und B\u00fcrger\u201c den Chef des Regionalverbands Frankfurt\/Rhein-Main bereits vor einigen Wochen schriftlich darum gebeten, die umstrittene Fl\u00e4che \u201eG9\u201c aus den Planungen f\u00fcr den Regionalen Fl\u00e4chennutzungsplan 2030 herauszunehmen. \u201eOb der Verband der Empfehlung der Gemeinde Glash\u00fctten folgen wird, ist derzeit jedoch nicht abzusehen\u201c, meint Astrid Glockner, BIO-Vorstandsmitglied und Mitglied im Presseteam.<\/p><p>\u201eAls umso wichtiger erachten wir es, dass die Gemeinde schon jetzt aktiv nach alternativen Fl\u00e4chen f\u00fcr das ortsans\u00e4ssige Gewerbe sucht, so weit es daf\u00fcr einen nachhaltigen Bedarf gibt\u201c, schl\u00e4gt die Initiative vor. In diesem Zusammenhang fordert sie \u201eschon lange eine seri\u00f6se Bedarfsermittlung im Hinblick auf Gewerbefl\u00e4chen f\u00fcr das ortsans\u00e4ssige Gewerbe\u201c. Diese Ermittlung l\u00e4uft.<\/p><p><strong>SPD-Antrag wird am 12. Oktober beraten<\/strong><\/p><p>Der Gemeindevorstand hat einen Fragebogen entworfen. Bis zum 9. Oktober ist es m\u00f6glich, Fl\u00e4chen-Bedarfe anzumelden, so dass die Verwaltung einen \u00dcberblick bekommt. Die B\u00fcrgerinitiative Oberems begr\u00fc\u00dft diesen Vorsto\u00df \u201eausdr\u00fccklich\u201c: \u201eDer sehr offen gestaltete Fragebogen richtet sich allerdings nicht nur an die aktuell Gewerbetreibenden in der Gemeinde, sondern er\u00f6ffnet jedem B\u00fcrger die M\u00f6glichkeit, einen potenziellen k\u00fcnftigen und vor allem undefinierten Bedarf an Gewerbe zu \u00e4u\u00dfern. Diese Abfrage erscheint uns sehr niedrigschwellig und n\u00e4hrt die Sorge, dass hier ein k\u00fcnstlicher Bedarf geschaffen wird.\u201c Auch erfrage die Gemeinde nicht, ob es B\u00fcrger gibt, \u201edie der Gemeinde alternative und vielleicht auch schon erschlossene und bebaute Fl\u00e4chen anbieten k\u00f6nnen\u201c. Dabei fordere BIO schon seit geraumer Zeit die Suche der Gemeinde nach alternativen Gewerbefl\u00e4chen, die den lokalen Gewerbetreibenden schon zeitnah zur Verf\u00fcgung gestellt werden k\u00f6nnten.<\/p><p>Inzwischen liegt ein Antrag der SPD vor. Die Fraktion will \u201epr\u00fcfen lassen, inwieweit die Fl\u00e4chen auf Oberemser Gemarkung hinter dem Rewe-Markt neben den Salzsilos als Gewerbegebiet geeignet w\u00e4ren\u201c. Sie bittet zudem darum, \u201eweitere potenzielle Fl\u00e4chen\u201c als Alternativen zu ermitteln. Diese Vorschl\u00e4ge seien \u201eein wichtiger Schritt in die richtige Richtung\u201c, urteilt die B\u00fcrgerinitiative. \u00dcber den SPD-Antrag wird am 12. Oktober im Ausschuss f\u00fcr Umwelt, Bau und Infrastruktur beraten. Das letzte Wort hat die Gemeindevertretung (20. Oktober). \u201eAn dieser Stelle ermutigen wir alle interessierten B\u00fcrgerinnen und B\u00fcrger, beiden Sitzungen beizuwohnen und sich \u00fcber die Positionierung der Beteiligten zu informieren\u201c, lautet der BIO-Appell. Die Initiative ruft \u201edie Verantwortlichen deswegen auf, sich endlich aktiv und ernsthaft um alternative Fl\u00e4chen f\u00fcr das ortsans\u00e4ssige Gewerbe zu bem\u00fchen\u201c, um das angedachte Gewerbegebiet \u201eG9\u201c vor den Toren von Oberems \u201eendg\u00fcltig abzulehnen\u201c.<\/p><p><strong>\u201eFehler in Schlo\u00dfborn gemacht\u201c<\/strong><\/p><p>Die BI erinnert \u201ean die Fehler, die seinerzeit bei der Vermarktung des Gewerbegebietes\u201c in Schlo\u00dfborn gemacht wurden. Der Bebauungsplan wurde 1996 aufgestellt. \u201eDer Verkauf der Grundst\u00fccke verlief aber so schleppend, dass die Gemeinde Zugest\u00e4ndnisse gemacht und aus dem Gewerbegebiet faktisch ein Mischgebiet hat werden lassen, das ganz deutlich von der Wohnbebauung gepr\u00e4gt ist; das letzte Grundst\u00fcck wurde erst 2021 ver\u00e4u\u00dfert.\u201c red<\/p><p><strong>\u00d6ffentliche Sitzung<\/strong><\/p><p>Der Ausschuss f\u00fcr Umwelt, Bau und Infrastruktur tagt am Mittwoch, 12. Oktober, 19.30 Uhr, im Rathaus , Schlo\u00dfborner Weg 2.<\/p>\t\t\t\t\t\t<\/div>\n\t\t\t\t<\/div>\n\t\t\t\t\t<\/div>\n\t\t<\/div>\n\t\t\t\t\t\t\t<\/div>\n\t\t<\/section>\n\t\t\t\t\t\t\t<\/div>\n\t\t","protected":false},"excerpt":{"rendered":"<p>Taunus Zeitung, 07.10.2022, Seite 14 (pdf) BI macht gegen Gewerbegebiet mobil GLASH\u00dcTTEN &#8211; Sie lehnt den Standort vor den Toren von Oberems ab und fordert Alternativen Die B\u00fcrgerinitiative Oberems (BIO) l\u00e4sst nicht locker, wenn es darum geht, f\u00fcr ihre Ziele einzutreten. \u201eWir weisen seit Monaten konsequent darauf hin, dass ein Gewerbegebiet direkt vor den Toren &hellip;<\/p>\n<p class=\"read-more\"> <a class=\"\" href=\"https:\/\/www.bio-oberems.de\/index.php\/taunus-zeitung-7-10-22\/\"> <span class=\"screen-reader-text\">Taunus Zeitung 7.10.22<\/span> Weiterlesen &raquo;<\/a><\/p>\n","protected":false},"author":8,"featured_media":0,"parent":0,"menu_order":0,"comment_status":"closed","ping_status":"closed","template":"","meta":{"site-sidebar-layout":"no-sidebar","site-content-layout":"page-builder","ast-global-header-display":"","ast-main-header-display":"","ast-hfb-above-header-display":"","ast-hfb-below-header-display":"","ast-hfb-mobile-header-display":"","site-post-title":"disabled","ast-breadcrumbs-content":"","ast-featured-img":"disabled","footer-sml-layout":"","theme-transparent-header-meta":"","adv-header-id-meta":"","stick-header-meta":"","header-above-stick-meta":"","header-main-stick-meta":"","header-below-stick-meta":"","footnotes":""},"class_list":["post-2865","page","type-page","status-publish","hentry"],"_links":{"self":[{"href":"https:\/\/www.bio-oberems.de\/index.php\/wp-json\/wp\/v2\/pages\/2865","targetHints":{"allow":["GET"]}}],"collection":[{"href":"https:\/\/www.bio-oberems.de\/index.php\/wp-json\/wp\/v2\/pages"}],"about":[{"href":"https:\/\/www.bio-oberems.de\/index.php\/wp-json\/wp\/v2\/types\/page"}],"author":[{"embeddable":true,"href":"https:\/\/www.bio-oberems.de\/index.php\/wp-json\/wp\/v2\/users\/8"}],"replies":[{"embeddable":true,"href":"https:\/\/www.bio-oberems.de\/index.php\/wp-json\/wp\/v2\/comments?post=2865"}],"version-history":[{"count":4,"href":"https:\/\/www.bio-oberems.de\/index.php\/wp-json\/wp\/v2\/pages\/2865\/revisions"}],"predecessor-version":[{"id":2871,"href":"https:\/\/www.bio-oberems.de\/index.php\/wp-json\/wp\/v2\/pages\/2865\/revisions\/2871"}],"wp:attachment":[{"href":"https:\/\/www.bio-oberems.de\/index.php\/wp-json\/wp\/v2\/media?parent=2865"}],"curies":[{"name":"wp","href":"https:\/\/api.w.org\/{rel}","templated":true}]}}