{"id":2847,"date":"2022-10-06T01:00:40","date_gmt":"2022-10-05T23:00:40","guid":{"rendered":"https:\/\/www.bio-oberems.de\/?page_id=2847"},"modified":"2022-10-08T10:28:24","modified_gmt":"2022-10-08T08:28:24","slug":"pressemitteilung-vom-30-9-22","status":"publish","type":"page","link":"https:\/\/www.bio-oberems.de\/index.php\/pressemitteilung-vom-30-9-22\/","title":{"rendered":"Pressemitteilung vom 30.9.22"},"content":{"rendered":"\t\t<div data-elementor-type=\"wp-page\" data-elementor-id=\"2847\" class=\"elementor elementor-2847\">\n\t\t\t\t\t\t\t\t\t<section class=\"elementor-section elementor-top-section elementor-element elementor-element-b251aa1 elementor-section-boxed elementor-section-height-default elementor-section-height-default\" data-id=\"b251aa1\" data-element_type=\"section\">\n\t\t\t\t\t\t<div class=\"elementor-container elementor-column-gap-default\">\n\t\t\t\t\t<div class=\"elementor-column elementor-col-100 elementor-top-column elementor-element elementor-element-7626a15\" data-id=\"7626a15\" data-element_type=\"column\">\n\t\t\t<div class=\"elementor-widget-wrap elementor-element-populated\">\n\t\t\t\t\t\t\t\t<div class=\"elementor-element elementor-element-2f8865e elementor-widget elementor-widget-heading\" data-id=\"2f8865e\" data-element_type=\"widget\" data-widget_type=\"heading.default\">\n\t\t\t\t<div class=\"elementor-widget-container\">\n\t\t\t<style>\/*! elementor - v3.11.5 - 14-03-2023 *\/\n.elementor-heading-title{padding:0;margin:0;line-height:1}.elementor-widget-heading .elementor-heading-title[class*=elementor-size-]>a{color:inherit;font-size:inherit;line-height:inherit}.elementor-widget-heading .elementor-heading-title.elementor-size-small{font-size:15px}.elementor-widget-heading .elementor-heading-title.elementor-size-medium{font-size:19px}.elementor-widget-heading .elementor-heading-title.elementor-size-large{font-size:29px}.elementor-widget-heading .elementor-heading-title.elementor-size-xl{font-size:39px}.elementor-widget-heading .elementor-heading-title.elementor-size-xxl{font-size:59px}<\/style><h1 class=\"elementor-heading-title elementor-size-default\">Pressemitteilung vom 30.09.2022<\/h1>\t\t<\/div>\n\t\t\t\t<\/div>\n\t\t\t\t\t<\/div>\n\t\t<\/div>\n\t\t\t\t\t\t\t<\/div>\n\t\t<\/section>\n\t\t\t\t<section class=\"elementor-section elementor-top-section elementor-element elementor-element-7f88577 elementor-section-boxed elementor-section-height-default elementor-section-height-default\" data-id=\"7f88577\" data-element_type=\"section\">\n\t\t\t\t\t\t<div class=\"elementor-container elementor-column-gap-default\">\n\t\t\t\t\t<div class=\"elementor-column elementor-col-100 elementor-top-column elementor-element elementor-element-80f0384\" data-id=\"80f0384\" data-element_type=\"column\">\n\t\t\t<div class=\"elementor-widget-wrap elementor-element-populated\">\n\t\t\t\t\t\t\t\t<div class=\"elementor-element elementor-element-2236070 elementor-widget elementor-widget-text-editor\" data-id=\"2236070\" data-element_type=\"widget\" data-widget_type=\"text-editor.default\">\n\t\t\t\t<div class=\"elementor-widget-container\">\n\t\t\t<style>\/*! elementor - v3.11.5 - 14-03-2023 *\/\n.elementor-widget-text-editor.elementor-drop-cap-view-stacked .elementor-drop-cap{background-color:#818a91;color:#fff}.elementor-widget-text-editor.elementor-drop-cap-view-framed .elementor-drop-cap{color:#818a91;border:3px solid;background-color:transparent}.elementor-widget-text-editor:not(.elementor-drop-cap-view-default) .elementor-drop-cap{margin-top:8px}.elementor-widget-text-editor:not(.elementor-drop-cap-view-default) .elementor-drop-cap-letter{width:1em;height:1em}.elementor-widget-text-editor .elementor-drop-cap{float:left;text-align:center;line-height:1;font-size:50px}.elementor-widget-text-editor .elementor-drop-cap-letter{display:inline-block}<\/style>\t\t\t\t<p>Wir als Vertreter der B.I.O. B\u00fcrgerinitiative Oberems e.V weisen seit Monaten konsequent darauf hin, dass ein Gewerbegebiet direkt vor den Toren von Oberems nicht nur f\u00fcr den Glash\u00fcttener Ortsteil selbst, sondern f\u00fcr die gesamte Gemeinde Glash\u00fctten als ausgesprochen sch\u00e4dlich zu betrachten ist.<\/p><p>Zwar haben der B\u00fcrgermeister der Gemeinde Glash\u00fctten, Thomas Ciesielski, und der Gemeindevorstand aufgrund der klaren Ablehnung durch die B\u00fcrgerinnen und B\u00fcrger den Pr\u00e4sidenten des Regionalverbands FrankfurtRheinMain bereits vor einigen Wochen schriftlich darum gebeten, die umstrittene Fl\u00e4che \u201eG9\u201c aus den Planungen f\u00fcr den RegFNP2030 herauszunehmen. Ob der Verband der Empfehlung der Gemeinde Glash\u00fctten folgen wird, ist derzeit jedoch nicht abzusehen.<\/p><p>Als umso wichtiger erachten wir es, dass die Gemeinde schon jetzt aktiv nach alternativen Fl\u00e4chen f\u00fcr das ortsans\u00e4ssige Gewerbe sucht, soweit es daf\u00fcr einen nachhaltigen Bedarf gibt.<\/p><p>In diesem Zusammenhang fordert B.I.O. schon lange eine seri\u00f6se Bedarfsermittlung im Hinblick auf Gewerbefl\u00e4chen f\u00fcr das ortsans\u00e4ssige Gewerbe. Diese Bedarfsermittlung soll nun \u00fcber den im Amtsblatt ver\u00f6ffentlichten Fragebogen erfolgen. Darin d\u00fcrfen sich die B\u00fcrger zu einem m\u00f6glichen Bedarf an Gewerbefl\u00e4chen \u00e4u\u00dfern. Das T\u00e4tigwerden der Gemeinde wird von uns ausdr\u00fccklich begr\u00fc\u00dft. Der sehr offen gestaltete Fragebogen richtet sich allerdings nicht nur an die aktuell Gewerbetreibenden in der Gemeinde, sondern er\u00f6ffnet jedem B\u00fcrger die M\u00f6glichkeit, einen potenziellen zuk\u00fcnftigen und vor allem undefinierten Bedarf an Gewerbe zu \u00e4u\u00dfern. Diese Abfrage erscheint uns sehr niedrigschwellig und n\u00e4hrt die Sorge, dass hier ein k\u00fcnstlicher Bedarf geschaffen wird.<\/p><p>Auch erfragt die Gemeinde in diesem Fragebogen nicht, ob es B\u00fcrgerinnen und B\u00fcrger gibt, die der Gemeinde alternative und vielleicht auch schon erschlossene und bebaute Fl\u00e4chen anbieten k\u00f6nnen. Dabei fordert B.I.O. schon seit geraumer Zeit die Suche der Gemeinde nach alternativen Gewerbefl\u00e4chen, die den lokalen Gewerbetreibenden schon zeitnah zur Verf\u00fcgung gestellt werden k\u00f6nnten.<\/p><p>Den von der SPD Glash\u00fctten am 25. September 2022 in der Gemeindevertretung eingereichten Antrag, konkrete alternative Fl\u00e4chen f\u00fcr Gewerbetreibende pr\u00fcfen zu lassen und weitere Alternativfl\u00e4chen zu ermitteln, begr\u00fc\u00dfen wir sehr, halten wir ihn doch f\u00fcr einen wichtigen Schritt in die richtige Richtung. \u00dcber diesen Antrag wird am 12. Oktober 2022 im Ausschuss f\u00fcr Umwelt, Bau und Infrastruktur (AUBI) vorberaten und. Der AUBI wird dann eine Empfehlung aussprechen, ob dem Antrag stattgegeben werden soll oder nicht. Anschlie\u00dfend geht der Antrag an die Vertreter der Gemeindeversammlung zur finalen Abstimmung, und zwar in deren Sitzung am 20. Oktober 2022. Beide Sitzungen sind \u00f6ffentlich. An dieser Stelle ermutigen wir alle interessierten B\u00fcrgerinnen und B\u00fcrger, beiden Sitzungen beizuwohnen und sich \u00fcber die Positionierung der Beteiligten zu informieren.<\/p><p>B.I.O. ruft die Verantwortlichen deswegen auf, sich endlich aktiv und ernsthaft um alternative Fl\u00e4chen f\u00fcr das ortsans\u00e4ssige Gewerbe zu bem\u00fchen, um das angedachte Gewerbegebiet \u201eG9\u201c vor den Toren von Oberems endg\u00fcltig abzulehnen. Und wir erinnern an die Fehler, die seinerzeit bei der Vermarktung des Gewerbegebietes in Schlossborn gemacht wurden: Der Bebauungsplan f\u00fcr dieses Gewerbegebiet bereits im Jahr 1996 aufgestellt. Der Verkauf der Grundst\u00fccke verlief aber so schleppend, dass die Gemeinde Zugest\u00e4ndnisse gemacht und aus dem Gewerbegebiet faktisch ein Mischgebiet hat werden lassen, das ganz deutlich von der Wohnbebauung gepr\u00e4gt ist; das letzte Grundst\u00fcck wurde erst im Jahr 2021 ver\u00e4u\u00dfert. Schon damals wurde der Bedarf f\u00fcr ein Gewerbegebiet ganz offensichtlich v\u00f6llig \u00fcberzogen angesetzt.<\/p><p>Wir m\u00f6chten uns deswegen an alle Gemeindevertreter wenden und sie bitten, das in sie gesetzte Vertrauen ihrer W\u00e4hlerinnen und W\u00e4hler nicht aus dem Blick zu verlieren und sich f\u00fcr sinnvolle Alternativen zu \u201eG9\u201c stark zu machen.<\/p>\t\t\t\t\t\t<\/div>\n\t\t\t\t<\/div>\n\t\t\t\t\t<\/div>\n\t\t<\/div>\n\t\t\t\t\t\t\t<\/div>\n\t\t<\/section>\n\t\t\t\t\t\t\t<\/div>\n\t\t","protected":false},"excerpt":{"rendered":"<p>Pressemitteilung vom 30.09.2022 Wir als Vertreter der B.I.O. B\u00fcrgerinitiative Oberems e.V weisen seit Monaten konsequent darauf hin, dass ein Gewerbegebiet direkt vor den Toren von Oberems nicht nur f\u00fcr den Glash\u00fcttener Ortsteil selbst, sondern f\u00fcr die gesamte Gemeinde Glash\u00fctten als ausgesprochen sch\u00e4dlich zu betrachten ist. Zwar haben der B\u00fcrgermeister der Gemeinde Glash\u00fctten, Thomas Ciesielski, und &hellip;<\/p>\n<p class=\"read-more\"> <a class=\"\" href=\"https:\/\/www.bio-oberems.de\/index.php\/pressemitteilung-vom-30-9-22\/\"> <span class=\"screen-reader-text\">Pressemitteilung vom 30.9.22<\/span> Weiterlesen &raquo;<\/a><\/p>\n","protected":false},"author":8,"featured_media":0,"parent":0,"menu_order":0,"comment_status":"closed","ping_status":"closed","template":"","meta":{"site-sidebar-layout":"no-sidebar","site-content-layout":"page-builder","ast-global-header-display":"","ast-main-header-display":"","ast-hfb-above-header-display":"","ast-hfb-below-header-display":"","ast-hfb-mobile-header-display":"","site-post-title":"disabled","ast-breadcrumbs-content":"","ast-featured-img":"disabled","footer-sml-layout":"","theme-transparent-header-meta":"","adv-header-id-meta":"","stick-header-meta":"","header-above-stick-meta":"","header-main-stick-meta":"","header-below-stick-meta":"","footnotes":""},"class_list":["post-2847","page","type-page","status-publish","hentry"],"_links":{"self":[{"href":"https:\/\/www.bio-oberems.de\/index.php\/wp-json\/wp\/v2\/pages\/2847","targetHints":{"allow":["GET"]}}],"collection":[{"href":"https:\/\/www.bio-oberems.de\/index.php\/wp-json\/wp\/v2\/pages"}],"about":[{"href":"https:\/\/www.bio-oberems.de\/index.php\/wp-json\/wp\/v2\/types\/page"}],"author":[{"embeddable":true,"href":"https:\/\/www.bio-oberems.de\/index.php\/wp-json\/wp\/v2\/users\/8"}],"replies":[{"embeddable":true,"href":"https:\/\/www.bio-oberems.de\/index.php\/wp-json\/wp\/v2\/comments?post=2847"}],"version-history":[{"count":5,"href":"https:\/\/www.bio-oberems.de\/index.php\/wp-json\/wp\/v2\/pages\/2847\/revisions"}],"predecessor-version":[{"id":2861,"href":"https:\/\/www.bio-oberems.de\/index.php\/wp-json\/wp\/v2\/pages\/2847\/revisions\/2861"}],"wp:attachment":[{"href":"https:\/\/www.bio-oberems.de\/index.php\/wp-json\/wp\/v2\/media?parent=2847"}],"curies":[{"name":"wp","href":"https:\/\/api.w.org\/{rel}","templated":true}]}}