{"id":2736,"date":"2022-08-02T20:35:51","date_gmt":"2022-08-02T18:35:51","guid":{"rendered":"https:\/\/www.bio-oberems.de\/?page_id=2736"},"modified":"2023-04-23T23:32:02","modified_gmt":"2023-04-23T21:32:02","slug":"stammtisch-27-7-22","status":"publish","type":"page","link":"https:\/\/www.bio-oberems.de\/index.php\/stammtisch-27-7-22\/","title":{"rendered":"Stammtisch 27.7.22"},"content":{"rendered":"\t\t<div data-elementor-type=\"wp-page\" data-elementor-id=\"2736\" class=\"elementor elementor-2736\">\n\t\t\t\t\t\t\t\t\t<section class=\"elementor-section elementor-top-section elementor-element elementor-element-6a5391b elementor-section-boxed elementor-section-height-default elementor-section-height-default\" data-id=\"6a5391b\" data-element_type=\"section\">\n\t\t\t\t\t\t<div class=\"elementor-container elementor-column-gap-default\">\n\t\t\t\t\t<div class=\"elementor-column elementor-col-100 elementor-top-column elementor-element elementor-element-a779987\" data-id=\"a779987\" data-element_type=\"column\">\n\t\t\t<div class=\"elementor-widget-wrap elementor-element-populated\">\n\t\t\t\t\t\t\t\t<div class=\"elementor-element elementor-element-34bb4a7 elementor-widget elementor-widget-heading\" data-id=\"34bb4a7\" data-element_type=\"widget\" data-widget_type=\"heading.default\">\n\t\t\t\t<div class=\"elementor-widget-container\">\n\t\t\t<style>\/*! elementor - v3.11.5 - 14-03-2023 *\/\n.elementor-heading-title{padding:0;margin:0;line-height:1}.elementor-widget-heading .elementor-heading-title[class*=elementor-size-]>a{color:inherit;font-size:inherit;line-height:inherit}.elementor-widget-heading .elementor-heading-title.elementor-size-small{font-size:15px}.elementor-widget-heading .elementor-heading-title.elementor-size-medium{font-size:19px}.elementor-widget-heading .elementor-heading-title.elementor-size-large{font-size:29px}.elementor-widget-heading .elementor-heading-title.elementor-size-xl{font-size:39px}.elementor-widget-heading .elementor-heading-title.elementor-size-xxl{font-size:59px}<\/style><h1 class=\"elementor-heading-title elementor-size-default\">B.I.O.-Stammtisch am 27.07.2022<\/h1>\t\t<\/div>\n\t\t\t\t<\/div>\n\t\t\t\t\t<\/div>\n\t\t<\/div>\n\t\t\t\t\t\t\t<\/div>\n\t\t<\/section>\n\t\t\t\t<section class=\"elementor-section elementor-top-section elementor-element elementor-element-b151596 elementor-section-boxed elementor-section-height-default elementor-section-height-default\" data-id=\"b151596\" data-element_type=\"section\">\n\t\t\t\t\t\t<div class=\"elementor-container elementor-column-gap-default\">\n\t\t\t\t\t<div class=\"elementor-column elementor-col-100 elementor-top-column elementor-element elementor-element-d0f25c4\" data-id=\"d0f25c4\" data-element_type=\"column\">\n\t\t\t<div class=\"elementor-widget-wrap elementor-element-populated\">\n\t\t\t\t\t\t\t\t<div class=\"elementor-element elementor-element-0bc7ef2 elementor-widget elementor-widget-text-editor\" data-id=\"0bc7ef2\" data-element_type=\"widget\" data-widget_type=\"text-editor.default\">\n\t\t\t\t<div class=\"elementor-widget-container\">\n\t\t\t<style>\/*! elementor - v3.11.5 - 14-03-2023 *\/\n.elementor-widget-text-editor.elementor-drop-cap-view-stacked .elementor-drop-cap{background-color:#818a91;color:#fff}.elementor-widget-text-editor.elementor-drop-cap-view-framed .elementor-drop-cap{color:#818a91;border:3px solid;background-color:transparent}.elementor-widget-text-editor:not(.elementor-drop-cap-view-default) .elementor-drop-cap{margin-top:8px}.elementor-widget-text-editor:not(.elementor-drop-cap-view-default) .elementor-drop-cap-letter{width:1em;height:1em}.elementor-widget-text-editor .elementor-drop-cap{float:left;text-align:center;line-height:1;font-size:50px}.elementor-widget-text-editor .elementor-drop-cap-letter{display:inline-block}<\/style>\t\t\t\t<p>Mit ca. 30 Personen war der erste B.I.O-Stammtisch gut besucht \u2013 von Mitgliedern sowie von B\u00fcrgerinnen und B\u00fcrgern, die an unserer Arbeit interessiert sind. <br>\u00dcber die Teilnahme auch von Klaus Hindrichs (CDU Glash\u00fctten) und Angelika R\u00f6hrer (SPD Glash\u00fctten) haben wir uns gefreut, zeigte dies doch, dass die Belange der Oberemser, denen wir eine Stimme geben m\u00f6chten, von den Gemeindevertretern und Parteien endlich ernst genommen werden.<\/p>\n<p>Nach Begr\u00fc\u00dfung und Einleitung durch die Vorstandsvorsitzende, Chantal Klemm, stellten sich zun\u00e4chst die anwesenden Mitglieder des gesch\u00e4ftsf\u00fchrenden Vorstandes des B.I.O. e.V. und das Presseteam vor.<\/p>\n<p>Dirk Trippe, stellvertretender Vorsitzender von B.I.O. e.V., berichtete \u00fcber die bisherigen Aktivit\u00e4ten, die Erstellung des ersten Flyers, die Gr\u00fcndung der B\u00fcrgerinitiative am 8.5.2022, die Teilnahme an der B\u00fcrgerversammlung am 18.5.2022, die offizielle Vereinsgr\u00fcndung am 23.05.2022, die Inbetriebnahme der B.I.O.-Webseite am 20.06.2022 sowie die Verteilung des zweiten Flyers in allen drei Ortsteilen von Glash\u00fctten. Vertreter von B.I.O. e.V. f\u00fchrten in den vergangenen Wochen zahlreiche Gespr\u00e4che, insbesondere mit \u00f6rtlichen Parteien und W\u00e4hlergemeinschaften, aber auch mit B\u00fcrgerinnen und B\u00fcrgern. Weiterhin ist es dem B.I.O. e.V. ein Anliegen, an den Gemeindevertretersitzungen teilzunehmen. Alle Mitglieder und interessierten B\u00fcrgerinnen und B\u00fcrger sind aufgerufen und eingeladen, sich ebenfalls an diesen Sitzungen zu beteiligen.<\/p>\n<p>Beate L\u00f6ber-Kieslich gab als Mitglied des Presse- und Social-Media-Teams von B.I.O. e.V. sodann eine \u00dcbersicht \u00fcber die bisherigen Presseartikel sowie die Aktivit\u00e4ten des Vereines auf Instagram und Facebook. Besonders hervorgehoben wurde die starke mediale Pr\u00e4senz, die in den vergangenen Wochen f\u00fcr eine \u00fcberregionale Aufmerksamkeit gesorgt hatte. <br>B.I.O. e.V. ist es n\u00e4mlich ein Kernanliegen, Oberems, dem kleinsten der drei Glash\u00fcttener Ortsteile, eine Stimme zu geben. Besonders stolz sind wir darauf, dass unser Verein inzwischen mehr als 210 Mitglieder z\u00e4hlt.<\/p>\n<p>Dann ging es in eine inhaltliche Diskussion zu den Themen des B.I.O. e.V., insbesondere zum Thema Gewerbegebiet Oberems. Erneut wurde deutlich, dass viele Oberemser B\u00fcrgerinnen und B\u00fcrger das geplante Gewerbegebiet ablehnen und \u00fcber die Vorgehensweise der Gemeinde Glash\u00fctten in der Vergangenheit emp\u00f6rt sind.<\/p>\n<p>B.I.O. e.V. betont ausdr\u00fccklich, dass der Verein nicht grunds\u00e4tzlich gegen neue Gewerbefl\u00e4chen ist. Vielmehr ist es uns ein Anliegen, die Entwicklung des \u00f6rtlichen Gewerbes bei konkreten Bedarfen zu unterst\u00fctzen, und zwar schon jetzt, nicht erst in ein paar Jahren, wobei B.I.O. konkretes Handeln des B\u00fcrgermeisters vermisst (wie z.B. Gespr\u00e4che mit Idstein wegen eines Fl\u00e4chentausches neben dem Getr\u00e4nkehandel in Glash\u00fctten; Gespr\u00e4che mit Hessenforst wegen einer kleinen Erweiterung der Fl\u00e4che hinter dem Rewe-Markt und Kl\u00e4rung der M\u00f6glichkeiten, im M\u00fchlweg in Oberems sozialen Wohnungsbau mit \u00f6rtlichem Gewerbe zu verbinden).<\/p>\n<p>Dagmar Bremora, Gr\u00fcndungsmitglied von B.I.O. e.V., gab einen umfangreichen Einblick sowie Informationen zum Regionalverband FrankfurtRheinMain.&nbsp;<br>Der Verbandsdirektor Thomas Horn wurde per Email von B.I.O. e.V. mit verschiedenen Fragen konfrontiert, um zu verstehen, wie es \u00fcberhaupt zu der Aufnahme des unseres Erachtens untragbaren Gewerbegebietes G9 in den Planentwurf des Regionalen Fl\u00e4chennutzungsplanes 2030 kommen konnte. Die Antworten dazu kamen rechtzeitig am Tag des ersten Stammtisches von B.I.O. e.V. und wurden vorgestellt.&nbsp;<br>Hier wurde noch einmal deutlich, dass die finale Entscheidung f\u00fcr die Aufstellung und Bebauung von Fl\u00e4chen nur mit mehrheitlichem Beschluss der Gemeindevertretung erfolgen kann und daf\u00fcr ein konkretes Erfordernis f\u00fcr die kommunale Eigenentwicklung bestehen muss.<br>F\u00fcr all dies besteht das gesetzliche Gebot des sparsamen und schonenden Umgangs mit Grund und Boden sowie des Vorrangs der Innenentwicklung. Sowohl Umweltbelange als auch der Taunus als sch\u00fctzenswerter Erholungsraum sollte dabei stets ber\u00fccksichtigt werden. B.I.O. e.V. betonte, es sich zur Aufgabe gemacht zu haben, die f\u00fcr solch tiefgreifende und endg\u00fcltige Entscheidungen zust\u00e4ndigen Gemeindevertreter eben hieran zu erinnern.<\/p>\n<p>Im Anschluss erl\u00e4uterte Vorstandsmitglied und Schriftf\u00fchrerin Karen Trippe die vielf\u00e4ltigen Aufgaben, die B.I.O. e.V. nun vor sich liegen sieht.<\/p>\n<p>Unter anderem ist B.I.O. e.V. \u00fcberzeugt, dass ein Gemeindeentwicklungskonzept vorrangig und verbindlich von B\u00fcrgerinnen und B\u00fcrgern der Gemeinde Glash\u00fctten entwickelt werden sollte, die mit den \u00f6rtlichen Gegebenheiten vertraut sind. B.I.O. e.V. hat der Gemeinde bereits angeboten hierbei mitwirken zu wollen. Die Bestrebungen der Gemeinde hingegen, f\u00fcr das Gemeindeentwicklungskonzept ein externes Planungsb\u00fcro (genannt wurde in der letzten Gemeindevertretersitzung die Firma Albert Speer&amp;Partner) zu beauftragen, sieht B.I.O. e.V. \u00e4u\u00dferst kritisch. Zum einen wird damit der Gemeindehaushalt unn\u00f6tig belastet, denn in so einer kleinen Gemeinde wie Glash\u00fctten sollte ein Entwicklungskonzept ohne fremde Hilfe erstellt werden k\u00f6nnen. Zum anderen und vor allem aber ist zu bef\u00fcrchten, dass ein externes Planungsb\u00fcro den Fokus auf Bebauungen und nicht auf dem Erhalt unserer Umwelt und unseres d\u00f6rflichen Charakters hat \u2013 mit dem Ergebnis, dass Glash\u00fctten weiter zugebaut und G9 verwirklicht wird.<\/p>\n<p>Zwischen den einzelnen Beitr\u00e4gen von B.I.O. e.V. wurde viel diskutiert, es wurden Meinungen ausgetauscht, Ideen angeh\u00f6rt und es wurde auch gelacht\u2026&nbsp;<\/p>\n<p>Wir bedanken uns bei allen Teilnehmerinnen und Teilnehmern und freuen uns schon auf den n\u00e4chsten Stammtisch. Einen Termin hierf\u00fcr werden wir demn\u00e4chst bekanntgeben.<\/p>\t\t\t\t\t\t<\/div>\n\t\t\t\t<\/div>\n\t\t\t\t\t<\/div>\n\t\t<\/div>\n\t\t\t\t\t\t\t<\/div>\n\t\t<\/section>\n\t\t\t\t\t\t\t<\/div>\n\t\t","protected":false},"excerpt":{"rendered":"<p>B.I.O.-Stammtisch am 27.07.2022 Mit ca. 30 Personen war der erste B.I.O-Stammtisch gut besucht \u2013 von Mitgliedern sowie von B\u00fcrgerinnen und B\u00fcrgern, die an unserer Arbeit interessiert sind. \u00dcber die Teilnahme auch von Klaus Hindrichs (CDU Glash\u00fctten) und Angelika R\u00f6hrer (SPD Glash\u00fctten) haben wir uns gefreut, zeigte dies doch, dass die Belange der Oberemser, denen wir &hellip;<\/p>\n<p class=\"read-more\"> <a class=\"\" href=\"https:\/\/www.bio-oberems.de\/index.php\/stammtisch-27-7-22\/\"> <span class=\"screen-reader-text\">Stammtisch 27.7.22<\/span> Weiterlesen &raquo;<\/a><\/p>\n","protected":false},"author":8,"featured_media":0,"parent":0,"menu_order":0,"comment_status":"closed","ping_status":"closed","template":"","meta":{"site-sidebar-layout":"no-sidebar","site-content-layout":"page-builder","ast-global-header-display":"","ast-main-header-display":"","ast-hfb-above-header-display":"","ast-hfb-below-header-display":"","ast-hfb-mobile-header-display":"","site-post-title":"disabled","ast-breadcrumbs-content":"","ast-featured-img":"disabled","footer-sml-layout":"","theme-transparent-header-meta":"","adv-header-id-meta":"","stick-header-meta":"","header-above-stick-meta":"","header-main-stick-meta":"","header-below-stick-meta":"","footnotes":""},"class_list":["post-2736","page","type-page","status-publish","hentry"],"_links":{"self":[{"href":"https:\/\/www.bio-oberems.de\/index.php\/wp-json\/wp\/v2\/pages\/2736","targetHints":{"allow":["GET"]}}],"collection":[{"href":"https:\/\/www.bio-oberems.de\/index.php\/wp-json\/wp\/v2\/pages"}],"about":[{"href":"https:\/\/www.bio-oberems.de\/index.php\/wp-json\/wp\/v2\/types\/page"}],"author":[{"embeddable":true,"href":"https:\/\/www.bio-oberems.de\/index.php\/wp-json\/wp\/v2\/users\/8"}],"replies":[{"embeddable":true,"href":"https:\/\/www.bio-oberems.de\/index.php\/wp-json\/wp\/v2\/comments?post=2736"}],"version-history":[{"count":16,"href":"https:\/\/www.bio-oberems.de\/index.php\/wp-json\/wp\/v2\/pages\/2736\/revisions"}],"predecessor-version":[{"id":3680,"href":"https:\/\/www.bio-oberems.de\/index.php\/wp-json\/wp\/v2\/pages\/2736\/revisions\/3680"}],"wp:attachment":[{"href":"https:\/\/www.bio-oberems.de\/index.php\/wp-json\/wp\/v2\/media?parent=2736"}],"curies":[{"name":"wp","href":"https:\/\/api.w.org\/{rel}","templated":true}]}}