{"id":2660,"date":"2022-07-28T16:05:19","date_gmt":"2022-07-28T14:05:19","guid":{"rendered":"https:\/\/www.bio-oberems.de\/?page_id=2660"},"modified":"2022-07-28T18:36:56","modified_gmt":"2022-07-28T16:36:56","slug":"koenigsteiner-woche-27-7-22","status":"publish","type":"page","link":"https:\/\/www.bio-oberems.de\/index.php\/koenigsteiner-woche-27-7-22\/","title":{"rendered":"K\u00f6nigsteiner Woche 27.7.22"},"content":{"rendered":"\t\t<div data-elementor-type=\"wp-page\" data-elementor-id=\"2660\" class=\"elementor elementor-2660\">\n\t\t\t\t\t\t\t\t\t<section class=\"elementor-section elementor-top-section elementor-element elementor-element-41016e5 elementor-section-boxed elementor-section-height-default elementor-section-height-default\" data-id=\"41016e5\" data-element_type=\"section\">\n\t\t\t\t\t\t<div class=\"elementor-container elementor-column-gap-default\">\n\t\t\t\t\t<div class=\"elementor-column elementor-col-100 elementor-top-column elementor-element elementor-element-271bffe\" data-id=\"271bffe\" data-element_type=\"column\">\n\t\t\t<div class=\"elementor-widget-wrap elementor-element-populated\">\n\t\t\t\t\t\t\t\t<div class=\"elementor-element elementor-element-95664ab elementor-widget elementor-widget-text-editor\" data-id=\"95664ab\" data-element_type=\"widget\" data-widget_type=\"text-editor.default\">\n\t\t\t\t<div class=\"elementor-widget-container\">\n\t\t\t<style>\/*! elementor - v3.11.5 - 14-03-2023 *\/\n.elementor-widget-text-editor.elementor-drop-cap-view-stacked .elementor-drop-cap{background-color:#818a91;color:#fff}.elementor-widget-text-editor.elementor-drop-cap-view-framed .elementor-drop-cap{color:#818a91;border:3px solid;background-color:transparent}.elementor-widget-text-editor:not(.elementor-drop-cap-view-default) .elementor-drop-cap{margin-top:8px}.elementor-widget-text-editor:not(.elementor-drop-cap-view-default) .elementor-drop-cap-letter{width:1em;height:1em}.elementor-widget-text-editor .elementor-drop-cap{float:left;text-align:center;line-height:1;font-size:50px}.elementor-widget-text-editor .elementor-drop-cap-letter{display:inline-block}<\/style>\t\t\t\t<p><a href=\"https:\/\/www.taunus-nachrichten.de\/glashuetten\/nachrichten\/oberems\/buergerinitiative-oberems-ev-kurs-id125445.html\" target=\"_blank\" rel=\"noopener\">K\u00f6nigsteiner Woche<\/a>, 27.07.2022, Seite 15 (<a href=\"https:\/\/www.bio-oberems.de\/wp-content\/uploads\/2022\/07\/220728_koenigsteiner_woche.pdf\" target=\"_blank\" rel=\"noopener\">pdf<\/a>)<\/p>\t\t\t\t\t\t<\/div>\n\t\t\t\t<\/div>\n\t\t\t\t\t<\/div>\n\t\t<\/div>\n\t\t\t\t\t\t\t<\/div>\n\t\t<\/section>\n\t\t\t\t<section class=\"elementor-section elementor-top-section elementor-element elementor-element-fa910e1 elementor-section-boxed elementor-section-height-default elementor-section-height-default\" data-id=\"fa910e1\" data-element_type=\"section\">\n\t\t\t\t\t\t<div class=\"elementor-container elementor-column-gap-default\">\n\t\t\t\t\t<div class=\"elementor-column elementor-col-100 elementor-top-column elementor-element elementor-element-1e358a2\" data-id=\"1e358a2\" data-element_type=\"column\">\n\t\t\t<div class=\"elementor-widget-wrap elementor-element-populated\">\n\t\t\t\t\t\t\t\t<div class=\"elementor-element elementor-element-7feb4ad elementor-widget elementor-widget-heading\" data-id=\"7feb4ad\" data-element_type=\"widget\" data-widget_type=\"heading.default\">\n\t\t\t\t<div class=\"elementor-widget-container\">\n\t\t\t<style>\/*! elementor - v3.11.5 - 14-03-2023 *\/\n.elementor-heading-title{padding:0;margin:0;line-height:1}.elementor-widget-heading .elementor-heading-title[class*=elementor-size-]>a{color:inherit;font-size:inherit;line-height:inherit}.elementor-widget-heading .elementor-heading-title.elementor-size-small{font-size:15px}.elementor-widget-heading .elementor-heading-title.elementor-size-medium{font-size:19px}.elementor-widget-heading .elementor-heading-title.elementor-size-large{font-size:29px}.elementor-widget-heading .elementor-heading-title.elementor-size-xl{font-size:39px}.elementor-widget-heading .elementor-heading-title.elementor-size-xxl{font-size:59px}<\/style><h1 class=\"elementor-heading-title elementor-size-default\">B\u00fcrgerinitiative Oberems e.V.\nist \u201eauf Kurs\u201c<\/h1>\t\t<\/div>\n\t\t\t\t<\/div>\n\t\t\t\t<div class=\"elementor-element elementor-element-14ca468 elementor-widget elementor-widget-text-editor\" data-id=\"14ca468\" data-element_type=\"widget\" data-widget_type=\"text-editor.default\">\n\t\t\t\t<div class=\"elementor-widget-container\">\n\t\t\t\t\t\t\t<p><strong>Oberems<\/strong> (kw) \u2013 Wenn die Verantwortlichen von B.I.O. e.V. (B\u00fcrgerinitiative Oberems) die vergangenen Wochen Revue passieren lassen, so stellen sie erfreut fest, dass sie mit ihrem Engagement in kurzer Zeit bereits viel erreicht haben. Aus einer Notsituation heraus gegr\u00fcndet, spiegele nun die stetig ansteigende Mitgliederzahl des Vereines (bereits \u00fcber 170 Mitglieder, Stand 15.7.2022) den Wert ihrer Arbeit wider und best\u00e4rke die Beteiligten darin, sich weiterhin konsequent f\u00fcr die gesamtgemeindliche Entwicklung von Glash\u00fctten, Schlo\u00dfborn und Oberems einzusetzen.<\/p><p>Verschiedene Ver\u00f6ffentlichungen in der Presse zeigten deutlich, dass B.I.O. e.V. bereits auf mehreren Ebenen eine Sensibilisierung gelungen sei, und dies sogar ortsteil\u00fcbergreifend. Gefreut haben sich die Verantwortlichen von B.I.O. e.V. auch dar\u00fcber, dass die SPD Glash\u00fctten das Thema Gewerbegebiet Oberems zeitnah aufgegriffen und zu einer Veranstaltung ins Alte Rathaus Oberems eingeladen hatte, um im direkten Gespr\u00e4ch mit den B\u00fcrgerinnen und B\u00fcrgern ein realistisches Stimmungsbild zu erhalten.<\/p><p>B.I.O. e.V. hatte bereits Anfang Juli ein Gespr\u00e4ch u.a. mit dem B\u00fcrgermeister gef\u00fchrt und zeigte dar\u00fcber hinaus Pr\u00e4senz bei der \u00f6ffentlichen Sitzung des Ausschusses f\u00fcr Umwelt, Bau und Infrastruktur der Gemeinde Glash\u00fctten (kurz: AUBI) am 6. Juli sowie am 8. Juli bei dem B\u00fcrgergespr\u00e4ch der SPD Glash\u00fctten.<\/p><p>B.I.O. e.V. habe den Beschluss des Gemeindevorstandes Glash\u00fctten begr\u00fc\u00dft, in dessen Folge Herr Ciesielski den Verbandsdirektor des Regionalverbandes Frankfurt-RheinMain, Herrn Horn, gebeten hat, die Planfl\u00e4che G9 (Gewerbegebiet Oberems) aus dem Regionalen Fl\u00e4chennutzungsplan (RegFNP) 2030 zustreichen.<\/p><p>Dies stelle in den Augen der Verantwortlichen zwar einen Schritt in die richtige Richtung dar, jedoch sei dadurch die Gefahr, dass der Regionalverband Frankfurt-Rhein-Main die Planfl\u00e4che G9 im Herbst 2024 beschlie\u00dft, nicht abgewendet. Denn trotz Forderung der Gemeinde Glash\u00fctten, die Gewerbefl\u00e4che G9 in Oberems aus dem RegFNP 2030 zu streichen, laufen im Regierungspr\u00e4sidium Hessen und beim Regionalverband Frankfurt-Rhein-Main die Planungen zum RegFNP erst einmal<br \/>weiter. Daher fordert B.I.O. e.V. als weiteres Zeichen, dass die Gemeindevertreter von Glash\u00fctten offiziell beschlie\u00dfen, die Bebauung des Gebietes G9 g\u00e4nzlich und dauerhaft auszuschlie\u00dfen, und zwar unabh\u00e4ngig von der endg\u00fcltigen Entscheidung des Regionalverbandes Frankfurt-Rhein-Main.<\/p><p>Im Gespr\u00e4ch mit dem B\u00fcrgermeister, an welchem auch der Vorsitzende des AUBI-Ausschusses teilnahm, sei dar\u00fcber hinaus auch die Weiterentwicklung der Gemeinde thematisiert worden. Hierzu habe B.I.O. e.V. explizit angeboten, eine Befragung der B\u00fcrgerinnen und B\u00fcrger Glash\u00fcttens aktiv zu unterst\u00fctzen.<\/p><p>Die Mitstreiter des Vereins sehen die Notwendigkeit einer breiten Beteiligung der B\u00fcrgerschaft von Glash\u00fctten bei diesem wichtigen Thema. Die Beauftragung eines externen Planungsb\u00fcros wie z.B. der Albert Speer + Partner GmbH, die von der CDU Glash\u00fctten in diesem Zusammenhang bei einer Gemeindevertretersitzung genannt wurde, sehen sie skeptisch.<\/p><p>Generell erachte B.I.O. e.V. die Wahrnehmung und Wahrung der Belange der einzelnen Ortsteile Oberems, Glash\u00fctten und Schlo\u00dfborn in der Gemeinde als sehr wichtig. Aus eben diesem Grund bef\u00fcrwortet der Verein die Einf\u00fchrung von Ortsbeir\u00e4ten in allen Ortsteilen Glash\u00fcttens und unterst\u00fctzt den entsprechenden Antrag der WGS.<\/p><p>Der Verein m\u00f6chte sich daf\u00fcr einsetzen, dass sich die Gemeinde Glash\u00fctten an ihrem eigenen Leitbild orientiert, welches im Rahmen des globalen Aktionsprogramms \u201eAgenda 21\u201c erarbeitet wurde, deren Ziel es war, soziale, \u00f6kologische und \u00f6konomische Handlungsempfehlungen f\u00fcr die Zukunft, besonders f\u00fcr das 21. Jahrhundert zu geben.<\/p><p>So wurden im Leitbild der Gemeinde Glash\u00fctten u.a. folgende Empfehlungen gegeben:\u201eWachstum und Bebauung geschehen entsprechend unserer d\u00f6rflichen Struktur und sind naturvertr\u00e4glich. Erholungsfl\u00e4chen werden bewahrt und verbessert. Bodenversiegelungen werden gering gehalten. Glash\u00fctten wird mit Trinkwasser aus eigenen Quellen versorgt \u2013 dies soll jetzt und in Zukunft so bleiben. Glash\u00fctten bewahrt seine unverwechselbare und besonders sch\u00fctzenswerte nat\u00fcrliche Umgebung inmitten des Naturparks Hochtaunus.\u201c<\/p><p>Die Verantwortlichen von B.I.O. e.V. fordern die aktuelle Kommunalpolitik auf, die wahren Sch\u00e4tze der Gemeinde Glash\u00fctten zu sch\u00fctzen und die autarke Wasserversorgung der Gemeinde weiterhin zu gew\u00e4hrleisten.<\/p>\t\t\t\t\t\t<\/div>\n\t\t\t\t<\/div>\n\t\t\t\t\t<\/div>\n\t\t<\/div>\n\t\t\t\t\t\t\t<\/div>\n\t\t<\/section>\n\t\t\t\t\t\t\t<\/div>\n\t\t","protected":false},"excerpt":{"rendered":"<p>K\u00f6nigsteiner Woche, 27.07.2022, Seite 15 (pdf) B\u00fcrgerinitiative Oberems e.V. ist \u201eauf Kurs\u201c Oberems (kw) \u2013 Wenn die Verantwortlichen von B.I.O. e.V. (B\u00fcrgerinitiative Oberems) die vergangenen Wochen Revue passieren lassen, so stellen sie erfreut fest, dass sie mit ihrem Engagement in kurzer Zeit bereits viel erreicht haben. Aus einer Notsituation heraus gegr\u00fcndet, spiegele nun die stetig &hellip;<\/p>\n<p class=\"read-more\"> <a class=\"\" href=\"https:\/\/www.bio-oberems.de\/index.php\/koenigsteiner-woche-27-7-22\/\"> <span class=\"screen-reader-text\">K\u00f6nigsteiner Woche 27.7.22<\/span> Weiterlesen &raquo;<\/a><\/p>\n","protected":false},"author":8,"featured_media":0,"parent":0,"menu_order":0,"comment_status":"closed","ping_status":"closed","template":"","meta":{"site-sidebar-layout":"no-sidebar","site-content-layout":"page-builder","ast-global-header-display":"","ast-main-header-display":"","ast-hfb-above-header-display":"","ast-hfb-below-header-display":"","ast-hfb-mobile-header-display":"","site-post-title":"disabled","ast-breadcrumbs-content":"","ast-featured-img":"disabled","footer-sml-layout":"","theme-transparent-header-meta":"","adv-header-id-meta":"","stick-header-meta":"","header-above-stick-meta":"","header-main-stick-meta":"","header-below-stick-meta":"","footnotes":""},"class_list":["post-2660","page","type-page","status-publish","hentry"],"_links":{"self":[{"href":"https:\/\/www.bio-oberems.de\/index.php\/wp-json\/wp\/v2\/pages\/2660","targetHints":{"allow":["GET"]}}],"collection":[{"href":"https:\/\/www.bio-oberems.de\/index.php\/wp-json\/wp\/v2\/pages"}],"about":[{"href":"https:\/\/www.bio-oberems.de\/index.php\/wp-json\/wp\/v2\/types\/page"}],"author":[{"embeddable":true,"href":"https:\/\/www.bio-oberems.de\/index.php\/wp-json\/wp\/v2\/users\/8"}],"replies":[{"embeddable":true,"href":"https:\/\/www.bio-oberems.de\/index.php\/wp-json\/wp\/v2\/comments?post=2660"}],"version-history":[{"count":31,"href":"https:\/\/www.bio-oberems.de\/index.php\/wp-json\/wp\/v2\/pages\/2660\/revisions"}],"predecessor-version":[{"id":2732,"href":"https:\/\/www.bio-oberems.de\/index.php\/wp-json\/wp\/v2\/pages\/2660\/revisions\/2732"}],"wp:attachment":[{"href":"https:\/\/www.bio-oberems.de\/index.php\/wp-json\/wp\/v2\/media?parent=2660"}],"curies":[{"name":"wp","href":"https:\/\/api.w.org\/{rel}","templated":true}]}}