{"id":2437,"date":"2022-07-12T10:21:00","date_gmt":"2022-07-12T08:21:00","guid":{"rendered":"https:\/\/www.bio-oberems.de\/?page_id=2437"},"modified":"2022-07-27T18:03:14","modified_gmt":"2022-07-27T16:03:14","slug":"spd-veranstaltung-am-8-7-22","status":"publish","type":"page","link":"https:\/\/www.bio-oberems.de\/index.php\/spd-veranstaltung-am-8-7-22\/","title":{"rendered":"SPD Veranstaltung am 8.7.22"},"content":{"rendered":"\t\t<div data-elementor-type=\"wp-page\" data-elementor-id=\"2437\" class=\"elementor elementor-2437\">\n\t\t\t\t\t\t\t\t\t<section class=\"elementor-section elementor-top-section elementor-element elementor-element-1c4fb99 elementor-section-boxed elementor-section-height-default elementor-section-height-default\" data-id=\"1c4fb99\" data-element_type=\"section\">\n\t\t\t\t\t\t<div class=\"elementor-container elementor-column-gap-default\">\n\t\t\t\t\t<div class=\"elementor-column elementor-col-100 elementor-top-column elementor-element elementor-element-635c77c\" data-id=\"635c77c\" data-element_type=\"column\">\n\t\t\t<div class=\"elementor-widget-wrap elementor-element-populated\">\n\t\t\t\t\t\t\t\t<div class=\"elementor-element elementor-element-35a171f elementor-widget elementor-widget-heading\" data-id=\"35a171f\" data-element_type=\"widget\" data-widget_type=\"heading.default\">\n\t\t\t\t<div class=\"elementor-widget-container\">\n\t\t\t<style>\/*! elementor - v3.11.5 - 14-03-2023 *\/\n.elementor-heading-title{padding:0;margin:0;line-height:1}.elementor-widget-heading .elementor-heading-title[class*=elementor-size-]>a{color:inherit;font-size:inherit;line-height:inherit}.elementor-widget-heading .elementor-heading-title.elementor-size-small{font-size:15px}.elementor-widget-heading .elementor-heading-title.elementor-size-medium{font-size:19px}.elementor-widget-heading .elementor-heading-title.elementor-size-large{font-size:29px}.elementor-widget-heading .elementor-heading-title.elementor-size-xl{font-size:39px}.elementor-widget-heading .elementor-heading-title.elementor-size-xxl{font-size:59px}<\/style><h1 class=\"elementor-heading-title elementor-size-default\">Bericht \u00fcber die SPD-Veranstaltung<\/h1>\t\t<\/div>\n\t\t\t\t<\/div>\n\t\t\t\t\t<\/div>\n\t\t<\/div>\n\t\t\t\t\t\t\t<\/div>\n\t\t<\/section>\n\t\t\t\t<section class=\"elementor-section elementor-top-section elementor-element elementor-element-61115fd elementor-section-boxed elementor-section-height-default elementor-section-height-default\" data-id=\"61115fd\" data-element_type=\"section\">\n\t\t\t\t\t\t<div class=\"elementor-container elementor-column-gap-default\">\n\t\t\t\t\t<div class=\"elementor-column elementor-col-100 elementor-top-column elementor-element elementor-element-c8ed898\" data-id=\"c8ed898\" data-element_type=\"column\">\n\t\t\t<div class=\"elementor-widget-wrap elementor-element-populated\">\n\t\t\t\t\t\t\t\t<div class=\"elementor-element elementor-element-7001d5b elementor-widget elementor-widget-text-editor\" data-id=\"7001d5b\" data-element_type=\"widget\" data-widget_type=\"text-editor.default\">\n\t\t\t\t<div class=\"elementor-widget-container\">\n\t\t\t<style>\/*! elementor - v3.11.5 - 14-03-2023 *\/\n.elementor-widget-text-editor.elementor-drop-cap-view-stacked .elementor-drop-cap{background-color:#818a91;color:#fff}.elementor-widget-text-editor.elementor-drop-cap-view-framed .elementor-drop-cap{color:#818a91;border:3px solid;background-color:transparent}.elementor-widget-text-editor:not(.elementor-drop-cap-view-default) .elementor-drop-cap{margin-top:8px}.elementor-widget-text-editor:not(.elementor-drop-cap-view-default) .elementor-drop-cap-letter{width:1em;height:1em}.elementor-widget-text-editor .elementor-drop-cap{float:left;text-align:center;line-height:1;font-size:50px}.elementor-widget-text-editor .elementor-drop-cap-letter{display:inline-block}<\/style>\t\t\t\t<p>Am 8.\u00a0Juli 2022 folgten ca. 60 B\u00fcrgerinnen und B\u00fcrger der Einladung der SPD zum \u201eB\u00fcrger(innen)gespr\u00e4ch\u201c im Alten Rathaus in Oberems. Thema war der hei\u00df diskutierte Vorentwurf zum Regionalen Fl\u00e4chennutzungsplan mit dem darin enthaltenen knapp 10 ha gro\u00dfen Gewerbegebiet G9 vor den Toren von Oberems. Den interessierten Teilnehmerinnen und Teilnehmern sollte mit dem Gespr\u00e4chsangebot der SPD die M\u00f6glichkeit gegeben werden, sich weiter zu informieren und ihre Meinung zu \u00e4u\u00dfern.<br \/>Die Veranstalter, Herr Marco Abb\u00e9 und Frau Angelika R\u00f6hrer, sahen sich bereits zu Beginn des Gespr\u00e4chs einer Vielzahl von Fragen rund um die damalige initiale Meldung der Fl\u00e4chen f\u00fcr den n\u00e4chsten Entwurf des regionalen Fl\u00e4chennutzungsplans (RegFNP) unter der Leitung der damaligen B\u00fcrgermeisterin Brigitte Bannenberg ausgesetzt. Alle anwesenden B\u00fcrgerinnen und B\u00fcrger sprachen sich ausnahmslos gegen das Gewerbegebiet G9 aus. Sie \u00e4u\u00dferten zudem ihr Unverst\u00e4ndnis \u00fcber die Planung als solche und \u00fcber die mangelnde Transparenz bis in das Jahr 2022 hinein.<br \/>Die beiden Vertreter der SPD erl\u00e4uterten zu Beginn der Veranstaltung, dass man sich in der Partei entschieden habe, zun\u00e4chst den B\u00fcrgerwillen zu erfragen, bevor man sich bez\u00fcglich dieses Vorhabens positioniere. Diesem Ziel sollte auch die Anberaumung des Gespr\u00e4chsangebots an diesem Abend dienen.<\/p><p>Einige der anwesenden B\u00fcrger verwiesen in diesem Zusammenhang auf die B\u00fcrgerversammlung vom 18.\u00a0Mai 2022, auf welcher der B\u00fcrgerwille bereits sehr deutlich vernommen werden konnte.<\/p><p>Die SPD stellte sich der weiteren intensiven Diskussion, in der Vertreter der B\u00fcrgerinitiative Oberems e.V. schlie\u00dflich einen formellen Beschluss der Gemeindevertreter Glash\u00fcttens anregten. Inhalt dieses Beschlusses sollte es sein, das geplante Gewerbegebiet G9 unabh\u00e4ngig von den weiteren Entscheidungen des Regionalverbands FrankfurtRheinMain in keinem Fall zur Bebauung zuzulassen.<\/p><p>Dies w\u00e4re aus der Sicht von B.I.O.\u00a0e.V. ein sehr wichtiges Zeichen f\u00fcr die betroffenen B\u00fcrgerinnen und B\u00fcrger und zudem ein klares Bekenntnis der Parteien gegen das geplante Gewerbegebiet.<br \/>Herr Abb\u00e9 und Frau R\u00f6hrer erkl\u00e4rten sich bereit, diesen Vorschlag seitens der SPD aufzugreifen und einen entsprechenden Antrag einzureichen. Auch die anwesenden Vertreter der W\u00e4hlergemeinschaft Schlo\u00dfborn (WGS) unterst\u00fctzten den Vorschlag. <br \/>Wir von B.I.O.\u00a0e.V. konnten an diesem Abend erneut feststellen, dass die Ablehnung des Gewerbegebietes G9 in Oberems umfassend und parteien\u00fcbergreifend ist. Wir hoffen, dass der B\u00fcrgerwille als ausschlaggebend f\u00fcr die weitere Vorgehensweise erachtet wird. Wir freuen uns \u00fcber diese Entwicklung und die Unterst\u00fctzung durch die SPD und die WGS.<\/p>\t\t\t\t\t\t<\/div>\n\t\t\t\t<\/div>\n\t\t\t\t\t<\/div>\n\t\t<\/div>\n\t\t\t\t\t\t\t<\/div>\n\t\t<\/section>\n\t\t\t\t\t\t\t<\/div>\n\t\t","protected":false},"excerpt":{"rendered":"<p>Bericht \u00fcber die SPD-Veranstaltung Am 8.\u00a0Juli 2022 folgten ca. 60 B\u00fcrgerinnen und B\u00fcrger der Einladung der SPD zum \u201eB\u00fcrger(innen)gespr\u00e4ch\u201c im Alten Rathaus in Oberems. Thema war der hei\u00df diskutierte Vorentwurf zum Regionalen Fl\u00e4chennutzungsplan mit dem darin enthaltenen knapp 10 ha gro\u00dfen Gewerbegebiet G9 vor den Toren von Oberems. Den interessierten Teilnehmerinnen und Teilnehmern sollte mit &hellip;<\/p>\n<p class=\"read-more\"> <a class=\"\" href=\"https:\/\/www.bio-oberems.de\/index.php\/spd-veranstaltung-am-8-7-22\/\"> <span class=\"screen-reader-text\">SPD Veranstaltung am 8.7.22<\/span> Weiterlesen &raquo;<\/a><\/p>\n","protected":false},"author":8,"featured_media":0,"parent":0,"menu_order":0,"comment_status":"closed","ping_status":"closed","template":"","meta":{"site-sidebar-layout":"no-sidebar","site-content-layout":"page-builder","ast-global-header-display":"","ast-main-header-display":"","ast-hfb-above-header-display":"","ast-hfb-below-header-display":"","ast-hfb-mobile-header-display":"","site-post-title":"disabled","ast-breadcrumbs-content":"","ast-featured-img":"disabled","footer-sml-layout":"","theme-transparent-header-meta":"","adv-header-id-meta":"","stick-header-meta":"","header-above-stick-meta":"","header-main-stick-meta":"","header-below-stick-meta":"","footnotes":""},"class_list":["post-2437","page","type-page","status-publish","hentry"],"_links":{"self":[{"href":"https:\/\/www.bio-oberems.de\/index.php\/wp-json\/wp\/v2\/pages\/2437","targetHints":{"allow":["GET"]}}],"collection":[{"href":"https:\/\/www.bio-oberems.de\/index.php\/wp-json\/wp\/v2\/pages"}],"about":[{"href":"https:\/\/www.bio-oberems.de\/index.php\/wp-json\/wp\/v2\/types\/page"}],"author":[{"embeddable":true,"href":"https:\/\/www.bio-oberems.de\/index.php\/wp-json\/wp\/v2\/users\/8"}],"replies":[{"embeddable":true,"href":"https:\/\/www.bio-oberems.de\/index.php\/wp-json\/wp\/v2\/comments?post=2437"}],"version-history":[{"count":28,"href":"https:\/\/www.bio-oberems.de\/index.php\/wp-json\/wp\/v2\/pages\/2437\/revisions"}],"predecessor-version":[{"id":2653,"href":"https:\/\/www.bio-oberems.de\/index.php\/wp-json\/wp\/v2\/pages\/2437\/revisions\/2653"}],"wp:attachment":[{"href":"https:\/\/www.bio-oberems.de\/index.php\/wp-json\/wp\/v2\/media?parent=2437"}],"curies":[{"name":"wp","href":"https:\/\/api.w.org\/{rel}","templated":true}]}}