{"id":2301,"date":"2022-07-05T14:53:12","date_gmt":"2022-07-05T12:53:12","guid":{"rendered":"https:\/\/www.bio-oberems.de\/?page_id=2301"},"modified":"2022-07-06T00:32:10","modified_gmt":"2022-07-05T22:32:10","slug":"gespraech-mit-dem-buergermeister-am-4-7-22","status":"publish","type":"page","link":"https:\/\/www.bio-oberems.de\/index.php\/gespraech-mit-dem-buergermeister-am-4-7-22\/","title":{"rendered":"Treffen mit dem B\u00fcrgermeister am 4.7.22"},"content":{"rendered":"\t\t<div data-elementor-type=\"wp-page\" data-elementor-id=\"2301\" class=\"elementor elementor-2301\">\n\t\t\t\t\t\t\t\t\t<section class=\"elementor-section elementor-top-section elementor-element elementor-element-38dd286 elementor-section-boxed elementor-section-height-default elementor-section-height-default\" data-id=\"38dd286\" data-element_type=\"section\">\n\t\t\t\t\t\t<div class=\"elementor-container elementor-column-gap-default\">\n\t\t\t\t\t<div class=\"elementor-column elementor-col-100 elementor-top-column elementor-element elementor-element-82d92e6\" data-id=\"82d92e6\" data-element_type=\"column\">\n\t\t\t<div class=\"elementor-widget-wrap elementor-element-populated\">\n\t\t\t\t\t\t\t\t<div class=\"elementor-element elementor-element-01737d8 elementor-widget elementor-widget-heading\" data-id=\"01737d8\" data-element_type=\"widget\" data-widget_type=\"heading.default\">\n\t\t\t\t<div class=\"elementor-widget-container\">\n\t\t\t<style>\/*! elementor - v3.11.5 - 14-03-2023 *\/\n.elementor-heading-title{padding:0;margin:0;line-height:1}.elementor-widget-heading .elementor-heading-title[class*=elementor-size-]>a{color:inherit;font-size:inherit;line-height:inherit}.elementor-widget-heading .elementor-heading-title.elementor-size-small{font-size:15px}.elementor-widget-heading .elementor-heading-title.elementor-size-medium{font-size:19px}.elementor-widget-heading .elementor-heading-title.elementor-size-large{font-size:29px}.elementor-widget-heading .elementor-heading-title.elementor-size-xl{font-size:39px}.elementor-widget-heading .elementor-heading-title.elementor-size-xxl{font-size:59px}<\/style><h1 class=\"elementor-heading-title elementor-size-default\">Bericht \u00fcber das Gespr\u00e4ch mit dem B\u00fcrgermeister am 04.07.2022<\/h1>\t\t<\/div>\n\t\t\t\t<\/div>\n\t\t\t\t\t<\/div>\n\t\t<\/div>\n\t\t\t\t\t\t\t<\/div>\n\t\t<\/section>\n\t\t\t\t<section class=\"elementor-section elementor-top-section elementor-element elementor-element-85608c8 elementor-section-boxed elementor-section-height-default elementor-section-height-default\" data-id=\"85608c8\" data-element_type=\"section\">\n\t\t\t\t\t\t<div class=\"elementor-container elementor-column-gap-default\">\n\t\t\t\t\t<div class=\"elementor-column elementor-col-100 elementor-top-column elementor-element elementor-element-bd27222\" data-id=\"bd27222\" data-element_type=\"column\">\n\t\t\t<div class=\"elementor-widget-wrap elementor-element-populated\">\n\t\t\t\t\t\t\t\t<div class=\"elementor-element elementor-element-80b1156 elementor-widget elementor-widget-text-editor\" data-id=\"80b1156\" data-element_type=\"widget\" data-widget_type=\"text-editor.default\">\n\t\t\t\t<div class=\"elementor-widget-container\">\n\t\t\t<style>\/*! elementor - v3.11.5 - 14-03-2023 *\/\n.elementor-widget-text-editor.elementor-drop-cap-view-stacked .elementor-drop-cap{background-color:#818a91;color:#fff}.elementor-widget-text-editor.elementor-drop-cap-view-framed .elementor-drop-cap{color:#818a91;border:3px solid;background-color:transparent}.elementor-widget-text-editor:not(.elementor-drop-cap-view-default) .elementor-drop-cap{margin-top:8px}.elementor-widget-text-editor:not(.elementor-drop-cap-view-default) .elementor-drop-cap-letter{width:1em;height:1em}.elementor-widget-text-editor .elementor-drop-cap{float:left;text-align:center;line-height:1;font-size:50px}.elementor-widget-text-editor .elementor-drop-cap-letter{display:inline-block}<\/style>\t\t\t\t<p>Am Abend des 04.07.2022 hatten drei Vertreter von B.I.O. e. V. (Chantal Klemm, Dagmar Bremora und Dirk Trippe) ein konstruktives, interessantes und angenehmes mehrst\u00fcndiges Gespr\u00e4ch mit Vertretern der Gemeinde, namentlich dem amtierenden B\u00fcrgermeister, Herrn Thomas Ciesielski, und dem Vorsitzenden des AUBI \u00a0(Ausschuss f\u00fcr Umwelt, Bau und Infrastruktur), Herrn J\u00fcrgen Staab. Anfangs waren auch noch anwesend Herr Hendrik Helfmann, Gemeindebrandinspektor, und Herr Andreas Kratz, Wehrf\u00fchrer von Oberems.<\/p><p>Zun\u00e4chst hat sich B.I.O e. V., insbesondere bei Herrn Helfmann und Herrn Kratz,\u00a0\u00fcber die aktuelle Ausstattung und die\u00a0Umsetzung\u00a0notwendiger \u00c4nderungen\u00a0bei\u00a0der Oberemser Feuerwehr informiert; auch Herr Staab hat\u00a0hierzu\u00a0sein Fachwissen und seine einschl\u00e4gigen Erfahrungen geteilt.<\/p><p>Im weiteren Verlauf des Gespr\u00e4ches\u00a0wurde \u00fcber die f\u00fcr Oberems angedachten Baufl\u00e4chen gesprochen \u2013 allen voran das Gewerbegebiet an der B8.<\/p><p>B.I.O. e.V. hat deutlich gemacht, dass die B\u00fcrgerinnen und B\u00fcrger von Oberems sich ob dieser Planungen sehr gro\u00dfe Sorgen machen und die zahlreichen Einw\u00e4nde und Bedenken aufgezeigt.\u00a0<br \/>Wir haben den B\u00fcrgermeister darauf hingewiesen, dass die meisten Oberemser B\u00fcrger in der B\u00fcrgerversammlung am 18. Mai 2022, auf die unsere B\u00fcrgerinitiative mit dem ersten Flyer aufmerksam gemacht hatte, ganz klar erkl\u00e4rt haben, dass sie dieses Gewerbegebiet uneingeschr\u00e4nkt ablehnen. B.I.O. e. V. hat Herrn Ciesielski und Herrn Staab aufgefordert, den Regionalverband zur Streichung dieser Fl\u00e4che aufzurufen \u2013 so, wie es der Gemeindevorstand bereits mit vier anderen Fl\u00e4chen praktiziert hat.<\/p><p>Herr Ciesielski gab zu erkennen, dass auch er dieses gro\u00dfe Gewerbegebiet dort nicht m\u00f6chte, die Bedenken der Oberemser B\u00fcrgerinnen und B\u00fcrger versteht und ernst nimmt.<\/p><p>Wir von B.I.O. e. V. haben zudem bekr\u00e4ftigt, dass auch wir das ortsans\u00e4ssige Gewerbe f\u00f6rdern wollen. Gerade aus diesem Grund sollten jetzt kurzfristig verf\u00fcgbare Optionen gepr\u00fcft werden, damit f\u00fcr lokale Gewerbetreibende zeitnahe L\u00f6sungen gefunden werden.<\/p><p>Schlie\u00dflich wurde auch \u00fcber die Notwendigkeit eines Wertstoffhofes\u00a0gesprochen.\u00a0B.I.O.\u00a0e. V. hat festgestellt, dass es vornehmlich um die Verbesserung der Abgabe von Gr\u00fcnschnitt und Elektroger\u00e4ten\u00a0geht. Beides\u00a0wurde bereits optimiert (die Abgabe von Gr\u00fcnschnitt durch den B\u00fcrgermeister, die Abgabe von Elektroger\u00e4ten durch das neue Elektro- und Elektronikger\u00e4te- Gesetz).<\/p><p>Es bleibt zu hoffen, dass auf die Worte nun auch Taten folgen. <strong>Wir sind guter Dinge, dass dieses Gespr\u00e4ch nur der Anfang eines langfristigen und konstruktiven Austausches war.<\/strong><\/p><p><strong>Wir bedanken uns bei den anwesenden Vertretern der Gemeinde (Herrn Ciesielksi und Herrn Staab) und der Feuerwehr (Herrn Helfmann und Herrn Kratz) f\u00fcr ihre Zeit!<\/strong><\/p>\t\t\t\t\t\t<\/div>\n\t\t\t\t<\/div>\n\t\t\t\t<div class=\"elementor-element elementor-element-8d6f913 elementor-widget elementor-widget-text-editor\" data-id=\"8d6f913\" data-element_type=\"widget\" data-widget_type=\"text-editor.default\">\n\t\t\t\t<div class=\"elementor-widget-container\">\n\t\t\t\t\t\t\t<p style=\"text-align: right;\">(05.07.2022)<\/p>\t\t\t\t\t\t<\/div>\n\t\t\t\t<\/div>\n\t\t\t\t\t<\/div>\n\t\t<\/div>\n\t\t\t\t\t\t\t<\/div>\n\t\t<\/section>\n\t\t\t\t\t\t\t<\/div>\n\t\t","protected":false},"excerpt":{"rendered":"<p>Bericht \u00fcber das Gespr\u00e4ch mit dem B\u00fcrgermeister am 04.07.2022 Am Abend des 04.07.2022 hatten drei Vertreter von B.I.O. e. V. (Chantal Klemm, Dagmar Bremora und Dirk Trippe) ein konstruktives, interessantes und angenehmes mehrst\u00fcndiges Gespr\u00e4ch mit Vertretern der Gemeinde, namentlich dem amtierenden B\u00fcrgermeister, Herrn Thomas Ciesielski, und dem Vorsitzenden des AUBI \u00a0(Ausschuss f\u00fcr Umwelt, Bau und &hellip;<\/p>\n<p class=\"read-more\"> <a class=\"\" href=\"https:\/\/www.bio-oberems.de\/index.php\/gespraech-mit-dem-buergermeister-am-4-7-22\/\"> <span class=\"screen-reader-text\">Treffen mit dem B\u00fcrgermeister am 4.7.22<\/span> Weiterlesen &raquo;<\/a><\/p>\n","protected":false},"author":8,"featured_media":0,"parent":0,"menu_order":0,"comment_status":"closed","ping_status":"closed","template":"","meta":{"site-sidebar-layout":"no-sidebar","site-content-layout":"page-builder","ast-global-header-display":"","ast-main-header-display":"","ast-hfb-above-header-display":"","ast-hfb-below-header-display":"","ast-hfb-mobile-header-display":"","site-post-title":"disabled","ast-breadcrumbs-content":"","ast-featured-img":"disabled","footer-sml-layout":"","theme-transparent-header-meta":"","adv-header-id-meta":"","stick-header-meta":"","header-above-stick-meta":"","header-main-stick-meta":"","header-below-stick-meta":"","footnotes":""},"class_list":["post-2301","page","type-page","status-publish","hentry"],"_links":{"self":[{"href":"https:\/\/www.bio-oberems.de\/index.php\/wp-json\/wp\/v2\/pages\/2301","targetHints":{"allow":["GET"]}}],"collection":[{"href":"https:\/\/www.bio-oberems.de\/index.php\/wp-json\/wp\/v2\/pages"}],"about":[{"href":"https:\/\/www.bio-oberems.de\/index.php\/wp-json\/wp\/v2\/types\/page"}],"author":[{"embeddable":true,"href":"https:\/\/www.bio-oberems.de\/index.php\/wp-json\/wp\/v2\/users\/8"}],"replies":[{"embeddable":true,"href":"https:\/\/www.bio-oberems.de\/index.php\/wp-json\/wp\/v2\/comments?post=2301"}],"version-history":[{"count":35,"href":"https:\/\/www.bio-oberems.de\/index.php\/wp-json\/wp\/v2\/pages\/2301\/revisions"}],"predecessor-version":[{"id":2351,"href":"https:\/\/www.bio-oberems.de\/index.php\/wp-json\/wp\/v2\/pages\/2301\/revisions\/2351"}],"wp:attachment":[{"href":"https:\/\/www.bio-oberems.de\/index.php\/wp-json\/wp\/v2\/media?parent=2301"}],"curies":[{"name":"wp","href":"https:\/\/api.w.org\/{rel}","templated":true}]}}