{"id":2161,"date":"2022-06-30T00:09:01","date_gmt":"2022-06-29T22:09:01","guid":{"rendered":"https:\/\/www.bio-oberems.de\/?page_id=2161"},"modified":"2022-06-30T11:32:56","modified_gmt":"2022-06-30T09:32:56","slug":"stellungnahme","status":"publish","type":"page","link":"https:\/\/www.bio-oberems.de\/index.php\/stellungnahme\/","title":{"rendered":"Stellungnahme"},"content":{"rendered":"\t\t<div data-elementor-type=\"wp-page\" data-elementor-id=\"2161\" class=\"elementor elementor-2161\">\n\t\t\t\t\t\t\t\t\t<section class=\"elementor-section elementor-top-section elementor-element elementor-element-47dd10d elementor-section-boxed elementor-section-height-default elementor-section-height-default\" data-id=\"47dd10d\" data-element_type=\"section\">\n\t\t\t\t\t\t<div class=\"elementor-container elementor-column-gap-default\">\n\t\t\t\t\t<div class=\"elementor-column elementor-col-100 elementor-top-column elementor-element elementor-element-00bbbae\" data-id=\"00bbbae\" data-element_type=\"column\">\n\t\t\t<div class=\"elementor-widget-wrap elementor-element-populated\">\n\t\t\t\t\t\t\t\t<div class=\"elementor-element elementor-element-50beaca elementor-widget elementor-widget-heading\" data-id=\"50beaca\" data-element_type=\"widget\" data-widget_type=\"heading.default\">\n\t\t\t\t<div class=\"elementor-widget-container\">\n\t\t\t<style>\/*! elementor - v3.11.5 - 14-03-2023 *\/\n.elementor-heading-title{padding:0;margin:0;line-height:1}.elementor-widget-heading .elementor-heading-title[class*=elementor-size-]>a{color:inherit;font-size:inherit;line-height:inherit}.elementor-widget-heading .elementor-heading-title.elementor-size-small{font-size:15px}.elementor-widget-heading .elementor-heading-title.elementor-size-medium{font-size:19px}.elementor-widget-heading .elementor-heading-title.elementor-size-large{font-size:29px}.elementor-widget-heading .elementor-heading-title.elementor-size-xl{font-size:39px}.elementor-widget-heading .elementor-heading-title.elementor-size-xxl{font-size:59px}<\/style><h2 class=\"elementor-heading-title elementor-size-default\">Stellungnahme zum <a href=\"https:\/\/www.bio-oberems.de\/index.php\/faz-28-06-22\/\">Artikel \"Gewerbe oder Getreide\"<\/a> aus der FAZ vom 28.06.2022<\/h2>\t\t<\/div>\n\t\t\t\t<\/div>\n\t\t\t\t<div class=\"elementor-element elementor-element-4b13a68 elementor-widget elementor-widget-text-editor\" data-id=\"4b13a68\" data-element_type=\"widget\" data-widget_type=\"text-editor.default\">\n\t\t\t\t<div class=\"elementor-widget-container\">\n\t\t\t<style>\/*! elementor - v3.11.5 - 14-03-2023 *\/\n.elementor-widget-text-editor.elementor-drop-cap-view-stacked .elementor-drop-cap{background-color:#818a91;color:#fff}.elementor-widget-text-editor.elementor-drop-cap-view-framed .elementor-drop-cap{color:#818a91;border:3px solid;background-color:transparent}.elementor-widget-text-editor:not(.elementor-drop-cap-view-default) .elementor-drop-cap{margin-top:8px}.elementor-widget-text-editor:not(.elementor-drop-cap-view-default) .elementor-drop-cap-letter{width:1em;height:1em}.elementor-widget-text-editor .elementor-drop-cap{float:left;text-align:center;line-height:1;font-size:50px}.elementor-widget-text-editor .elementor-drop-cap-letter{display:inline-block}<\/style>\t\t\t\t<p>Ja, auch dort wird \u00fcber unser Oberems und die geplante Zerst\u00f6rung unserer Natur berichtet.<\/p><p>Dieser Artikel enth\u00e4lt einige verst\u00f6rende Aussagen unseres B\u00fcrgermeisters Herrn Thomas Ciesielski, die er in einem Interview f\u00fcr diesen Artikel gegen\u00fcber der FAZ get\u00e4tigt hat:<\/p><ul><li><em>&#8222;Manche Glash\u00fcttener sagten ihm: &#8222;Mensch, eine Waschanlage oder ein Baumarkt an der B 8 w\u00e4re doch super.&#8220;<\/em> <br \/>Diese Aussage l\u00e4sst uns mit einem ausgesprochen unguten Gef\u00fchl zur\u00fcck, da sie unsere schlimmsten Vermutungen best\u00e4tigt: Kein Oberemser, mit dem wir gesprochen haben, w\u00fcnscht vor den Toren unseres Dorfes eine Autowaschanlage oder einen Baumarkt. Und nicht nur Oberemser sind best\u00fcrzt. Das w\u00e4re keineswegs die behutsame, nachhaltige Entwicklung der Gemeinde, der sich Herr Ciesielski ausdr\u00fccklich verpflichtet f\u00fchlt, und widerspricht dem so essentiellen Schutz unseres Klimas, der Umwelt und des Wassers. Au\u00dferdem gibt es schon einen Baustoffhandel und einen G\u00e4rtnereibetrieb in Glash\u00fctten, im Ortsteil Schlo\u00dfborn \u2013 warum sollten diese Fachbetriebe, zusammen mit den Baum\u00e4rkten in den nahegelegenen Orten Idstein und Bad Camberg, nicht auch weiterhin ausreichen?<\/li><li><em>\u201eCiesielski findet: Im Fall des Falles m\u00fcssten \u00c4cker weichen, deren Ertrag teilweise in Biogasanlagen lande.\u201c<br \/><\/em>Diese Aussage ist schlichtweg falsch. Wir haben dazu den Ortslandwirt von Oberems, Herrn Karlheinz L\u00f6ber, befragt, der eine derartige Nutzung, auch in der Vergangenheit, vehement verneint hat. Im \u00dcbrigen baut rund um Oberems kein Landwirt Mais an &#8211; die einzige Ackerfrucht, die f\u00fcr Biogas in Frage kommt. Zudem liegen die n\u00e4chsten Biogasanlagen viel zu weit entfernt und sind damit f\u00fcr die Landwirte absolut unrentabel.\u00a0<br \/>Wir wissen nicht, woher Herr Ciesielski diese falsche Information bezogen hat und empfinden den Ton, mit dem \u00fcber unsere lokale Landwirtschaft gesprochen wird, als unangemessen, ja geradezu abf\u00e4llig. Nicht zu vergessen (aber von der Gemeinde wohl doch immer wieder vergessen:) Auch unsere Landwirte sind lokale Gewerbetreibende, und das schon seit mehreren Generationen.<\/li><li>Interessant ist auch folgender Absatz aus dem Artikel der FAZ: <em>\u201eDie Gemeindevertreter, gew\u00e4hlt, um die Interessen der B\u00fcrger zu vertreten, haben ihm signalisiert, dass sie einige der 2019 gemeldeten Fl\u00e4chen als &#8222;toxisch&#8220; ablehnen w\u00fcrden, die f\u00fcr das Gewerbegebiet aber nicht. Also habe er den Regionalverband gebeten, die anderen Fl\u00e4chen aus dem Plan zu nehmen.\u201c <\/em><br \/>Wir freuen uns zwar, dass offenbar zumindest eine Teileinsicht erfolgt ist und Fl\u00e4chen gestrichen wurden. Was bleibt, ist jedoch die Frage: Wenn dieses Gewerbegebiet nicht toxisch ist \u2013 was dann?<\/li><\/ul><p>So zieht auch die FAZ ein, wie wir finden, trauriges Fazit: <em>\u201eAm Montag trifft er Vertreter von B.I.O. und will erkl\u00e4ren, warum er an den Pl\u00e4nen festh\u00e4lt.\u201c<\/em><\/p><p>Wir haben den Eindruck, dass nicht ansatzweise versucht wird, auf die B\u00fcrger zuzugehen und mit ihnen gemeinsam an einer L\u00f6sung zu arbeiten. Der Protest wird scheinbar ausgesessen. Dabei haben die B\u00fcrger von Oberems bei der B\u00fcrgerversammlung am 18.05.2022 Herrn Thomas Ciesielski und der Gemeindevertretung doch ganz klar gezeigt, dass sie das Gewerbegebiet ablehnen.<\/p><p>Herr Ciesielski, wir fordern Sie erneut auf: Gehen Sie endlich auf Oberems zu und ignorieren Sie nicht weiter die Belange eines ganzen Ortsteils.<br \/>Wir hoffen inst\u00e4ndig, dass das Gespr\u00e4ch mit Ihnen am 04.07.2022 entgegen Ihrer Ank\u00fcndigung wirklich von Gespr\u00e4chs- und L\u00f6sungsbereitschaft gepr\u00e4gt sein wird. Wir sind bereit daf\u00fcr.<\/p>\t\t\t\t\t\t<\/div>\n\t\t\t\t<\/div>\n\t\t\t\t\t<\/div>\n\t\t<\/div>\n\t\t\t\t\t\t\t<\/div>\n\t\t<\/section>\n\t\t\t\t\t\t\t<\/div>\n\t\t","protected":false},"excerpt":{"rendered":"<p>Stellungnahme zum Artikel &#8222;Gewerbe oder Getreide&#8220; aus der FAZ vom 28.06.2022 Ja, auch dort wird \u00fcber unser Oberems und die geplante Zerst\u00f6rung unserer Natur berichtet. Dieser Artikel enth\u00e4lt einige verst\u00f6rende Aussagen unseres B\u00fcrgermeisters Herrn Thomas Ciesielski, die er in einem Interview f\u00fcr diesen Artikel gegen\u00fcber der FAZ get\u00e4tigt hat: &#8222;Manche Glash\u00fcttener sagten ihm: &#8222;Mensch, eine &hellip;<\/p>\n<p class=\"read-more\"> <a class=\"\" href=\"https:\/\/www.bio-oberems.de\/index.php\/stellungnahme\/\"> <span class=\"screen-reader-text\">Stellungnahme<\/span> Weiterlesen &raquo;<\/a><\/p>\n","protected":false},"author":8,"featured_media":0,"parent":0,"menu_order":0,"comment_status":"closed","ping_status":"closed","template":"","meta":{"site-sidebar-layout":"no-sidebar","site-content-layout":"page-builder","ast-global-header-display":"","ast-main-header-display":"","ast-hfb-above-header-display":"","ast-hfb-below-header-display":"","ast-hfb-mobile-header-display":"","site-post-title":"disabled","ast-breadcrumbs-content":"","ast-featured-img":"disabled","footer-sml-layout":"","theme-transparent-header-meta":"","adv-header-id-meta":"","stick-header-meta":"","header-above-stick-meta":"","header-main-stick-meta":"","header-below-stick-meta":"","footnotes":""},"class_list":["post-2161","page","type-page","status-publish","hentry"],"_links":{"self":[{"href":"https:\/\/www.bio-oberems.de\/index.php\/wp-json\/wp\/v2\/pages\/2161","targetHints":{"allow":["GET"]}}],"collection":[{"href":"https:\/\/www.bio-oberems.de\/index.php\/wp-json\/wp\/v2\/pages"}],"about":[{"href":"https:\/\/www.bio-oberems.de\/index.php\/wp-json\/wp\/v2\/types\/page"}],"author":[{"embeddable":true,"href":"https:\/\/www.bio-oberems.de\/index.php\/wp-json\/wp\/v2\/users\/8"}],"replies":[{"embeddable":true,"href":"https:\/\/www.bio-oberems.de\/index.php\/wp-json\/wp\/v2\/comments?post=2161"}],"version-history":[{"count":23,"href":"https:\/\/www.bio-oberems.de\/index.php\/wp-json\/wp\/v2\/pages\/2161\/revisions"}],"predecessor-version":[{"id":2227,"href":"https:\/\/www.bio-oberems.de\/index.php\/wp-json\/wp\/v2\/pages\/2161\/revisions\/2227"}],"wp:attachment":[{"href":"https:\/\/www.bio-oberems.de\/index.php\/wp-json\/wp\/v2\/media?parent=2161"}],"curies":[{"name":"wp","href":"https:\/\/api.w.org\/{rel}","templated":true}]}}