{"id":1959,"date":"2022-06-23T16:04:21","date_gmt":"2022-06-23T14:04:21","guid":{"rendered":"https:\/\/www.bio-oberems.de\/?page_id=1959"},"modified":"2025-11-13T14:35:30","modified_gmt":"2025-11-13T13:35:30","slug":"aktuelles","status":"publish","type":"page","link":"https:\/\/www.bio-oberems.de\/index.php\/aktuelles\/","title":{"rendered":"Aktuelles"},"content":{"rendered":"\t\t<div data-elementor-type=\"wp-page\" data-elementor-id=\"1959\" class=\"elementor elementor-1959\">\n\t\t\t\t\t\t\t\t\t<section class=\"elementor-section elementor-top-section elementor-element elementor-element-b94985e elementor-section-boxed elementor-section-height-default elementor-section-height-default\" data-id=\"b94985e\" data-element_type=\"section\">\n\t\t\t\t\t\t<div class=\"elementor-container elementor-column-gap-default\">\n\t\t\t\t\t<div class=\"elementor-column elementor-col-100 elementor-top-column elementor-element elementor-element-18aef9a\" data-id=\"18aef9a\" data-element_type=\"column\">\n\t\t\t<div class=\"elementor-widget-wrap elementor-element-populated\">\n\t\t\t\t\t\t\t\t<div class=\"elementor-element elementor-element-8ea3268 elementor-widget elementor-widget-heading\" data-id=\"8ea3268\" data-element_type=\"widget\" data-widget_type=\"heading.default\">\n\t\t\t\t<div class=\"elementor-widget-container\">\n\t\t\t<style>\/*! elementor - v3.11.5 - 14-03-2023 *\/\n.elementor-heading-title{padding:0;margin:0;line-height:1}.elementor-widget-heading .elementor-heading-title[class*=elementor-size-]>a{color:inherit;font-size:inherit;line-height:inherit}.elementor-widget-heading .elementor-heading-title.elementor-size-small{font-size:15px}.elementor-widget-heading .elementor-heading-title.elementor-size-medium{font-size:19px}.elementor-widget-heading .elementor-heading-title.elementor-size-large{font-size:29px}.elementor-widget-heading .elementor-heading-title.elementor-size-xl{font-size:39px}.elementor-widget-heading .elementor-heading-title.elementor-size-xxl{font-size:59px}<\/style><h1 class=\"elementor-heading-title elementor-size-default\">Aktuelles von B.I.O. e.V.<\/h1>\t\t<\/div>\n\t\t\t\t<\/div>\n\t\t\t\t\t<\/div>\n\t\t<\/div>\n\t\t\t\t\t\t\t<\/div>\n\t\t<\/section>\n\t\t\t\t<section class=\"elementor-section elementor-top-section elementor-element elementor-element-06ffabf elementor-section-boxed elementor-section-height-default elementor-section-height-default\" data-id=\"06ffabf\" data-element_type=\"section\">\n\t\t\t\t\t\t<div class=\"elementor-container elementor-column-gap-default\">\n\t\t\t\t\t<div class=\"elementor-column elementor-col-100 elementor-top-column elementor-element elementor-element-275e9a5\" data-id=\"275e9a5\" data-element_type=\"column\">\n\t\t\t<div class=\"elementor-widget-wrap elementor-element-populated\">\n\t\t\t\t\t\t\t\t<div class=\"elementor-element elementor-element-200d0a8 elementor-widget elementor-widget-text-editor\" data-id=\"200d0a8\" data-element_type=\"widget\" data-widget_type=\"text-editor.default\">\n\t\t\t\t<div class=\"elementor-widget-container\">\n\t\t\t<style>\/*! elementor - v3.11.5 - 14-03-2023 *\/\n.elementor-widget-text-editor.elementor-drop-cap-view-stacked .elementor-drop-cap{background-color:#818a91;color:#fff}.elementor-widget-text-editor.elementor-drop-cap-view-framed .elementor-drop-cap{color:#818a91;border:3px solid;background-color:transparent}.elementor-widget-text-editor:not(.elementor-drop-cap-view-default) .elementor-drop-cap{margin-top:8px}.elementor-widget-text-editor:not(.elementor-drop-cap-view-default) .elementor-drop-cap-letter{width:1em;height:1em}.elementor-widget-text-editor .elementor-drop-cap{float:left;text-align:center;line-height:1;font-size:50px}.elementor-widget-text-editor .elementor-drop-cap-letter{display:inline-block}<\/style>\t\t\t\t<ul><li>13.11.2025 <b>Zeitungsartikel K\u00f6nigsteiner Woche<\/b> <a href=\"https:\/\/www.bio-oberems.de\/wp-content\/uploads\/2025\/11\/Zeitungsartikel_Koewo_13.11.2025.pdf\">&#8222;Quo vadis, Oberems?&#8220;<\/a><\/li><li>08.11.2025 B.I.O. <a href=\"https:\/\/www.bio-oberems.de\/wp-content\/uploads\/2025\/11\/Aktion_Oberems-als-neuer-Siedlungsschwerpunkt_8.11.2025.pdf\"><b>Infoveranstaltung<\/b><\/a>\u00a0&#8222;Oberems als neuer Siedlungsschwerpunkt&#8220;<\/li><li>23.10.2025 <strong>Mitgliederversammlung<\/strong><\/li><li style=\"font-size: 18px;\">23.08.2025 Teilnahme am <b>IKEK-Verfahren<\/b> (Zukunftswerkstatt)<\/li><li style=\"font-size: 18px;\">26.04.2025\u00a0<span style=\"font-weight: bold;\">BIO macht mit: &#8222;Aktion Saubere Landschaft-<\/span><span style=\"font-weight: bold;\">Waldreinigungsaktion<\/span>&#8222;<\/li><li style=\"font-size: 18px;\">20.03.2025 Teilnahme am IKEK (<b>integriertes kommunales Entwicklungskonzept)<\/b>-Verfahren (Auftaktveranstaltung)<\/li><li>08.03.2025 Artikel Taunuszeitung:<a href=\"https:\/\/www.bio-oberems.de\/wp-content\/uploads\/2025\/03\/Artikel_Taunuszeitung_08.03.2025.jpg\"><b> Die Oberemser &#8222;endlich zu Wort kommen lassen&#8220;<\/b><\/a><\/li><li>06.03.2025 Artikel K\u00f6nigsteiner Woche:<b> <a href=\"https:\/\/www.bio-oberems.de\/wp-content\/uploads\/2025\/03\/Koenigsteiner-Woche_Alte-Schule_03.2025-300x287.png\">&#8222;B.I.O. fragt die Oberemser: Was soll mit der Alten Schule geschehen?&#8220;<\/a><\/b><\/li><li>26.02.2025 <strong>B\u00fcrgerversammlung<\/strong> Thema:\u00a0 &#8222;Alte Schule Oberems&#8220;<\/li><li>12.12.2024 Artikel K\u00f6nigsteiner Woche: <a href=\"https:\/\/www.bio-oberems.de\/wp-content\/uploads\/2024\/12\/Weihnachtsmarkt_BIO_NABU.png\"><strong>BIO-Spende f\u00fcr NABU<\/strong><\/a><\/li><li>08.12.2024 <strong>BIO-Stand auf dem Weihnachtsmarkt<\/strong> in Oberems<\/li><li>30.10.2024 <strong>B.I.O-Stammtisch<\/strong><\/li><li>27.04.2024 <b>BIO macht mit: &#8222;Aktion Saubere Landschaft-<\/b><strong>Waldreinigungsaktion<\/strong>&#8222;<\/li><li>18.04.2024 Artikel K\u00f6nigsteiner Woche &#8222;<a href=\"https:\/\/www.bio-oberems.de\/wp-content\/uploads\/2024\/04\/Koenigsteiner-Woche-18.04.24.png\">Umweltorganisationen besorgt \u00fcber hohe Wasserverluste-Gemeinde Glash\u00fctten gefordert&#8220;<\/a><\/li><li>08.03.2024 Veranstaltung\u00a0<a href=\"https:\/\/www.bio-oberems.de\/wp-content\/uploads\/2024\/02\/Veranstaltung_08.03.2024_1-1.png\">Gemeinsam stark &#8211; Rote Karte gegen Fl\u00e4chenfra\u00df<\/a><\/li><li>15.02.2024 <strong>BIO Stammtisch<\/strong> mit Vortrag zur <strong>Gewerbegebietsmatrix<\/strong><\/li><li>15.02.2024 <strong>Jahresmitgliederversammlung<\/strong><\/li><li>25.01.2024 Artikel K\u00f6nigsteiner Woche\u00a0<a href=\"https:\/\/www.bio-oberems.de\/wp-content\/uploads\/2024\/04\/Stellungnahme-BIO-klaert-auf-was-nicht-gesagt-wird_4.2.24.png\">&#8222;BIO \u00e4u\u00dfert sich zum Gewerbegebiet&#8220;<\/a><\/li><li>23.01.2024 Stellungnahme\u00a0<a href=\"https:\/\/www.bio-oberems.de\/wp-content\/uploads\/2024\/04\/Stellungnahme-BIO-klaert-auf-was-nicht-gesagt-wird_4.2.24.png\">&#8222;BIO kl\u00e4rt auf was nicht gesagt wird&#8220;<\/a>\u00a0<\/li><li>06.01.2024 Artikel Taunuszeitung\u00a0<a href=\"https:\/\/www.bio-oberems.de\/wp-content\/uploads\/2024\/01\/Screenshot-2024-01-18-165800Kritik-an-moeglicher-Bodenversiegelung.jpg\">&#8222;Kritik an m\u00f6glicher Bodenversiegelung&#8220;<\/a><\/li><li>04.01.2024 Artikel K\u00f6nigsteiner Woche\u00a0<a href=\"https:\/\/www.bio-oberems.de\/wp-content\/uploads\/2024\/01\/koenigsteiner_woche_211223_BIO_Artikel-Seite-16.pdf\">&#8222;B\u00fcrgerinitiative kritisiert Planungen&#8220;<\/a><\/li><li>10.12.2023: <strong>Weihnachtsmarkt in Oberems &#8211; B.I.O. ist wieder mit Crepes dabei<\/strong><\/li><li>19.10.2023: K\u00f6nigsteiner Woche <a href=\"https:\/\/www.bio-oberems.de\/wp-content\/uploads\/2023\/11\/Artikel_Ko\u0308Wo_-19.10.23.pdf\">&#8222;B\u00fcrgerinitiative Oberems: Ist das Gewerbegebiet vom Tisch?&#8220;<\/a>\u00a0<\/li><li>28.09.2023: K\u00f6nigsteiner Woche\u00a0<a href=\"https:\/\/www.bio-oberems.de\/wp-content\/uploads\/2023\/10\/Artikel_Ko\u0308Wo_28.09.23-3.pdf\">&#8222;B.I.O.: Glash\u00fcttener B\u00fcrgerinnen und B\u00fcrger \u00e4u\u00dfern sich&#8220;<\/a><\/li><li>20.09.2023: <strong>3<\/strong>.\u00a0<strong>B.I.O. Stammtisch: Ver\u00f6ffentlichung der B.I.O.-Umfrage Glash\u00fcttener B\u00fcrgerinnen und B\u00fcrger<\/strong><\/li><li>24.05.2023: <strong>Unser Wasser &#8211; Perspektiven f\u00fcr Glash\u00fctten<\/strong> &#8211; Vortrag im B\u00fcrgersaal, Schlo\u00dfborner Weg 2A, 61479 Glash\u00fctten<\/li><li>06.05.2023 <strong>BIO macht bei der Waldreinigungsaktion<\/strong><\/li><li>09.02.2023: K\u00f6nigsteiner Woche: <a href=\"https:\/\/www.bio-oberems.de\/index.php\/stammtisch-1-2-23\/\">B.I.O. Stammtisch 2.0<\/a><\/li><li>28.01.2023: Taunus Zeitung: <a href=\"https:\/\/www.bio-oberems.de\/index.php\/taunus-zeitung-28-1-23\/\">\u201eLandschaftsbild nicht irreversibel zerst\u00f6ren\u201c<\/a><\/li><li>16.01.2023: Taunus Zeitung: <a href=\"https:\/\/www.bio-oberems.de\/index.php\/taunus-zeitung-16-1-23\/\">Tief entt\u00e4uschte B\u00fcrgerinitiative<\/a><\/li><li>12.01.2023: <a href=\"https:\/\/www.bio-oberems.de\/index.php\/aubi-11-1-23\/\">B.I.O. informiert: der Bericht \u00fcber die AUBI-Sitzung vom 11.01.2023<\/a><\/li><li>&gt; <a href=\"https:\/\/www.bio-oberems.de\/index.php\/aktivitaten\/\">weitere Aktivit\u00e4ten<\/a><\/li><\/ul><div>\u00a0<\/div><div>\u00a0<\/div><div>\u00a0<\/div>\t\t\t\t\t\t<\/div>\n\t\t\t\t<\/div>\n\t\t\t\t\t<\/div>\n\t\t<\/div>\n\t\t\t\t\t\t\t<\/div>\n\t\t<\/section>\n\t\t\t\t<section class=\"elementor-section elementor-top-section elementor-element elementor-element-fffdf99 elementor-section-boxed elementor-section-height-default elementor-section-height-default\" data-id=\"fffdf99\" data-element_type=\"section\">\n\t\t\t\t\t\t<div class=\"elementor-container elementor-column-gap-default\">\n\t\t\t\t\t<div class=\"elementor-column elementor-col-100 elementor-top-column elementor-element elementor-element-7699528\" data-id=\"7699528\" data-element_type=\"column\">\n\t\t\t<div class=\"elementor-widget-wrap elementor-element-populated\">\n\t\t\t\t\t\t\t\t<div class=\"elementor-element elementor-element-be02ea8 elementor-widget elementor-widget-heading\" data-id=\"be02ea8\" data-element_type=\"widget\" data-widget_type=\"heading.default\">\n\t\t\t\t<div class=\"elementor-widget-container\">\n\t\t\t<h2 class=\"elementor-heading-title elementor-size-default\">Kommende Termine<\/h2>\t\t<\/div>\n\t\t\t\t<\/div>\n\t\t\t\t\t<\/div>\n\t\t<\/div>\n\t\t\t\t\t\t\t<\/div>\n\t\t<\/section>\n\t\t\t\t<section class=\"elementor-section elementor-top-section elementor-element elementor-element-179b90f elementor-section-boxed elementor-section-height-default elementor-section-height-default\" data-id=\"179b90f\" data-element_type=\"section\">\n\t\t\t\t\t\t<div class=\"elementor-container elementor-column-gap-default\">\n\t\t\t\t\t<div class=\"elementor-column elementor-col-100 elementor-top-column elementor-element elementor-element-c8982f8\" data-id=\"c8982f8\" data-element_type=\"column\">\n\t\t\t<div class=\"elementor-widget-wrap elementor-element-populated\">\n\t\t\t\t\t\t\t\t<div class=\"elementor-element elementor-element-3615fce elementor-widget elementor-widget-heading\" data-id=\"3615fce\" data-element_type=\"widget\" data-widget_type=\"heading.default\">\n\t\t\t\t<div class=\"elementor-widget-container\">\n\t\t\t<h3 class=\"elementor-heading-title elementor-size-default\">Gemeindesitzungen:<\/h3>\t\t<\/div>\n\t\t\t\t<\/div>\n\t\t\t\t<div class=\"elementor-element elementor-element-4509630 elementor-widget elementor-widget-text-editor\" data-id=\"4509630\" data-element_type=\"widget\" data-widget_type=\"text-editor.default\">\n\t\t\t\t<div class=\"elementor-widget-container\">\n\t\t\t\t\t\t\t<p>(Die Tagesordnung wird ca. 2 Wochen vorher unter den jeweiligen Links von der Gemeinde eingestellt).<\/p><p>\u00a0<\/p><p>(<a href=\"https:\/\/www.gemeinde-glashuetten.de\/rathaus-politik\/verwaltung-gremienarbeit\/gremienarbeit\/sitzungstermine\/\" target=\"_blank\" rel=\"noopener\">Alle Sitzungstermine im Kalender der Gemeinde<\/a>)<\/p>\t\t\t\t\t\t<\/div>\n\t\t\t\t<\/div>\n\t\t\t\t\t<\/div>\n\t\t<\/div>\n\t\t\t\t\t\t\t<\/div>\n\t\t<\/section>\n\t\t\t\t\t\t\t<\/div>\n\t\t","protected":false},"excerpt":{"rendered":"<p>Aktuelles von B.I.O. e.V. 13.11.2025 Zeitungsartikel K\u00f6nigsteiner Woche &#8222;Quo vadis, Oberems?&#8220; 08.11.2025 B.I.O. Infoveranstaltung\u00a0&#8222;Oberems als neuer Siedlungsschwerpunkt&#8220; 23.10.2025 Mitgliederversammlung 23.08.2025 Teilnahme am IKEK-Verfahren (Zukunftswerkstatt) 26.04.2025\u00a0BIO macht mit: &#8222;Aktion Saubere Landschaft-Waldreinigungsaktion&#8220; 20.03.2025 Teilnahme am IKEK (integriertes kommunales Entwicklungskonzept)-Verfahren (Auftaktveranstaltung) 08.03.2025 Artikel Taunuszeitung: Die Oberemser &#8222;endlich zu Wort kommen lassen&#8220; 06.03.2025 Artikel K\u00f6nigsteiner Woche: &#8222;B.I.O. fragt die &hellip;<\/p>\n<p class=\"read-more\"> <a class=\"\" href=\"https:\/\/www.bio-oberems.de\/index.php\/aktuelles\/\"> <span class=\"screen-reader-text\">Aktuelles<\/span> Weiterlesen &raquo;<\/a><\/p>\n","protected":false},"author":8,"featured_media":0,"parent":0,"menu_order":0,"comment_status":"closed","ping_status":"closed","template":"","meta":{"site-sidebar-layout":"no-sidebar","site-content-layout":"page-builder","ast-global-header-display":"","ast-main-header-display":"","ast-hfb-above-header-display":"","ast-hfb-below-header-display":"","ast-hfb-mobile-header-display":"","site-post-title":"disabled","ast-breadcrumbs-content":"","ast-featured-img":"disabled","footer-sml-layout":"","theme-transparent-header-meta":"","adv-header-id-meta":"","stick-header-meta":"","header-above-stick-meta":"","header-main-stick-meta":"","header-below-stick-meta":"","footnotes":""},"class_list":["post-1959","page","type-page","status-publish","hentry"],"_links":{"self":[{"href":"https:\/\/www.bio-oberems.de\/index.php\/wp-json\/wp\/v2\/pages\/1959","targetHints":{"allow":["GET"]}}],"collection":[{"href":"https:\/\/www.bio-oberems.de\/index.php\/wp-json\/wp\/v2\/pages"}],"about":[{"href":"https:\/\/www.bio-oberems.de\/index.php\/wp-json\/wp\/v2\/types\/page"}],"author":[{"embeddable":true,"href":"https:\/\/www.bio-oberems.de\/index.php\/wp-json\/wp\/v2\/users\/8"}],"replies":[{"embeddable":true,"href":"https:\/\/www.bio-oberems.de\/index.php\/wp-json\/wp\/v2\/comments?post=1959"}],"version-history":[{"count":369,"href":"https:\/\/www.bio-oberems.de\/index.php\/wp-json\/wp\/v2\/pages\/1959\/revisions"}],"predecessor-version":[{"id":4160,"href":"https:\/\/www.bio-oberems.de\/index.php\/wp-json\/wp\/v2\/pages\/1959\/revisions\/4160"}],"wp:attachment":[{"href":"https:\/\/www.bio-oberems.de\/index.php\/wp-json\/wp\/v2\/media?parent=1959"}],"curies":[{"name":"wp","href":"https:\/\/api.w.org\/{rel}","templated":true}]}}